{"id":10269,"date":"2023-11-10T16:27:37","date_gmt":"2023-11-10T16:27:37","guid":{"rendered":"http:\/\/amigosdoweizmann.org.br\/stage\/?page_id=10269"},"modified":"2023-11-10T16:42:57","modified_gmt":"2023-11-10T16:42:57","slug":"a-window-into-the-future-2023-2024","status":"publish","type":"page","link":"https:\/\/amigosdoweizmann.org.br\/stage\/a-window-into-the-future-2023-2024\/","title":{"rendered":"A Window into the Future 2023-2024"},"content":{"rendered":"<div class=\"vce-row-container\" data-vce-boxed-width=\"true\"><div class=\"vce-row vce-row--col-gap-30 vce-row-equal-height vce-row-content--top\" id=\"el-33de8818\" data-vce-do-apply=\"all el-33de8818\"><div class=\"vce-row-content\" data-vce-element-content=\"true\"><div class=\"vce-col vce-col--md-auto vce-col--xs-1 vce-col--xs-last vce-col--xs-first vce-col--sm-last vce-col--sm-first vce-col--md-last vce-col--lg-last vce-col--xl-last vce-col--md-first vce-col--lg-first vce-col--xl-first\" id=\"el-d5f77962\"><div class=\"vce-col-inner\" data-vce-do-apply=\"border margin background  el-d5f77962\"><div class=\"vce-col-content\" data-vce-element-content=\"true\" data-vce-do-apply=\"padding el-d5f77962\"><div><\/div><\/div><\/div><\/div><\/div><\/div><\/div><div class=\"vce-row-container\" data-vce-boxed-width=\"true\"><div class=\"vce-row vce-row--col-gap-30 vce-row-equal-height vce-row-content--top\" id=\"el-4f2b8a83\" data-vce-do-apply=\"all el-4f2b8a83\"><div class=\"vce-row-content\" data-vce-element-content=\"true\"><div class=\"vce-col vce-col--md-15p vce-col--xs-1 vce-col--xs-last vce-col--xs-first vce-col--sm-last vce-col--sm-first vce-col--md-first vce-col--lg-first vce-col--xl-first\" id=\"el-20379506\"><div class=\"vce-col-inner\" data-vce-do-apply=\"border margin background  el-20379506\"><div class=\"vce-col-content\" data-vce-element-content=\"true\" data-vce-do-apply=\"padding el-20379506\"><div><\/div><\/div><\/div><\/div><div class=\"vce-col vce-col--md-70p vce-col--xs-1 vce-col--xs-last vce-col--xs-first vce-col--sm-last vce-col--sm-first\" id=\"el-ad7397de\"><div class=\"vce-col-inner\" data-vce-do-apply=\"border margin background  el-ad7397de\"><div class=\"vce-col-content\" data-vce-element-content=\"true\" data-vce-do-apply=\"padding el-ad7397de\"><div class=\"vce-text-block\"><div class=\"vce-text-block-wrapper vce\" id=\"el-6715dacf\" data-vce-do-apply=\"all el-6715dacf\"><h2><strong>\"A Window into the Future 2023-2024\" come\u00e7a no domingo dia 19 de novembro&nbsp;<\/strong><strong>\u00e0s 12h (hor\u00e1rio do Brasil).<\/strong><\/h2><p>Tem entre 15 e 25 anos? Gosta de ci\u00eancias? \u00c9 curioso ou curiosa? Tem um tempinho livre os domingos?<br><br>Voc\u00ea est\u00e1 convidada\/o a participar do&nbsp;<strong>Clube Internacional de Ci\u00eancias on-line<\/strong>&nbsp;do Instituto Weizmann de Ci\u00eancias, que est\u00e1 prestes a come\u00e7ar. &nbsp;<br><br>S\u00e3o 5 encontros: uma janela para o futuro, para ci\u00eancia de vanguarda, conversas com cientistas renomados e muita aprendizagem.<\/p><p><img loading=\"lazy\" class=\"wp-image-10271 alignleft\" src=\"https:\/\/amigosdoweizmann.org.br\/stage\/wp-content\/uploads\/2023\/11\/future.png\" alt=\"\" width=\"380\" height=\"227\" srcset=\"https:\/\/amigosdoweizmann.org.br\/stage\/wp-content\/uploads\/2023\/11\/future.png 646w, https:\/\/amigosdoweizmann.org.br\/stage\/wp-content\/uploads\/2023\/11\/future-768x458.png 768w, https:\/\/amigosdoweizmann.org.br\/stage\/wp-content\/uploads\/2023\/11\/future-320x191.png 320w, https:\/\/amigosdoweizmann.org.br\/stage\/wp-content\/uploads\/2023\/11\/future-480x286.png 480w, https:\/\/amigosdoweizmann.org.br\/stage\/wp-content\/uploads\/2023\/11\/future-800x478.png 800w\" sizes=\"(max-width: 380px) 100vw, 380px\" \/><strong>O que \u00e9<\/strong><br><strong>A Window into the Future<\/strong>&nbsp;apresenta aos participantes alguns dos estudos cient\u00edficos de ponta do Instituto Weizmann de Ci\u00eancias e permite interagir com os pesquisadores ao longo do programa. Os cientistas compartilham suas experi\u00eancias pessoais sobre a escolha de uma carreira cient\u00edfica, suas experi\u00eancias di\u00e1rias no laborat\u00f3rio, bem como os desafios que enfrentam como parte de seu trabalho.<br><br><strong>O que mais \u00e9<\/strong><br>Um grupo para discutir ideias e conceitos fascinantes em diferentes campos da ci\u00eancia, debater as grandes quest\u00f5es \u00e9ticas, e conversar quest\u00f5es relacionadas \u00e0s escolhas de vida em uma atmosfera baseada em ci\u00eancia, respeitosa e de mente aberta, que acolhe diversas ideias e pontos de vista.<br><br><strong>E tamb\u00e9m \u00e9<\/strong><br>Uma comunidade jovem internacional, multicultural e multidisciplinar.&nbsp;<strong>Um lugar onde a paix\u00e3o pela ci\u00eancia \u00e9 o terreno comum para intera\u00e7\u00f5es e comunica\u00e7\u00e3o<\/strong>.<br><br>The program is conducted in English, through 5 online meetings that take place on Sundays.<br><br><strong>Ser\u00e1 que vou entender do que eles falam?<\/strong><br>Antes de cada sess\u00e3o, o Weizmann fornece artigos, v\u00eddeos e apresenta\u00e7\u00f5es relacionados \u00e0 pesquisa realizada pelo cientista que voc\u00ea est\u00e1 prestes a conhecer.<br>&nbsp;<br><strong>Preciso pagar?<\/strong><br>N\u00e3oooooo!<br><br><strong>Posso convidar amigos\/as?<\/strong><br>Siiiim<\/p><p>&nbsp;<\/p><\/div><\/div><div class=\"vce-button--style-basic-container vce-button--style-basic-container--align-center\"><span class=\"vce-button--style-basic-wrapper vce\" id=\"el-739d1981\" data-vce-do-apply=\"margin el-739d1981\"><a class=\"vce-button vce-button--style-basic vce-button--style-basic--border-rounded vce-button--style-basic--size-large vce-button--style-basic--color-b-43-170-223--b-255-255-255\" href=\"https:\/\/davidson.weizmann.ac.il\/en\/programs\/window-future\" title=\"Formul\u00e1rio de Inscri\u00e7\u00e3o\" target=\"_blank\" data-vce-do-apply=\"padding border background  el-739d1981\" rel=\"noopener\">Formul\u00e1rio de Inscri\u00e7\u00e3o<\/a><\/span><\/div><div class=\"vce-text-block\"><div class=\"vce-text-block-wrapper vce\" id=\"el-70694ecd\" data-vce-do-apply=\"all el-70694ecd\"><h3><strong>Programa&nbsp;<\/strong><\/h3><p><strong>November 19th, 2023&nbsp;<\/strong>\u2013 Opening session with Prof. Michal Neeman, former VP of the Weizmann Institute of Science 2014-2019, Department of Immunology and Regenerative Biology, Faculty of Biology<\/p><p><strong>November 26th, 2023&nbsp;<\/strong>\u2013 Dr. Guy Nadel, lab of Prof. Rony Seger, Department of Immunology and Regenerative Biology, Faculty of Biology<br>Topic: \u201cNuclear translocation, an entry to cancer research\u201d<\/p><p><strong>December 17th, 2023&nbsp;<\/strong>\u2013 Dr. Francesco Greco, lab of Dr. Filipe Natalio, Scientific Archaeology Unit, Department of Plant and Environmental Sciences, Faculty of Biochemistry<br>Topic: \u201cAncient Life on Earth: Decoding molecular fossils\u201d<\/p><p><strong>January 14th, 2024<\/strong>&nbsp;\u2013 Ms. Gal Perlmoter, Lab of prof. Karina Yaniv, Department of Immunology and Regenerative Biology, Faculty of Biology<br>Topic: \u201cCardiac regeneration and the lymphatic system\u201d<\/p><p><strong>February 4th, 2024<\/strong>&nbsp;- Dr. Liat Ben David, General Director of the Davidson Institute of Science Education.<br>Topic: \u201cScience as a Pillar of Society: The case study of the Homo Sapiens\u201d<\/p><\/div><\/div><\/div><\/div><\/div><div class=\"vce-col vce-col--md-15p vce-col--xs-1 vce-col--xs-last vce-col--xs-first vce-col--sm-last vce-col--sm-first vce-col--md-last vce-col--lg-last vce-col--xl-last\" id=\"el-a3c07f40\"><div class=\"vce-col-inner\" data-vce-do-apply=\"border margin background  el-a3c07f40\"><div class=\"vce-col-content\" data-vce-element-content=\"true\" data-vce-do-apply=\"padding el-a3c07f40\"><div><\/div><\/div><\/div><\/div><\/div><\/div><\/div>","protected":false},"excerpt":{"rendered":"<p>&#8220;A Window into the Future 2023-2024&#8221; come\u00e7a no domingo dia 19 de novembro&nbsp;\u00e0s 12h (hor\u00e1rio do Brasil).Tem entre 15 e 25 anos? Gosta de ci\u00eancias? \u00c9 curioso ou curiosa? Tem um tempinho livre os domingos?Voc\u00ea est\u00e1 convidada\/o a participar do&nbsp;Clube Internacional de Ci\u00eancias on-line&nbsp;do Instituto Weizmann de Ci\u00eancias, que est\u00e1 prestes a come\u00e7ar. &nbsp;S\u00e3o 5 encontros: uma janela para o futuro, para ci\u00eancia de vanguarda, conversas com cientistas renomados e muita aprendizagem.O que \u00e9A Window into the Future&nbsp;apresenta aos participantes alguns dos estudos cient\u00edficos de ponta do Instituto Weizmann de Ci\u00eancias e permite interagir com os pesquisadores ao longo do programa. Os cientistas compartilham suas experi\u00eancias pessoais sobre a escolha de uma carreira cient\u00edfica, suas experi\u00eancias di\u00e1rias no laborat\u00f3rio, bem como os desafios que enfrentam como parte de seu trabalho.O que mais \u00e9Um grupo para discutir ideias e conceitos fascinantes em diferentes campos da ci\u00eancia, debater as grandes quest\u00f5es \u00e9ticas, e conversar quest\u00f5es relacionadas \u00e0s escolhas de vida em uma atmosfera baseada em ci\u00eancia, respeitosa e de mente aberta, que acolhe diversas ideias e pontos de vista.E tamb\u00e9m \u00e9Uma comunidade jovem internacional, multicultural e multidisciplinar.&nbsp;Um lugar onde a paix\u00e3o pela ci\u00eancia \u00e9 o terreno comum para intera\u00e7\u00f5es e comunica\u00e7\u00e3o.The program is conducted in English, through 5 online meetings that take place on Sundays.Ser\u00e1 que vou entender do que eles falam?Antes de cada sess\u00e3o, o Weizmann fornece artigos, v\u00eddeos e apresenta\u00e7\u00f5es relacionados \u00e0 pesquisa realizada pelo cientista que voc\u00ea est\u00e1 prestes a conhecer.&nbsp;Preciso pagar?N\u00e3oooooo!Posso convidar amigos\/as?Siiiim&nbsp;Formul\u00e1rio de Inscri\u00e7\u00e3oPrograma&nbsp;November 19th, 2023&nbsp;\u2013 Opening session with Prof. Michal Neeman, former VP of the Weizmann Institute of Science 2014-2019, Department of Immunology and Regenerative Biology, Faculty of BiologyNovember 26th, 2023&nbsp;\u2013 Dr. Guy Nadel, lab of Prof. Rony Seger, Department of Immunology and Regenerative Biology, Faculty of BiologyTopic: \u201cNuclear translocation, an entry to cancer research\u201dDecember 17th, 2023&nbsp;\u2013 Dr. Francesco Greco, lab of Dr. Filipe Natalio, Scientific Archaeology Unit, Department of Plant and Environmental Sciences, Faculty of BiochemistryTopic: \u201cAncient Life on Earth: Decoding molecular fossils\u201dJanuary 14th, 2024&nbsp;\u2013 Ms. Gal Perlmoter, Lab of prof. Karina Yaniv, Department of Immunology and Regenerative Biology, Faculty of BiologyTopic: \u201cCardiac regeneration and [&hellip;]<\/p>\n","protected":false},"author":2,"featured_media":0,"parent":0,"menu_order":0,"comment_status":"open","ping_status":"closed","template":"","meta":{"_monsterinsights_skip_tracking":false,"_monsterinsights_sitenote_active":false,"_monsterinsights_sitenote_note":"","_monsterinsights_sitenote_category":0},"aioseo_notices":[],"_links":{"self":[{"href":"https:\/\/amigosdoweizmann.org.br\/stage\/wp-json\/wp\/v2\/pages\/10269"}],"collection":[{"href":"https:\/\/amigosdoweizmann.org.br\/stage\/wp-json\/wp\/v2\/pages"}],"about":[{"href":"https:\/\/amigosdoweizmann.org.br\/stage\/wp-json\/wp\/v2\/types\/page"}],"author":[{"embeddable":true,"href":"https:\/\/amigosdoweizmann.org.br\/stage\/wp-json\/wp\/v2\/users\/2"}],"replies":[{"embeddable":true,"href":"https:\/\/amigosdoweizmann.org.br\/stage\/wp-json\/wp\/v2\/comments?post=10269"}],"version-history":[{"count":7,"href":"https:\/\/amigosdoweizmann.org.br\/stage\/wp-json\/wp\/v2\/pages\/10269\/revisions"}],"predecessor-version":[{"id":10279,"href":"https:\/\/amigosdoweizmann.org.br\/stage\/wp-json\/wp\/v2\/pages\/10269\/revisions\/10279"}],"wp:attachment":[{"href":"https:\/\/amigosdoweizmann.org.br\/stage\/wp-json\/wp\/v2\/media?parent=10269"}],"curies":[{"name":"wp","href":"https:\/\/api.w.org\/{rel}","templated":true}]}}