{"id":10284,"date":"2023-11-30T14:55:21","date_gmt":"2023-11-30T14:55:21","guid":{"rendered":"http:\/\/amigosdoweizmann.org.br\/stage\/?page_id=10284"},"modified":"2023-11-30T15:36:42","modified_gmt":"2023-11-30T15:36:42","slug":"institucional","status":"publish","type":"page","link":"https:\/\/amigosdoweizmann.org.br\/stage\/institucional\/","title":{"rendered":"Institucional"},"content":{"rendered":"<div class=\"vce-row-container\" data-vce-boxed-width=\"true\"><div class=\"vce-row vce-row--col-gap-30 vce-row-equal-height vce-row-content--top\" id=\"el-955fe237\" data-vce-do-apply=\"all el-955fe237\"><div class=\"vce-row-content\" data-vce-element-content=\"true\"><div class=\"vce-col vce-col--md-auto vce-col--xs-1 vce-col--xs-last vce-col--xs-first vce-col--sm-last vce-col--sm-first vce-col--md-last vce-col--lg-last vce-col--xl-last vce-col--md-first vce-col--lg-first vce-col--xl-first\" id=\"el-b05b396d\"><div class=\"vce-col-inner\" data-vce-do-apply=\"border margin background  el-b05b396d\"><div class=\"vce-col-content\" data-vce-element-content=\"true\" data-vce-do-apply=\"padding el-b05b396d\"><div class=\"vce-text-block\"><div class=\"vce-text-block-wrapper vce\" id=\"el-12c2ef93\" data-vce-do-apply=\"all el-12c2ef93\"><p><span style=\"color: #000000;\">[vc_row][vc_column][vc_column_text]<\/span><\/p><h2 style=\"text-align: center;\"><span style=\"color: #000000;\"><strong>SOBRE O INSTITUTO WEIZMANN DE CI\u00caNCIAS<\/strong><\/span><\/h2><p style=\"padding-left: 120px; text-align: center;\"><span style=\"color: #000000;\"><img loading=\"lazy\" class=\"alignnone size-full wp-image-2607\" src=\"https:\/\/amigosdoweizmann.org.br\/stage\/wp-content\/uploads\/2016\/04\/logo-weizmann-br-1.jpg\" alt=\"\" width=\"500\" height=\"100\" srcset=\"https:\/\/amigosdoweizmann.org.br\/stage\/wp-content\/uploads\/2016\/04\/logo-weizmann-br-1.jpg 500w, https:\/\/amigosdoweizmann.org.br\/stage\/wp-content\/uploads\/2016\/04\/logo-weizmann-br-1-768x153.jpg 768w\" sizes=\"(max-width: 500px) 100vw, 500px\" \/><\/span><\/p><p>[\/vc_row]&nbsp;<br><span style=\"color: #000000;\">[vc_row][vc_column width=\"2\/3\"][vc_column_text]<\/span><\/p><h2><span style=\"color: #000000;\"><strong>ORIGEM<\/strong><\/span><\/h2><p><span style=\"color: #000000;\">Foi fundado em 1934 por Chaim Weizmann.<\/span><\/p><p><span style=\"color: #000000;\">Como cientista, Weizmann patenteou descobertas sobre processos de fermenta\u00e7\u00e3o industrial e tamb\u00e9m se destacou como pessoa essencial da cria\u00e7\u00e3o do Estado de Israel, do qual foi o primeiro presidente. O lema do Instituto \u00e9 Ci\u00eancia em Benef\u00edcio da Humanidade: pesquisam para curar o c\u00e2ncer, tratar o Alzheimer, explorar o universo, otimizar recursos naturais e desenvolver tecnologias, entre muitas linhas de atua\u00e7\u00e3o. \u00c9 refer\u00eancia mundial em transfer\u00eancia de tecnologia, trazendo a curiosidade cient\u00edfica para a inova\u00e7\u00e3o: suas descobertas impactam a sa\u00fade, a tecnologia e o meio ambiente. De janeiro 2021 a Outubro 2022 foram concididas 138 patentes e registrados 72 new invention disclosures (documento para proteger a autoria de uma tecnologia).<\/span><\/p><h2>&nbsp;<\/h2><h2><span style=\"color: #000000;\"><strong>\u00c1REAS DE PESQUISA <\/strong><\/span><\/h2><p><span style=\"color: #000000;\">Possui 5 faculdades -Biologia, Bioqu\u00edmica, Qu\u00edmica, F\u00edsica e Matem\u00e1tica e Computa\u00e7\u00e3o, n\u00e3o possui gradua\u00e7\u00e3o, apenas cursos de metrado, doutorado, p\u00f3s-doutorado e outros - e 286 laborat\u00f3rios interdisciplinares que pesquisam ci\u00eancias b\u00e1sicas. Hoje seus principais projetos s\u00e3o C\u00e2ncer, Sustentabilidade, Intelig\u00eancia Artificial, Neuroci\u00eancias e Fronteiras do Universo. Nos \u00faltimos 5 anos, iniciaram-se 600 colabora\u00e7\u00f5es cient\u00edficas, com institui\u00e7\u00f5es como MIT, Caltech e Curie Institute.<\/span><\/p><h2>&nbsp;<\/h2><h2><span style=\"color: #000000;\"><strong>PR\u00caMIOS &amp; RANKING<\/strong><\/span><\/h2><p><span style=\"color: #000000;\">1 Pr\u00eamio Nobel, 3 Pr\u00eamios Turing, 35 Pr\u00eamios Wolf e 37 Pr\u00eamios Israel. Pela qualidade <span class=\"s1\">da sua investiga\u00e7\u00e3o, ocupa o <\/span>8\u00ba lugar no ranking de Leiden <span class=\"s2\">na Holanda (2020) <\/span>para a qualidade de pesquisa cientifica e <span class=\"s1\">o <\/span>2\u00ba lugar na Nature (2019).<\/span><\/p><h2>&nbsp;<\/h2><h2><span style=\"color: #000000;\"><strong>DIVERSIDADE <\/strong><\/span><\/h2><p><span style=\"color: #000000;\">O Instituto apoia o programa para o Desenvolvimento da Mulher nas Ci\u00eancias e o Departamento de Acessibilidade. Conta com professores, alunos e funcion\u00e1rios de 48 nacionalidades.<\/span><\/p><h2>&nbsp;<\/h2><h2 class=\"p1\"><span style=\"color: #000000;\"><strong>EDUCA\u00c7\u00c3O <\/strong><\/span><\/h2><p class=\"p1\"><span style=\"color: #000000;\">O <em><strong><a style=\"color: #000000;\" href=\"https:\/\/davidson.weizmann.ac.il\/en\" target=\"_blank\" rel=\"noopener\"><span class=\"s1\">Davidson Institute <\/span><\/a><\/strong><\/em>\u00e9 o bra\u00e7o educacional do Weizmann e promove mais de 70 programas educacionais para 350 mil pessoas.<\/span><\/p><p><span style=\"color: #000000;\"><a style=\"color: #000000;\" href=\"https:\/\/amigosdoweizmann.org.br\/stage\/wp-content\/uploads\/2023\/11\/resumo.png\"><img loading=\"lazy\" class=\"size-full wp-image-10289 aligncenter\" src=\"https:\/\/amigosdoweizmann.org.br\/stage\/wp-content\/uploads\/2023\/11\/resumo.png\" alt=\"\" width=\"1288\" height=\"706\" srcset=\"https:\/\/amigosdoweizmann.org.br\/stage\/wp-content\/uploads\/2023\/11\/resumo.png 1288w, https:\/\/amigosdoweizmann.org.br\/stage\/wp-content\/uploads\/2023\/11\/resumo-768x420.png 768w, https:\/\/amigosdoweizmann.org.br\/stage\/wp-content\/uploads\/2023\/11\/resumo-320x175.png 320w, https:\/\/amigosdoweizmann.org.br\/stage\/wp-content\/uploads\/2023\/11\/resumo-480x263.png 480w, https:\/\/amigosdoweizmann.org.br\/stage\/wp-content\/uploads\/2023\/11\/resumo-800x438.png 800w\" sizes=\"(max-width: 1288px) 100vw, 1288px\" \/><\/a><\/span><\/p><p><span style=\"color: #000000;\">[\/vc_column_text][\/vc_column][vc_column width=\"1\/3\" css=\".vc_custom_1492031859496{margin-top: 70px !important;}\"][vc_column_text]<\/span><\/p><p>Links relevantes:<\/p><p class=\"p2\"><span style=\"color: #000000;\"><span class=\"s1\">\u2022 <\/span><em><a style=\"color: #000000;\" href=\"https:\/\/donate.weizmann-usa.org\/support-science\" target=\"_blank\" rel=\"noopener\">Weizmann Institute of Science<\/a><\/em><\/span><\/p><p class=\"p1\"><span style=\"color: #000000;\"><em>\u2022 <a style=\"color: #000000;\" href=\"https:\/\/www.weizmann.ac.il\/impact-report\/\" target=\"_blank\" rel=\"noopener\">Impact Report 2022<\/a><\/em><\/span><\/p><p class=\"p1\"><span style=\"color: #000000;\"><em>\u2022 <a style=\"color: #000000;\" href=\"https:\/\/wis-wander.weizmann.ac.il\/about\/facts-figures\" target=\"_blank\" rel=\"noopener\">Facts &amp; Figures<\/a><\/em><\/span><\/p><p class=\"p1\"><span style=\"color: #000000;\">\u2022 <em><a style=\"color: #000000;\" href=\"http:\/\/amigosdoweizmann.org.br\/stage\/\" target=\"_blank\" rel=\"noopener\">Associa\u00e7\u00e3o de Amigos do Instituto Weizmann do Brasil<\/a><\/em><\/span><\/p><h3 class=\"p1\"><span style=\"color: #000000;\"><strong><br>Alguns v\u00eddeos institucionais:<\/strong><\/span><\/h3><p class=\"p1\"><span style=\"color: #000000;\"><em>\u2022 <a style=\"color: #000000;\" href=\"https:\/\/www.weizmann-usa.org\/news-media\/video-gallery\/limitless-fulfilling-the-potential-of-the-human-brain\/\" target=\"_blank\" rel=\"noopener\">Sobre neuroci\u00eancias: Limitless<\/a><\/em><\/span><\/p><p class=\"p1\"><span style=\"color: #000000;\"><em>\u2022 <a style=\"color: #000000;\" href=\"https:\/\/www.weizmann-usa.org\/news-media\/video-gallery\/a-sustainable-future-our-vision\/\" target=\"_blank\" rel=\"noopener\">Sobre sustentabilidade: Sustainability<\/a><\/em><\/span><\/p><p class=\"p1\"><span style=\"color: #000000;\"><em>\u2022 <a style=\"color: #000000;\" href=\"https:\/\/www.weizmann-usa.org\/news-media\/video-gallery\/24-hours-of-the-weizmann-institute-of-science\/\" target=\"_blank\" rel=\"noopener\">Geral: 24 hours at the Weizmann Institute<\/a><\/em><\/span><\/p><p><span style=\"color: #000000;\">[\/vc_column_text][\/vc_column][\/vc_row]<\/span><\/p><\/div><\/div><\/div><\/div><\/div><\/div><\/div><\/div>\n","protected":false},"excerpt":{"rendered":"<p>[vc_row][vc_column][vc_column_text]SOBRE O INSTITUTO WEIZMANN DE CI\u00caNCIAS[\/vc_row]&nbsp;[vc_row][vc_column width=&#8221;2\/3&#8243;][vc_column_text]ORIGEMFoi fundado em 1934 por Chaim Weizmann.Como cientista, Weizmann patenteou descobertas sobre processos de fermenta\u00e7\u00e3o industrial e tamb\u00e9m se destacou como pessoa essencial da cria\u00e7\u00e3o do Estado de Israel, do qual foi o primeiro presidente. O lema do Instituto \u00e9 Ci\u00eancia em Benef\u00edcio da Humanidade: pesquisam para curar o c\u00e2ncer, tratar o Alzheimer, explorar o universo, otimizar recursos naturais e desenvolver tecnologias, entre muitas linhas de atua\u00e7\u00e3o. \u00c9 refer\u00eancia mundial em transfer\u00eancia de tecnologia, trazendo a curiosidade cient\u00edfica para a inova\u00e7\u00e3o: suas descobertas impactam a sa\u00fade, a tecnologia e o meio ambiente. De janeiro 2021 a Outubro 2022 foram concididas 138 patentes e registrados 72 new invention disclosures (documento para proteger a autoria de uma tecnologia).&nbsp;\u00c1REAS DE PESQUISA Possui 5 faculdades -Biologia, Bioqu\u00edmica, Qu\u00edmica, F\u00edsica e Matem\u00e1tica e Computa\u00e7\u00e3o, n\u00e3o possui gradua\u00e7\u00e3o, apenas cursos de metrado, doutorado, p\u00f3s-doutorado e outros &#8211; e 286 laborat\u00f3rios interdisciplinares que pesquisam ci\u00eancias b\u00e1sicas. Hoje seus principais projetos s\u00e3o C\u00e2ncer, Sustentabilidade, Intelig\u00eancia Artificial, Neuroci\u00eancias e Fronteiras do Universo. Nos \u00faltimos 5 anos, iniciaram-se 600 colabora\u00e7\u00f5es cient\u00edficas, com institui\u00e7\u00f5es como MIT, Caltech e Curie Institute.&nbsp;PR\u00caMIOS &amp; RANKING1 Pr\u00eamio Nobel, 3 Pr\u00eamios Turing, 35 Pr\u00eamios Wolf e 37 Pr\u00eamios Israel. Pela qualidade da sua investiga\u00e7\u00e3o, ocupa o 8\u00ba lugar no ranking de Leiden na Holanda (2020) para a qualidade de pesquisa cientifica e o 2\u00ba lugar na Nature (2019).&nbsp;DIVERSIDADE O Instituto apoia o programa para o Desenvolvimento da Mulher nas Ci\u00eancias e o Departamento de Acessibilidade. Conta com professores, alunos e funcion\u00e1rios de 48 nacionalidades.&nbsp;EDUCA\u00c7\u00c3O O Davidson Institute \u00e9 o bra\u00e7o educacional do Weizmann e promove mais de 70 programas educacionais para 350 mil pessoas.[\/vc_column_text][\/vc_column][vc_column width=&#8221;1\/3&#8243; css=&#8221;.vc_custom_1492031859496{margin-top: 70px !important;}&#8221;][vc_column_text]Links relevantes:\u2022 Weizmann Institute of Science\u2022 Impact Report 2022\u2022 Facts &amp; Figures\u2022 Associa\u00e7\u00e3o de Amigos do Instituto Weizmann do BrasilAlguns v\u00eddeos institucionais:\u2022 Sobre neuroci\u00eancias: Limitless\u2022 Sobre sustentabilidade: Sustainability\u2022 Geral: 24 hours at the Weizmann Institute[\/vc_column_text][\/vc_column][\/vc_row]<\/p>\n","protected":false},"author":2,"featured_media":0,"parent":0,"menu_order":0,"comment_status":"closed","ping_status":"closed","template":"","meta":{"_monsterinsights_skip_tracking":false,"_monsterinsights_sitenote_active":false,"_monsterinsights_sitenote_note":"","_monsterinsights_sitenote_category":0},"aioseo_notices":[],"_links":{"self":[{"href":"https:\/\/amigosdoweizmann.org.br\/stage\/wp-json\/wp\/v2\/pages\/10284"}],"collection":[{"href":"https:\/\/amigosdoweizmann.org.br\/stage\/wp-json\/wp\/v2\/pages"}],"about":[{"href":"https:\/\/amigosdoweizmann.org.br\/stage\/wp-json\/wp\/v2\/types\/page"}],"author":[{"embeddable":true,"href":"https:\/\/amigosdoweizmann.org.br\/stage\/wp-json\/wp\/v2\/users\/2"}],"replies":[{"embeddable":true,"href":"https:\/\/amigosdoweizmann.org.br\/stage\/wp-json\/wp\/v2\/comments?post=10284"}],"version-history":[{"count":22,"href":"https:\/\/amigosdoweizmann.org.br\/stage\/wp-json\/wp\/v2\/pages\/10284\/revisions"}],"predecessor-version":[{"id":10310,"href":"https:\/\/amigosdoweizmann.org.br\/stage\/wp-json\/wp\/v2\/pages\/10284\/revisions\/10310"}],"wp:attachment":[{"href":"https:\/\/amigosdoweizmann.org.br\/stage\/wp-json\/wp\/v2\/media?parent=10284"}],"curies":[{"name":"wp","href":"https:\/\/api.w.org\/{rel}","templated":true}]}}