{"id":10563,"date":"2025-02-16T21:42:43","date_gmt":"2025-02-16T21:42:43","guid":{"rendered":"https:\/\/amigosdoweizmann.org.br\/stage\/?page_id=10563"},"modified":"2025-03-10T23:42:35","modified_gmt":"2025-03-10T23:42:35","slug":"processo-seletivo-2025","status":"publish","type":"page","link":"https:\/\/amigosdoweizmann.org.br\/stage\/escola-de-verao\/processo-seletivo-2025\/","title":{"rendered":"Processo Seletivo 2025"},"content":{"rendered":"<div class=\"vce-row-container\" data-vce-boxed-width=\"true\"><div class=\"vce-row vce-row--col-gap-30 vce-row-equal-height vce-row-content--top\" id=\"el-7fb5193d\" data-vce-do-apply=\"all el-7fb5193d\"><div class=\"vce-row-content\" data-vce-element-content=\"true\"><div class=\"vce-col vce-col--md-auto vce-col--xs-1 vce-col--xs-last vce-col--xs-first vce-col--sm-last vce-col--sm-first vce-col--md-last vce-col--lg-last vce-col--xl-last vce-col--md-first vce-col--lg-first vce-col--xl-first\" id=\"el-1fea3556\"><div class=\"vce-col-inner\" data-vce-do-apply=\"border margin background  el-1fea3556\"><div class=\"vce-col-content\" data-vce-element-content=\"true\" data-vce-do-apply=\"padding el-1fea3556\"><div class=\"vce-text-block\"><div class=\"vce-text-block-wrapper vce\" id=\"el-d691a9b6\" data-vce-do-apply=\"all el-d691a9b6\"><div class=\"wpb_wrapper\"><p>O programa acontecer\u00e1 de <strong>1 a 24 de julho de 2025<\/strong> no campus do Instituto Weizmann de Ci\u00eancias, em&nbsp;Rehovot, Israel.<\/p><p>Este ano ser\u00e3o concedidas quatro bolsas integrais (financiadas pelo Grupo dos Amigos do Weizmann do Brasil, cobrindo: viagem, estadia e taxas de atividades), sendo uma para um estudante da Febrace e tr\u00eas para estudantes selecionados pelo processo de sele\u00e7\u00e3o geral.<\/p><p><strong>Requisitos para participa\u00e7\u00e3o<\/strong><br>- Idade entre 18 e 21 anos<br>- Ensino m\u00e9dio conclu\u00eddo<br>- Dom\u00ednio de ingl\u00eas (essencial)<\/p><p><strong>Processo Seletivo:<\/strong><\/p><p><strong>Fase 1<\/strong>&nbsp;\u2013 Preenchimento e envio do&nbsp;formul\u00e1rio <span style=\"color: #99ccff;\"><em><strong><a style=\"color: #99ccff;\" href=\"https:\/\/amigosdoweizmann.org.br\/stage\/inscricoes-2025\"><span style=\"color: #00ccff;\">formul\u00e1rio online &nbsp;<\/span><\/a><\/strong><\/em><\/span>online no nosso site \u2013 data limite: <strong>16 de mar\u00e7o de 2025 (at\u00e9 23h59min)<\/strong>. Os candidatos recomendados para a segunda fase receber\u00e3o convoca\u00e7\u00e3o por&nbsp;<strong>e-mail ou telefone.<\/strong><\/p><\/div><p><strong>Fase 2<\/strong>&nbsp;\u2013&nbsp;Entrevista presencial ou online&nbsp;no dia&nbsp;<strong>30 de mar\u00e7o de 2025<\/strong>, domingo. <strong>A entrevista ser\u00e1 em ingl\u00eas<\/strong> e os alunos ter\u00e3o oportunidade de discorrer sobre seu <strong>interesse em ci\u00eancia<\/strong>, o que conhecem ou pesquisaram sobre o&nbsp;<strong>Instituto Weizmann em Israel<\/strong>&nbsp;e destaques que queiram compartilhar.<\/p><p><strong>Os candidatos aprovados ser\u00e3o convocados de forma pessoal, por e-mail ou telefone.<\/strong> Em 2025, a entrevista aos pr\u00e9-selecionados ocorrer\u00e1 no dia <strong>30 de mar\u00e7o<\/strong>, em hor\u00e1rio a ser definido.<\/p><p><span style=\"color: #99ccff;\"><em><strong><a style=\"color: #99ccff;\" href=\"https:\/\/amigosdoweizmann.org.br\/stage\/inscricoes-2025\"><span style=\"color: #00ccff;\">Inscreva-se aqui<\/span><\/a><\/strong><\/em><\/span><\/p><div class=\"wpb_text_column wpb_content_element \"><div class=\"wpb_wrapper\"><h3>&nbsp;<\/h3><\/div><\/div><div class=\"mt_style_row \" style=\"text-align: left;\"><div class=\"wpb_column vc_column_container vc_col-sm-12\"><div class=\"vc_column-inner \"><div class=\"wpb_wrapper\">&nbsp;<\/div><\/div><\/div><\/div><div class=\"mt_style_row \" style=\"text-align: left;\"><div class=\"wpb_column vc_column_container vc_col-sm-12\"><div class=\"vc_column-inner \"><div class=\"wpb_wrapper\">&nbsp;<\/div><\/div><\/div><\/div><div>&nbsp;<\/div><\/div><\/div><\/div><\/div><\/div><\/div><\/div><\/div>\n","protected":false},"excerpt":{"rendered":"<p>O programa acontecer\u00e1 de 1 a 24 de julho de 2025 no campus do Instituto Weizmann de Ci\u00eancias, em&nbsp;Rehovot, Israel.Este ano ser\u00e3o concedidas quatro bolsas integrais (financiadas pelo Grupo dos Amigos do Weizmann do Brasil, cobrindo: viagem, estadia e taxas de atividades), sendo uma para um estudante da Febrace e tr\u00eas para estudantes selecionados pelo processo de sele\u00e7\u00e3o geral.Requisitos para participa\u00e7\u00e3o- Idade entre 18 e 21 anos- Ensino m\u00e9dio conclu\u00eddo- Dom\u00ednio de ingl\u00eas (essencial)Processo Seletivo:Fase 1&nbsp;\u2013 Preenchimento e envio do&nbsp;formul\u00e1rio formul\u00e1rio online &nbsp;online no nosso site \u2013 data limite: 16 de mar\u00e7o de 2025 (at\u00e9 23h59min). Os candidatos recomendados para a segunda fase receber\u00e3o convoca\u00e7\u00e3o por&nbsp;e-mail ou telefone.Fase 2&nbsp;\u2013&nbsp;Entrevista presencial ou online&nbsp;no dia&nbsp;30 de mar\u00e7o de 2025, domingo. A entrevista ser\u00e1 em ingl\u00eas e os alunos ter\u00e3o oportunidade de discorrer sobre seu interesse em ci\u00eancia, o que conhecem ou pesquisaram sobre o&nbsp;Instituto Weizmann em Israel&nbsp;e destaques que queiram compartilhar.Os candidatos aprovados ser\u00e3o convocados de forma pessoal, por e-mail ou telefone. Em 2025, a entrevista aos pr\u00e9-selecionados ocorrer\u00e1 no dia 30 de mar\u00e7o, em hor\u00e1rio a ser definido.Inscreva-se aqui&nbsp;&nbsp;&nbsp;&nbsp;<\/p>\n","protected":false},"author":2,"featured_media":0,"parent":59,"menu_order":0,"comment_status":"closed","ping_status":"closed","template":"","meta":{"_monsterinsights_skip_tracking":false,"_monsterinsights_sitenote_active":false,"_monsterinsights_sitenote_note":"","_monsterinsights_sitenote_category":0},"aioseo_notices":[],"_links":{"self":[{"href":"https:\/\/amigosdoweizmann.org.br\/stage\/wp-json\/wp\/v2\/pages\/10563"}],"collection":[{"href":"https:\/\/amigosdoweizmann.org.br\/stage\/wp-json\/wp\/v2\/pages"}],"about":[{"href":"https:\/\/amigosdoweizmann.org.br\/stage\/wp-json\/wp\/v2\/types\/page"}],"author":[{"embeddable":true,"href":"https:\/\/amigosdoweizmann.org.br\/stage\/wp-json\/wp\/v2\/users\/2"}],"replies":[{"embeddable":true,"href":"https:\/\/amigosdoweizmann.org.br\/stage\/wp-json\/wp\/v2\/comments?post=10563"}],"version-history":[{"count":12,"href":"https:\/\/amigosdoweizmann.org.br\/stage\/wp-json\/wp\/v2\/pages\/10563\/revisions"}],"predecessor-version":[{"id":10800,"href":"https:\/\/amigosdoweizmann.org.br\/stage\/wp-json\/wp\/v2\/pages\/10563\/revisions\/10800"}],"up":[{"embeddable":true,"href":"https:\/\/amigosdoweizmann.org.br\/stage\/wp-json\/wp\/v2\/pages\/59"}],"wp:attachment":[{"href":"https:\/\/amigosdoweizmann.org.br\/stage\/wp-json\/wp\/v2\/media?parent=10563"}],"curies":[{"name":"wp","href":"https:\/\/api.w.org\/{rel}","templated":true}]}}