{"id":3674,"date":"2017-04-12T12:38:01","date_gmt":"2017-04-12T12:38:01","guid":{"rendered":"http:\/\/amigosdoweizmann.org.br\/site\/?page_id=3674"},"modified":"2020-09-03T15:48:44","modified_gmt":"2020-09-03T15:48:44","slug":"processo-seletivo","status":"publish","type":"page","link":"https:\/\/amigosdoweizmann.org.br\/stage\/escola-de-verao\/processo-seletivo\/","title":{"rendered":"Processo Seletivo 2020"},"content":{"rendered":"<p>[vc_row][vc_column][vc_column_text]<\/p>\n<h3 style=\"text-align: center;\"><img loading=\"lazy\" decoding=\"async\" class=\" wp-image-8442 aligncenter\" src=\"http:\/\/amigosdoweizmann.org.br\/stage\/wp-content\/uploads\/2020\/07\/Bolsistas-Escola-de-Verao-2020.jpg\" alt=\"\" width=\"606\" height=\"599\" \/><br \/>\n<strong><img loading=\"lazy\" decoding=\"async\" class=\"alignnone size-full wp-image-4216\" src=\"http:\/\/amigosdoweizmann.org.br\/stage\/wp-content\/uploads\/2017\/04\/miniflag-brasil.jpg\" alt=\"\" width=\"27\" height=\"15\" srcset=\"https:\/\/amigosdoweizmann.org.br\/stage\/wp-content\/uploads\/2017\/04\/miniflag-brasil.jpg 27w, https:\/\/amigosdoweizmann.org.br\/stage\/wp-content\/uploads\/2017\/04\/miniflag-brasil-768x426.jpg 768w\" sizes=\"auto, (max-width: 27px) 100vw, 27px\" \/>\u00a0Selecionados para a Escola de Ver\u00e3o 2020 participaram da \u201cWeizmann Experience\u201d<\/strong><\/h3>\n<p>&nbsp;<\/p>\n<p dir=\"ltr\">O Dr. Bessie Lawrence International Summer Science Institute (<span style=\"color: #00ccff;\"><em><a style=\"color: #00ccff;\" href=\"http:\/\/amigosdoweizmann.org.br\/stage\/escola-de-verao\/\" target=\"_blank\" rel=\"noopener noreferrer\" data-saferedirecturl=\"https:\/\/www.google.com\/url?q=http:\/\/amigosdoweizmann.org.br\/stage\/escola-de-verao\/&amp;source=gmail&amp;ust=1595437621284000&amp;usg=AFQjCNELcDCfZZtv2l18MO21TDSFs5HTMg\">ISSI<\/a><\/em><\/span>) \u00e9 um programa\u00a0 \u00fanico para estudantes talentosos que est\u00e3o prestes a come\u00e7ar sua carreira universit\u00e1ria. Cerca de 80 estudantes do mundo todo passam um m\u00eas trabalhando como parte de uma equipe de pesquisa, ao lado de cientistas do Instituto Weizmann de Ci\u00eancias.<\/p>\n<p dir=\"ltr\">Neste ano, Enzo K. Ebert de Rio Claro (SP), Jo\u00e3o Pedro Silva Torres de S\u00e3o Paulo (SP) Gabriella Santana de Mesquita (RJ) L\u00facio Louren\u00e7o de Freitas Neto, de Belo Horizonte (MG) e J\u00falia O. Destro de Os\u00f3rio (RS) foram selecionados entre centenas de estudantes para representarem o Brasil no programa, contudo, diante da pandemia do novo coronav\u00edrus, a edi\u00e7\u00e3o de 2020 foi cancelada, fato in\u00e9dito em 52 anos.<\/p>\n<p dir=\"ltr\">Apesar do cancelamento presencial do curso, para dar aos selecionados a oportunidade de conhecer melhor o Instituto Weizmann de Ci\u00eancias, seus pilares, seus cientistas e, tamb\u00e9m, de participarem de um projeto de pesquisa e criarem la\u00e7os com estudantes e cientistas dos outros pa\u00edses, duas iniciativas foram lan\u00e7adas!<\/p>\n<p dir=\"ltr\">Semin\u00e1rios online: os estudantes escolhidos do Brasil, Reino Unido, Canad\u00e1, EUA e Su\u00ed\u00e7a s\u00e3o convidados a participar de uma s\u00e9rie virtual de 5 semin\u00e1rios com in\u00edcio no domingo, 19 de julho, com uma sess\u00e3o introdut\u00f3ria liderada pelo presidente do Instituto Weizmann de Ci\u00eancias, <span style=\"color: #00ccff;\"><em><a style=\"color: #00ccff;\" href=\"http:\/\/amigosdoweizmann.org.br\/stage\/conheca-o-novo-presidente-do-weizmann\/\" target=\"_blank\" rel=\"noopener noreferrer\" data-saferedirecturl=\"http:\/\/amigosdoweizmann.org.br\/stage\/conheca-o-novo-presidente-do-weizmann\/\">Prof. Alon Chen<\/a><\/em><\/span>.<\/p>\n<p dir=\"ltr\">Para facilitar a intera\u00e7\u00e3o entre os alunos de tantos pa\u00edses, est\u00e3o previstas tamb\u00e9m sess\u00f5es de breakout virtual.<\/p>\n<p dir=\"ltr\">Mentoria virtual: al\u00e9m dos semin\u00e1rios online, os alunos em duplas, far\u00e3o um projeto de pesquisa de livre escolha, durante tr\u00eas semanas. Mais de 50 ex-alunos do programa do Reino Unido, EUA, Austr\u00e1lia, Europa e Am\u00e9rica do Sul se ofereceram para atuar como mentores dos alunos deste ano.\u00a0 Seis alumni brasileiros da Escola de Ver\u00e3o, entre eles a renomada <em><span style=\"color: #00ccff;\"><a style=\"color: #00ccff;\" href=\"http:\/\/amigosdoweizmann.org.br\/stage\/alicia-juliana-kowaltowski\/\" target=\"_blank\" rel=\"noopener noreferrer\" data-saferedirecturl=\"https:\/\/www.google.com\/url?q=http:\/\/amigosdoweizmann.org.br\/stage\/alicia-juliana-kowaltowski\/&amp;source=gmail&amp;ust=1595437621284000&amp;usg=AFQjCNHw7OM6WRrcTk-aJl3Mfebqrr0hYg\">Prof.\u00a0 Alicia Kowaltowski<\/a><\/span><\/em>, se ofereceram como mentores.<\/p>\n<p dir=\"ltr\">O ISSI 2020 se tornou virtual, mas a necessidade de impulsionamento da ci\u00eancia e de nossos jovens nunca foi t\u00e3o real. Bem-vindos estudantes ISSI 2020 ao Instituto Weizmann de Ci\u00eancias!<\/p>\n<p>[\/vc_column_text][\/vc_column][\/vc_row][vc_row][vc_column][vc_column_text]Leia os relatos de como foi a &#8220;Weizmann\u00a0Experience&#8221;:<\/p>\n<p>&nbsp;<\/p>\n<p dir=\"ltr\"><strong>J\u00falia Oscar Destro &#8211; 18 anos, Os\u00f3rio -RS<\/strong><\/p>\n<p dir=\"ltr\"><em>&#8220;Aprendi que at\u00e9 os grandes cientistas t\u00eam seus sotaques na l\u00edngua inglesa e que isso n\u00e3o \u00e9 um problema&#8221;.<\/em><\/p>\n<p>Mesmo que o evento virtual n\u00e3o ofere\u00e7a a mesma experi\u00eancia que o presencial, participar dessa edi\u00e7\u00e3o do ISSI foi um sonho se tornando realidade. Pude conhecer virtualmente o Weizmann e alguns de seus cientistas atrav\u00e9s de filmagens e webinares, o que foi uma experi\u00eancia de tirar o f\u00f4lego. Os laborat\u00f3rios altamente equipados e as relevantes pesquisas desenvolvidas na institui\u00e7\u00e3o ultrapassaram todas as minhas expectativas.<\/p>\n<p dir=\"ltr\">Al\u00e9m disso, a oportunidade de estar em contato com jovens interessados em ci\u00eancia, de outros pa\u00edses, foi muito divertido e culturalmente enriquecedor. Nesses encontros descobri os desafios e os prazeres da pesquisa b\u00e1sica de alto n\u00edvel. Percebi ainda que tenho muito a aprender e melhorar, e isso \u00e9 incentivador, desafiador.<\/p>\n<p dir=\"ltr\">Dentre os momentos como os mais marcantes, destaco: a) conhecer a incr\u00edvel pesquisadora brasileira Alicia Kowaltowski (alumni doISSI); b) perceber, ao ver a webinar do pesquisador Yoni Moskovitz, que at\u00e9 os grandes cientistas t\u00eam seus sotaques na l\u00edngua inglesa e que isso n\u00e3o \u00e9 um problema; c) entender que cientistas excepcionais tamb\u00e9m s\u00e3o pessoas humanas normais, que sabem rir de boas mem\u00f3rias e at\u00e9 se divertir com v\u00eddeos banais do Youtube, o que constatei em certas reuni\u00f5es com as minhas mentoras, Lauren Sherman e Valeria Eliosa.<\/p>\n<p dir=\"ltr\">Por toda essa incr\u00edvel experi\u00eancia, expresso meu muito obrigado a todos: aos amigos do Weizmann do Brasil e dos demais pa\u00edses, aos organizadores, palestrantes, mentores e colegas estudantes.<\/p>\n<p><strong>L\u00facio Louren\u00e7o de Freitas Neto &#8211; 18 anos, Belo Horizonte &#8211; MG<\/strong><\/p>\n<p dir=\"ltr\"><em>&#8220;O mais marcante foi a conversa com o Prof. Alon Chen, presidente do Instituto Weizmann e a apresenta\u00e7\u00e3o da Profa. Profa. Alicia Kowaltowski, da USP&#8221;.<\/em><\/p>\n<p dir=\"ltr\">Ter a oportunidade de participar do ISSI 2020 de forma virtual foi uma honra, mesmo n\u00e3o sendo a mesma experi\u00eancia que o programa presencial. Tivemos a oportunidade de primeiramente entrar em contato com os estudantes selecionados por outros pa\u00edses e que aspiram seguir na carreira cient\u00edfica, o que foi um \u00f3timo motivador para continuar nesse caminho. Al\u00e9m disso, participamos de um projeto virtual de pesquisa com apoio do Weizmann UK. Fomos divididos em grupos e cada um desses grupos desenvolveria uma pesquisa de forma virtual, tendo como mentores ex-participantes do ISSI, e o que mais me marcou com isso foi a possibilidade de coopera\u00e7\u00e3o internacional na ci\u00eancia.<\/p>\n<p dir=\"ltr\">Tamb\u00e9m tivemos uma semana de semin\u00e1rios virtuais com cientistas tanto do Instituto Weizmann como de fora. Esses semin\u00e1rios foram inspiradores para continuar seguindo na \u00e1rea da ci\u00eancia, e os mais marcantes deles para mim foram, com certeza, a conversa com o Prof. Alon Chen, presidente do Instituto Weizmann e a apresenta\u00e7\u00e3o da\u00a0Profa. Dra. Al\u00edcia Juliana Kowaltowski do Instituto de Qu\u00edmica da USP. Espero que surja novamente uma oportunidade para conhecer o Instituto pessoalmente, mas essa experi\u00eancia virtual foi incr\u00edvel e com certeza memor\u00e1vel.<\/p>\n<p><strong>Gabriella Santana de Mesquita &#8211; 19 anos, Mesquita &#8211; RJ<\/strong><\/p>\n<p dir=\"ltr\"><em>&#8220;Essa experi\u00eancia me fez ver que a ci\u00eancia \u00e9 capaz de encurtar dist\u00e2ncias&#8221;.<\/em><\/p>\n<p dir=\"ltr\">Quando recebi a not\u00edcia de que fui selecionada para participar da ISSI 2020 fui tomada por um sentimento \u00fanico de gratid\u00e3o e realiza\u00e7\u00e3o. A sensa\u00e7\u00e3o de estar em um seleto grupo de estudantes apaixonados pela ci\u00eancia que iriam conhecer o Weizmann e acompanhar de perto como a ci\u00eancia acontece em um dos institutos mais renomados e importantes do mundo \u00e9 indescrit\u00edvel, no entanto, assim como na ci\u00eancia , na vida tamb\u00e9m\u00a0 h\u00e1 alguns experimentos que, em primeiro momento, parecem n\u00e3o dar certo, mas que nos levam por outros caminhos muito interessantes e cheios de descoberta e aprendizado. A minha experi\u00eancia com a ISSI virtual foi exatamente dessa maneira.<\/p>\n<p dir=\"ltr\">Foi maravilhoso conhecer os cientistas do Weizmann e seus laborat\u00f3rios incr\u00edveis atrav\u00e9s dos v\u00eddeos preparados por eles durante os semin\u00e1rios. Tamb\u00e9m foi muito agregador perceber o entusiasmo de cada um ao responder perguntas, falar sobre suas pesquisas e suas trajet\u00f3rias at\u00e9 chegarem nesse lugar de grande prest\u00edgio. Al\u00e9m disso, poder conversar com jovens de todas as partes do mundo que, assim como eu, amam a ci\u00eancia e a enxergam como uma ferramenta de transforma\u00e7\u00e3o social foi algo muito especial.<\/p>\n<p dir=\"ltr\">Pude viver momentos \u00fanicos e marcantes que incluem desde aprender um pouco sobre bioinform\u00e1tica para desenvolver um projeto com mentores que j\u00e1 participaram do programa a at\u00e9 mesmo me divertir jogando um quiz com perguntas acerca dos pa\u00edses participantes.\u00a0 Essa experi\u00eancia me fez ver que a ci\u00eancia \u00e9 capaz de encurtar dist\u00e2ncias, romper fronteiras, minimizar diferen\u00e7as de idade\/ forma\u00e7\u00e3o e perceber que, mesmo diante de tantas particularidades, temos uma \u00fanica caracter\u00edstica semelhante : O brilho nos olhos. E eu posso garantir que apenas ele j\u00e1 \u00e9 suficiente para nos unir.<\/p>\n<p dir=\"ltr\">O ISSI \u00e9 muito\u00a0 mais que uma escola de ver\u00e3o, pois tamb\u00e9m ensina sobre a vida, trabalho em equipe e cria uma rede de amizades e troca de conhecimento que permanece. A escola de ver\u00e3o do Instituto Weizmann durou 3 semanas, mas as mem\u00f3rias, os aprendizados e as pessoas permanecer\u00e3o para sempre.<\/p>\n<p><strong>Jo\u00e3o Pedro Silva Torres &#8211; 18 anos, S\u00e3o Paulo &#8211; SP<\/strong><\/p>\n<p dir=\"ltr\"><em>&#8220;Os pesquisadores do Weizmann disseram que as portas do Instituto est\u00e3o sempre abertas&#8221;.<\/em><\/p>\n<p dir=\"ltr\">Desde o in\u00edcio do isolamento social imaginei que seria assustadoramente dif\u00edcil fazer novos contatos e amizades durante este ano, mas a vers\u00e3o virtual do ISSI me mostrou que isso era poss\u00edvel. O programa organizado pelo Instituto Weizmann, pelos amigos do Weizmann UK e Brasil, com o apoio de alumni de v\u00e1rias gera\u00e7\u00f5es do ISSI, me permitiu interagir com estudantes e pesquisadores de outros pa\u00edses, apaixonados por ci\u00eancias e extremamente interessantes.<\/p>\n<p dir=\"ltr\">Durante o per\u00edodo de f\u00e9rias da minha gradua\u00e7\u00e3o, ganhei amigos incr\u00edveis com quem espero ter a oportunidade de interagir presencialmente e fiquei apaixonado pelo Instituto Weizmann e por muitos dos cientistas que nos deram semin\u00e1rios.<\/p>\n<p dir=\"ltr\">Os dois encontros que mais me marcaram foram: a conversa com Prof. Alon Chen (pesquisador de neurobiologia do estresse e atual presidente do Weizmann); e o semin\u00e1rio sobre a trajet\u00f3ria acad\u00eamica da Profa. Alicia Kowaltowski, pesquisadora brasileira entusiasta por mitoc\u00f4ndrias. Eles compartilharam muitos coment\u00e1rios sobre suas carreiras e coisas que para mim soaram como \u201cpalavras de sabedoria\u201d. Essas conversas me motivaram ainda mais a me envolver com projetos de pesquisa. Por isso, tenho muitas expectativas para quando a situa\u00e7\u00e3o da pandemia no Brasil se estabilizar e os laborat\u00f3rios retornarem ao mais pr\u00f3ximo da normalidade.<\/p>\n<p dir=\"ltr\">Acredito que ganhei muito com essa experi\u00eancia e minha \u00fanica l\u00e1stima \u00e9 que tudo isso n\u00e3o p\u00f4de ocorrer presencialmente. J\u00e1 comecei a sonhar em desenvolver pesquisa, mesmo que s\u00f3 por tr\u00eas semanas, em um dos departamentos do Weizmann, como teria ocorrido no ISSI 2020 se n\u00e3o fosse a COVID-19. Espero ter a oportunidade de conhecer Israel e aceitar o convite de visita dos pesquisadores do Weizmann, que disseram que as portas do Instituto est\u00e3o sempre abertas.<\/p>\n<p><strong>Enzo K. Ebert &#8211; 18 anos, Rio Claro &#8211; SP<\/strong><\/p>\n<p dir=\"ltr\"><em>&#8220;Ansioso para realizar pesquisas no Instituto Weizmann&#8221;.<\/em><\/p>\n<p dir=\"ltr\">Foi uma experi\u00eancia incr\u00edvel conhecer o Weizmann virtualmente. Todos os cientistas que conheci durante o programa eram extremamente engajados em suas pesquisas e apaixonados por uma \u00e1rea do conhecimento. Percebi que l\u00e1 os pesquisadores t\u00eam muita liberdade em suas pesquisas e realizam muitas coopera\u00e7\u00f5es interdisciplinares. Todos pesquisadores foram muito receptivos e deram muitas dicas e conselhos para quem quer seguir uma carreira acad\u00eamica. Tamb\u00e9m gostei muito de conhecer os outros alunos internacionais. \u00c9 sempre um enorme prazer dividir esses momentos com pessoas que t\u00eam a mesma paix\u00e3o por um assunto que voc\u00ea. Meus mentores tamb\u00e9m foram fant\u00e1sticos e me ensinaram muito durante esse per\u00edodo. Ansioso para realizar pesquisas no Instituto Weizmann, espero poder visitar o campus no futuro.<\/p>\n<p>[\/vc_column_text][\/vc_column][\/vc_row]<\/p>\n","protected":false},"excerpt":{"rendered":"<p>[vc_row][vc_column][vc_column_text] \u00a0Selecionados para a Escola de Ver\u00e3o 2020 participaram da \u201cWeizmann Experience\u201d &nbsp; O Dr. Bessie Lawrence International Summer Science Institute (ISSI) \u00e9 um programa\u00a0 \u00fanico para estudantes talentosos que est\u00e3o prestes a come\u00e7ar sua carreira universit\u00e1ria. Cerca de 80 estudantes do mundo todo passam um m\u00eas trabalhando como parte de uma equipe de pesquisa, ao lado de cientistas do Instituto Weizmann de Ci\u00eancias. Neste ano, Enzo K. Ebert de Rio Claro (SP), Jo\u00e3o Pedro Silva Torres de S\u00e3o Paulo (SP) Gabriella Santana de Mesquita (RJ) L\u00facio Louren\u00e7o de Freitas Neto, de Belo Horizonte (MG) e J\u00falia O. Destro de Os\u00f3rio (RS) foram selecionados entre centenas de estudantes para representarem o Brasil no programa, contudo, diante da pandemia do novo coronav\u00edrus, a edi\u00e7\u00e3o de 2020 foi cancelada, fato in\u00e9dito em 52 anos. Apesar do cancelamento presencial do curso, para dar aos selecionados a oportunidade de conhecer melhor o Instituto Weizmann de Ci\u00eancias, seus pilares, seus cientistas e, tamb\u00e9m, de participarem de um projeto de pesquisa e criarem la\u00e7os com estudantes e cientistas dos outros pa\u00edses, duas iniciativas foram lan\u00e7adas! Semin\u00e1rios online: os estudantes escolhidos do Brasil, Reino Unido, Canad\u00e1, EUA e Su\u00ed\u00e7a s\u00e3o convidados a participar de uma s\u00e9rie virtual de 5 semin\u00e1rios com in\u00edcio no domingo, 19 de julho, com uma sess\u00e3o introdut\u00f3ria liderada pelo presidente do Instituto Weizmann de Ci\u00eancias, Prof. Alon Chen. Para facilitar a intera\u00e7\u00e3o entre os alunos de tantos pa\u00edses, est\u00e3o previstas tamb\u00e9m sess\u00f5es de breakout virtual. Mentoria virtual: al\u00e9m dos semin\u00e1rios online, os alunos em duplas, far\u00e3o um projeto de pesquisa de livre escolha, durante tr\u00eas semanas. Mais de 50 ex-alunos do programa do Reino Unido, EUA, Austr\u00e1lia, Europa e Am\u00e9rica do Sul se ofereceram para atuar como mentores dos alunos deste ano.\u00a0 Seis alumni brasileiros da Escola de Ver\u00e3o, entre eles a renomada Prof.\u00a0 Alicia Kowaltowski, se ofereceram como mentores. O ISSI 2020 se tornou virtual, mas a necessidade de impulsionamento da ci\u00eancia e de nossos jovens nunca foi t\u00e3o real. Bem-vindos estudantes ISSI 2020 ao Instituto Weizmann de Ci\u00eancias! [\/vc_column_text][\/vc_column][\/vc_row][vc_row][vc_column][vc_column_text]Leia os relatos de como foi a &#8220;Weizmann\u00a0Experience&#8221;: &nbsp; J\u00falia Oscar Destro &#8211; [&hellip;]<\/p>\n","protected":false},"author":2,"featured_media":0,"parent":59,"menu_order":0,"comment_status":"closed","ping_status":"closed","template":"","meta":{"_monsterinsights_skip_tracking":false,"_monsterinsights_sitenote_active":false,"_monsterinsights_sitenote_note":"","_monsterinsights_sitenote_category":0,"footnotes":""},"class_list":["post-3674","page","type-page","status-publish","hentry"],"aioseo_notices":[],"_links":{"self":[{"href":"https:\/\/amigosdoweizmann.org.br\/stage\/wp-json\/wp\/v2\/pages\/3674","targetHints":{"allow":["GET"]}}],"collection":[{"href":"https:\/\/amigosdoweizmann.org.br\/stage\/wp-json\/wp\/v2\/pages"}],"about":[{"href":"https:\/\/amigosdoweizmann.org.br\/stage\/wp-json\/wp\/v2\/types\/page"}],"author":[{"embeddable":true,"href":"https:\/\/amigosdoweizmann.org.br\/stage\/wp-json\/wp\/v2\/users\/2"}],"replies":[{"embeddable":true,"href":"https:\/\/amigosdoweizmann.org.br\/stage\/wp-json\/wp\/v2\/comments?post=3674"}],"version-history":[{"count":27,"href":"https:\/\/amigosdoweizmann.org.br\/stage\/wp-json\/wp\/v2\/pages\/3674\/revisions"}],"predecessor-version":[{"id":8552,"href":"https:\/\/amigosdoweizmann.org.br\/stage\/wp-json\/wp\/v2\/pages\/3674\/revisions\/8552"}],"up":[{"embeddable":true,"href":"https:\/\/amigosdoweizmann.org.br\/stage\/wp-json\/wp\/v2\/pages\/59"}],"wp:attachment":[{"href":"https:\/\/amigosdoweizmann.org.br\/stage\/wp-json\/wp\/v2\/media?parent=3674"}],"curies":[{"name":"wp","href":"https:\/\/api.w.org\/{rel}","templated":true}]}}