{"id":4115,"date":"2017-05-04T04:15:00","date_gmt":"2017-05-04T04:15:00","guid":{"rendered":"http:\/\/amigosdoweizmann.org.br\/site\/?page_id=4115"},"modified":"2021-06-07T23:15:47","modified_gmt":"2021-06-07T23:15:47","slug":"banco-de-tumores","status":"publish","type":"page","link":"https:\/\/amigosdoweizmann.org.br\/stage\/banco-de-tumores\/","title":{"rendered":"Weizmann-Brazil Tumor Bank"},"content":{"rendered":"<div id=\"attachment_4111\" style=\"width: 346px\" class=\"wp-caption alignleft\"><img loading=\"lazy\" decoding=\"async\" aria-describedby=\"caption-attachment-4111\" class=\"wp-image-4111\" src=\"http:\/\/amigosdoweizmann.org.br\/site\/wp-content\/uploads\/2017\/05\/prof-yardena.jpg\" alt=\"\" width=\"336\" height=\"306\" \/><p id=\"caption-attachment-4111\" class=\"wp-caption-text\">Profa. Yardena Samuels<\/p><\/div>\n<p>O banco de tumores Weizmann Brasil ajudar\u00e1 os pesquisadores do Instituto Weizmann a descobrir como v\u00e1rios genes controlam o crescimento dos tumores e a definir tratamentos personalizados para os pacientes com c\u00e2ncer.<\/p>\n<p>A batalha contra o c\u00e2ncer \u00e9 dif\u00edcil n\u00e3o apenas por causa da diversidade das c\u00e9lulas cancer\u00edgenas e tipos de c\u00e2ncer, mas pela transforma\u00e7\u00e3o continua dos tumores a medida que crescem. No rec\u00e9m-criado MICC (Centro Moross Integrado de Cancer), o Banco de Tumores Weizmann-Brasil, permitir\u00e1 a preserva\u00e7\u00e3o e investiga\u00e7\u00e3o minuciosa de tumores extra\u00eddos dos pacientes. Isto permitir\u00e1 que os pesquisadores e cl\u00ednicos da \u00e1rea de oncologia conduzam m\u00faltiplas analises e pesquisas sobre tumores existentes em v\u00e1rios est\u00e1dios de evolu\u00e7\u00e3o, in vitro e in vivo de modo a elucidar os complexos mecanismos em a\u00e7\u00e3o. O objetivo e aproveitar o poder da pesquisa b\u00e1sica para facilitar a tradu\u00e7\u00e3o para a \u00e1rea cl\u00ednica.<\/p>\n<div id=\"attachment_4110\" style=\"width: 378px\" class=\"wp-caption aligncenter\"><img loading=\"lazy\" decoding=\"async\" aria-describedby=\"caption-attachment-4110\" class=\"wp-image-4110\" src=\"http:\/\/amigosdoweizmann.org.br\/site\/wp-content\/uploads\/2017\/05\/prof-moshe.jpg\" alt=\"\" width=\"368\" height=\"235\" \/><p id=\"caption-attachment-4110\" class=\"wp-caption-text\">Prof. Moshe Oren<\/p><\/div>\n","protected":false},"excerpt":{"rendered":"<p>O banco de tumores Weizmann Brasil ajudar\u00e1 os pesquisadores do Instituto Weizmann a descobrir como v\u00e1rios genes controlam o crescimento dos tumores e a definir tratamentos personalizados para os pacientes com c\u00e2ncer. A batalha contra o c\u00e2ncer \u00e9 dif\u00edcil n\u00e3o apenas por causa da diversidade das c\u00e9lulas cancer\u00edgenas e tipos de c\u00e2ncer, mas pela transforma\u00e7\u00e3o continua dos tumores a medida que crescem. No rec\u00e9m-criado MICC (Centro Moross Integrado de Cancer), o Banco de Tumores Weizmann-Brasil, permitir\u00e1 a preserva\u00e7\u00e3o e investiga\u00e7\u00e3o minuciosa de tumores extra\u00eddos dos pacientes. Isto permitir\u00e1 que os pesquisadores e cl\u00ednicos da \u00e1rea de oncologia conduzam m\u00faltiplas analises e pesquisas sobre tumores existentes em v\u00e1rios est\u00e1dios de evolu\u00e7\u00e3o, in vitro e in vivo de modo a elucidar os complexos mecanismos em a\u00e7\u00e3o. O objetivo e aproveitar o poder da pesquisa b\u00e1sica para facilitar a tradu\u00e7\u00e3o para a \u00e1rea cl\u00ednica.<\/p>\n","protected":false},"author":2,"featured_media":4109,"parent":0,"menu_order":0,"comment_status":"closed","ping_status":"closed","template":"","meta":{"_monsterinsights_skip_tracking":false,"_monsterinsights_sitenote_active":false,"_monsterinsights_sitenote_note":"","_monsterinsights_sitenote_category":0,"footnotes":""},"class_list":["post-4115","page","type-page","status-publish","has-post-thumbnail","hentry"],"aioseo_notices":[],"_links":{"self":[{"href":"https:\/\/amigosdoweizmann.org.br\/stage\/wp-json\/wp\/v2\/pages\/4115","targetHints":{"allow":["GET"]}}],"collection":[{"href":"https:\/\/amigosdoweizmann.org.br\/stage\/wp-json\/wp\/v2\/pages"}],"about":[{"href":"https:\/\/amigosdoweizmann.org.br\/stage\/wp-json\/wp\/v2\/types\/page"}],"author":[{"embeddable":true,"href":"https:\/\/amigosdoweizmann.org.br\/stage\/wp-json\/wp\/v2\/users\/2"}],"replies":[{"embeddable":true,"href":"https:\/\/amigosdoweizmann.org.br\/stage\/wp-json\/wp\/v2\/comments?post=4115"}],"version-history":[{"count":4,"href":"https:\/\/amigosdoweizmann.org.br\/stage\/wp-json\/wp\/v2\/pages\/4115\/revisions"}],"predecessor-version":[{"id":8963,"href":"https:\/\/amigosdoweizmann.org.br\/stage\/wp-json\/wp\/v2\/pages\/4115\/revisions\/8963"}],"wp:featuredmedia":[{"embeddable":true,"href":"https:\/\/amigosdoweizmann.org.br\/stage\/wp-json\/wp\/v2\/media\/4109"}],"wp:attachment":[{"href":"https:\/\/amigosdoweizmann.org.br\/stage\/wp-json\/wp\/v2\/media?parent=4115"}],"curies":[{"name":"wp","href":"https:\/\/api.w.org\/{rel}","templated":true}]}}