{"id":54,"date":"2013-08-07T13:03:43","date_gmt":"2013-08-07T13:03:43","guid":{"rendered":"http:\/\/doctor.madza-wordpress-premium-themes.com\/?page_id=54"},"modified":"2018-11-13T19:23:51","modified_gmt":"2018-11-13T19:23:51","slug":"projetos-parcerias","status":"publish","type":"page","link":"https:\/\/amigosdoweizmann.org.br\/stage\/projetos-parcerias\/","title":{"rendered":"Projetos e Parcerias"},"content":{"rendered":"<p>[vc_row][vc_column][vc_column_text]Os Amigos do Weizmann do Brasil desenvolvem projetos e estabeleceram acordos de coopera\u00e7\u00e3o com diversas institui\u00e7\u00f5es.[\/vc_column_text][\/vc_column][\/vc_row][vc_row gap=&#8221;15&#8243; equal_height=&#8221;yes&#8221; css=&#8221;.vc_custom_1453299367133{padding-bottom: 50px !important;}&#8221;][vc_column width=&#8221;1\/4&#8243;][vc_single_image image=&#8221;4650&#8243; img_size=&#8221;150&#215;150&#8243; alignment=&#8221;center&#8221; style=&#8221;vc_box_outline&#8221; onclick=&#8221;custom_link&#8221; css_animation=&#8221;top-to-bottom&#8221; link=&#8221;http:\/\/amigosdoweizmann.org.br\/stage\/hiae-hospital-israelita-albert-einstein\/&#8221;][vc_custom_heading text=&#8221;HIAE \u2013 Hospital Israelita Albert Einstein&#8221; font_container=&#8221;tag:h4|font_size:22|text_align:center|color:%233a3a3a|line_height:1.2&#8243; google_fonts=&#8221;font_family:Montserrat%3Aregular%2C700|font_style:400%20regular%3A400%3Anormal&#8221; link=&#8221;url:http%3A%2F%2Famigosdoweizmann.org.br%2Fstage%2Fhiae-hospital-israelita-albert-einstein%2F|||&#8221;][\/vc_column][vc_column width=&#8221;1\/4&#8243;][vc_single_image image=&#8221;4648&#8243; img_size=&#8221;150&#215;150&#8243; alignment=&#8221;center&#8221; style=&#8221;vc_box_outline&#8221; onclick=&#8221;custom_link&#8221; css_animation=&#8221;top-to-bottom&#8221; link=&#8221;http:\/\/amigosdoweizmann.org.br\/stage\/capes-coordenacao-de-aperfeicoamento-de-pessoal-de-nivel-superior\/&#8221;][vc_custom_heading text=&#8221;CAPES Coordena\u00e7\u00e3o de Aperfei\u00e7oamento de Pessoal de N\u00edvel Superior<br \/>\nMinist\u00e9rio de Educa\u00e7\u00e3o do Brasil<br \/>\n&#8221; font_container=&#8221;tag:h4|font_size:22|text_align:center|color:%233a3a3a|line_height:1.2&#8243; google_fonts=&#8221;font_family:Montserrat%3Aregular%2C700|font_style:400%20regular%3A400%3Anormal&#8221; link=&#8221;url:http%3A%2F%2Famigosdoweizmann.org.br%2Fstage%2Fcapes-coordenacao-de-aperfeicoamento-de-pessoal-de-nivel-superior%2F|||&#8221;][\/vc_column][vc_column width=&#8221;1\/4&#8243;][vc_single_image image=&#8221;4647&#8243; img_size=&#8221;150&#215;150&#8243; alignment=&#8221;center&#8221; style=&#8221;vc_box_outline&#8221; onclick=&#8221;custom_link&#8221; css_animation=&#8221;top-to-bottom&#8221; link=&#8221;http:\/\/amigosdoweizmann.org.br\/stage\/alef-escola-antonietta-e-leon-feffer\/&#8221;][vc_custom_heading text=&#8221;ALEF &#8211; Escola Antonietta e Leon Feffer &#8221; font_container=&#8221;tag:h4|font_size:22|text_align:center|color:%233a3a3a|line_height:1.2&#8243; google_fonts=&#8221;font_family:Montserrat%3Aregular%2C700|font_style:400%20regular%3A400%3Anormal&#8221; link=&#8221;url:http%3A%2F%2Famigosdoweizmann.org.br%2Fstage%2Falef-escola-antonietta-e-leon-feffer%2F|||&#8221;][\/vc_column][vc_column width=&#8221;1\/4&#8243;][vc_single_image image=&#8221;4649&#8243; img_size=&#8221;150&#215;150&#8243; alignment=&#8221;center&#8221; style=&#8221;vc_box_outline&#8221; onclick=&#8221;custom_link&#8221; css_animation=&#8221;top-to-bottom&#8221; link=&#8221; http:\/\/amigosdoweizmann.org.br\/stage\/fapesp-fundacao-de-amparo-a-pesquisa-do-estado-de-sao-paulo\/&#8221;][vc_custom_heading text=&#8221;FAPESP- Funda\u00e7\u00e3o de Amparo \u00e0 pesquisa do Estado de S\u00e3o Paulo&#8221; font_container=&#8221;tag:h4|font_size:22|text_align:center|color:%233a3a3a|line_height:1.2&#8243; google_fonts=&#8221;font_family:Montserrat%3Aregular%2C700|font_style:400%20regular%3A400%3Anormal&#8221; link=&#8221;url:http%3A%2F%2Famigosdoweizmann.org.br%2Fstage%2Ffapesp-fundacao-de-amparo-a-pesquisa-do-estado-de-sao-paulo%2F|||&#8221;][\/vc_column][\/vc_row][vc_row gap=&#8221;15&#8243; equal_height=&#8221;yes&#8221; css=&#8221;.vc_custom_1453299367133{padding-bottom: 50px !important;}&#8221;][vc_column width=&#8221;1\/4&#8243;][vc_single_image image=&#8221;6483&#8243; img_size=&#8221;150&#215;150&#8243; alignment=&#8221;center&#8221; style=&#8221;vc_box_outline&#8221; onclick=&#8221;custom_link&#8221; css_animation=&#8221;top-to-bottom&#8221; link=&#8221;http:\/\/amigosdoweizmann.org.br\/stage\/hiae-hospital-israelita-albert-einstein\/&#8221;][vc_custom_heading text=&#8221;ABMES&#8221; font_container=&#8221;tag:h4|font_size:22|text_align:center|color:%233a3a3a|line_height:1.2&#8243; google_fonts=&#8221;font_family:Montserrat%3Aregular%2C700|font_style:400%20regular%3A400%3Anormal&#8221; link=&#8221;|||&#8221;][\/vc_column][vc_column width=&#8221;1\/4&#8243;][\/vc_column][vc_column width=&#8221;1\/4&#8243;][\/vc_column][vc_column width=&#8221;1\/4&#8243;][\/vc_column][\/vc_row]<\/p>\n","protected":false},"excerpt":{"rendered":"<p>[vc_row][vc_column][vc_column_text]Os Amigos do Weizmann do Brasil desenvolvem projetos e estabeleceram acordos de coopera\u00e7\u00e3o com diversas institui\u00e7\u00f5es.[\/vc_column_text][\/vc_column][\/vc_row][vc_row gap=&#8221;15&#8243; equal_height=&#8221;yes&#8221; css=&#8221;.vc_custom_1453299367133{padding-bottom: 50px !important;}&#8221;][vc_column width=&#8221;1\/4&#8243;][vc_single_image image=&#8221;4650&#8243; img_size=&#8221;150&#215;150&#8243; alignment=&#8221;center&#8221; style=&#8221;vc_box_outline&#8221; onclick=&#8221;custom_link&#8221; css_animation=&#8221;top-to-bottom&#8221; link=&#8221;http:\/\/amigosdoweizmann.org.br\/stage\/hiae-hospital-israelita-albert-einstein\/&#8221;][vc_custom_heading text=&#8221;HIAE \u2013 Hospital Israelita Albert Einstein&#8221; font_container=&#8221;tag:h4|font_size:22|text_align:center|color:%233a3a3a|line_height:1.2&#8243; google_fonts=&#8221;font_family:Montserrat%3Aregular%2C700|font_style:400%20regular%3A400%3Anormal&#8221; link=&#8221;url:http%3A%2F%2Famigosdoweizmann.org.br%2Fstage%2Fhiae-hospital-israelita-albert-einstein%2F|||&#8221;][\/vc_column][vc_column width=&#8221;1\/4&#8243;][vc_single_image image=&#8221;4648&#8243; img_size=&#8221;150&#215;150&#8243; alignment=&#8221;center&#8221; style=&#8221;vc_box_outline&#8221; onclick=&#8221;custom_link&#8221; css_animation=&#8221;top-to-bottom&#8221; link=&#8221;http:\/\/amigosdoweizmann.org.br\/stage\/capes-coordenacao-de-aperfeicoamento-de-pessoal-de-nivel-superior\/&#8221;][vc_custom_heading text=&#8221;CAPES Coordena\u00e7\u00e3o de Aperfei\u00e7oamento de Pessoal de N\u00edvel Superior Minist\u00e9rio de Educa\u00e7\u00e3o do Brasil &#8221; font_container=&#8221;tag:h4|font_size:22|text_align:center|color:%233a3a3a|line_height:1.2&#8243; google_fonts=&#8221;font_family:Montserrat%3Aregular%2C700|font_style:400%20regular%3A400%3Anormal&#8221; link=&#8221;url:http%3A%2F%2Famigosdoweizmann.org.br%2Fstage%2Fcapes-coordenacao-de-aperfeicoamento-de-pessoal-de-nivel-superior%2F|||&#8221;][\/vc_column][vc_column width=&#8221;1\/4&#8243;][vc_single_image image=&#8221;4647&#8243; img_size=&#8221;150&#215;150&#8243; alignment=&#8221;center&#8221; style=&#8221;vc_box_outline&#8221; onclick=&#8221;custom_link&#8221; css_animation=&#8221;top-to-bottom&#8221; link=&#8221;http:\/\/amigosdoweizmann.org.br\/stage\/alef-escola-antonietta-e-leon-feffer\/&#8221;][vc_custom_heading text=&#8221;ALEF &#8211; Escola Antonietta e Leon Feffer &#8221; font_container=&#8221;tag:h4|font_size:22|text_align:center|color:%233a3a3a|line_height:1.2&#8243; google_fonts=&#8221;font_family:Montserrat%3Aregular%2C700|font_style:400%20regular%3A400%3Anormal&#8221; link=&#8221;url:http%3A%2F%2Famigosdoweizmann.org.br%2Fstage%2Falef-escola-antonietta-e-leon-feffer%2F|||&#8221;][\/vc_column][vc_column width=&#8221;1\/4&#8243;][vc_single_image image=&#8221;4649&#8243; img_size=&#8221;150&#215;150&#8243; alignment=&#8221;center&#8221; style=&#8221;vc_box_outline&#8221; onclick=&#8221;custom_link&#8221; css_animation=&#8221;top-to-bottom&#8221; link=&#8221; http:\/\/amigosdoweizmann.org.br\/stage\/fapesp-fundacao-de-amparo-a-pesquisa-do-estado-de-sao-paulo\/&#8221;][vc_custom_heading text=&#8221;FAPESP- Funda\u00e7\u00e3o de Amparo \u00e0 pesquisa do Estado de S\u00e3o Paulo&#8221; font_container=&#8221;tag:h4|font_size:22|text_align:center|color:%233a3a3a|line_height:1.2&#8243; google_fonts=&#8221;font_family:Montserrat%3Aregular%2C700|font_style:400%20regular%3A400%3Anormal&#8221; link=&#8221;url:http%3A%2F%2Famigosdoweizmann.org.br%2Fstage%2Ffapesp-fundacao-de-amparo-a-pesquisa-do-estado-de-sao-paulo%2F|||&#8221;][\/vc_column][\/vc_row][vc_row gap=&#8221;15&#8243; equal_height=&#8221;yes&#8221; css=&#8221;.vc_custom_1453299367133{padding-bottom: 50px !important;}&#8221;][vc_column width=&#8221;1\/4&#8243;][vc_single_image image=&#8221;6483&#8243; img_size=&#8221;150&#215;150&#8243; alignment=&#8221;center&#8221; style=&#8221;vc_box_outline&#8221; onclick=&#8221;custom_link&#8221; css_animation=&#8221;top-to-bottom&#8221; link=&#8221;http:\/\/amigosdoweizmann.org.br\/stage\/hiae-hospital-israelita-albert-einstein\/&#8221;][vc_custom_heading text=&#8221;ABMES&#8221; font_container=&#8221;tag:h4|font_size:22|text_align:center|color:%233a3a3a|line_height:1.2&#8243; google_fonts=&#8221;font_family:Montserrat%3Aregular%2C700|font_style:400%20regular%3A400%3Anormal&#8221; link=&#8221;|||&#8221;][\/vc_column][vc_column width=&#8221;1\/4&#8243;][\/vc_column][vc_column width=&#8221;1\/4&#8243;][\/vc_column][vc_column width=&#8221;1\/4&#8243;][\/vc_column][\/vc_row]<\/p>\n","protected":false},"author":2,"featured_media":0,"parent":0,"menu_order":0,"comment_status":"open","ping_status":"closed","template":"","meta":{"_monsterinsights_skip_tracking":false,"_monsterinsights_sitenote_active":false,"_monsterinsights_sitenote_note":"","_monsterinsights_sitenote_category":0},"aioseo_notices":[],"_links":{"self":[{"href":"https:\/\/amigosdoweizmann.org.br\/stage\/wp-json\/wp\/v2\/pages\/54"}],"collection":[{"href":"https:\/\/amigosdoweizmann.org.br\/stage\/wp-json\/wp\/v2\/pages"}],"about":[{"href":"https:\/\/amigosdoweizmann.org.br\/stage\/wp-json\/wp\/v2\/types\/page"}],"author":[{"embeddable":true,"href":"https:\/\/amigosdoweizmann.org.br\/stage\/wp-json\/wp\/v2\/users\/2"}],"replies":[{"embeddable":true,"href":"https:\/\/amigosdoweizmann.org.br\/stage\/wp-json\/wp\/v2\/comments?post=54"}],"version-history":[{"count":19,"href":"https:\/\/amigosdoweizmann.org.br\/stage\/wp-json\/wp\/v2\/pages\/54\/revisions"}],"predecessor-version":[{"id":6484,"href":"https:\/\/amigosdoweizmann.org.br\/stage\/wp-json\/wp\/v2\/pages\/54\/revisions\/6484"}],"wp:attachment":[{"href":"https:\/\/amigosdoweizmann.org.br\/stage\/wp-json\/wp\/v2\/media?parent=54"}],"curies":[{"name":"wp","href":"https:\/\/api.w.org\/{rel}","templated":true}]}}