{"id":5597,"date":"2018-02-15T13:14:48","date_gmt":"2018-02-15T13:14:48","guid":{"rendered":"http:\/\/amigosdoweizmann.org.br\/stage\/?page_id=5597"},"modified":"2024-03-18T16:35:05","modified_gmt":"2024-03-18T16:35:05","slug":"a-escola-de-verao","status":"publish","type":"page","link":"https:\/\/amigosdoweizmann.org.br\/stage\/a-escola-de-verao\/","title":{"rendered":"A Escola de Ver\u00e3o"},"content":{"rendered":"<p>[vc_row][vc_column width=&#8221;2\/3&#8243;][vc_column_text]<br \/>\n<a href=\"http:\/\/amigosdoweizmann.org.br\/stage\/wp-content\/uploads\/2024\/03\/comunicado-escolaverao-2024.jpg\"><img loading=\"lazy\" class=\"aligncenter wp-image-10333\" src=\"http:\/\/amigosdoweizmann.org.br\/stage\/wp-content\/uploads\/2024\/03\/comunicado-escolaverao-2024.jpg\" alt=\"\" width=\"611\" height=\"231\" srcset=\"https:\/\/amigosdoweizmann.org.br\/stage\/wp-content\/uploads\/2024\/03\/comunicado-escolaverao-2024.jpg 980w, https:\/\/amigosdoweizmann.org.br\/stage\/wp-content\/uploads\/2024\/03\/comunicado-escolaverao-2024-768x289.jpg 768w, https:\/\/amigosdoweizmann.org.br\/stage\/wp-content\/uploads\/2024\/03\/comunicado-escolaverao-2024-320x120.jpg 320w, https:\/\/amigosdoweizmann.org.br\/stage\/wp-content\/uploads\/2024\/03\/comunicado-escolaverao-2024-480x181.jpg 480w, https:\/\/amigosdoweizmann.org.br\/stage\/wp-content\/uploads\/2024\/03\/comunicado-escolaverao-2024-800x302.jpg 800w\" sizes=\"(max-width: 611px) 100vw, 611px\" \/><\/a><\/p>\n<p>&nbsp;<\/p>\n<h2 style=\"text-align: center;\"><strong>Oportunidade \u00fanica para participar diretamente de pesquisa cient\u00edfica de ponta, conhecer Israel, se relacionar com jovens de v\u00e1rios pa\u00edses e com renomados cientistas.<\/strong><\/h2>\n<p>[\/vc_column_text][vc_column_text]A Escola de Ver\u00e3o do Instituto Weizmann (<a href=\"http:\/\/davidson.weizmann.ac.il\/en\/issi\" target=\"_blank\" rel=\"noopener noreferrer\">Dr. Bessie F. Lawrence International Summer Science Institute<\/a>) \u00e9 um programa anual do Weizmann Institute of Science em Rehovot, Israel. Participam deste programa cerca de 80 estudantes rec\u00e9m formados no segundo grau, provenientes de diversas partes do mundo.<\/p>\n<p>Os participantes t\u00eam a oportunidade de adquirir experi\u00eancia direta em pesquisa de ponta trabalhando em laborat\u00f3rios e desenvolvendo projetos de investiga\u00e7\u00e3o ao lado de profissionais.<\/p>\n<p>Tr\u00eas semanas s\u00e3o dedicadas \u00e0 pesquisa cient\u00edfica de laborat\u00f3rio. Durante esse per\u00edodo, ocorrem palestras, semin\u00e1rios departamentais e visitas a algumas das instala\u00e7\u00f5es de \u00faltima gera\u00e7\u00e3o no campus. Os participantes passaram a \u00faltima semana do programa no deserto da Jud\u00e9ia e no Negev com guias experientes da Sde Boker Field School.<\/p>\n<p>Na escola de campo, grupos estudantis estudam sobreviv\u00eancia no deserto, bem como a vida selvagem, ecologia, arqueologia e hist\u00f3ria da \u00e1rea circundante. Isto \u00e9 feito principalmente atrav\u00e9s da experi\u00eancia de primeira m\u00e3o, incluindo caminhadas extensas na natureza, experi\u00eancias de campo, observa\u00e7\u00e3o da vida selvagem e demonstra\u00e7\u00f5es.[\/vc_column_text][\/vc_column][vc_column width=&#8221;1\/3&#8243;][vc_single_image image=&#8221;5102&#8243; img_size=&#8221;medium&#8221;][vc_column_text]<\/p>\n<p style=\"text-align: center;\"><a href=\"http:\/\/amigosdoweizmann.org.br\/stage\/escola-de-verao\/#galeriafotos\"><strong>Veja a galeria de fotos<\/strong><\/a><\/p>\n<p>[\/vc_column_text][vc_video link=&#8221;https:\/\/www.youtube.com\/watch?v=zUpyxOA4jX8&amp;t=12s&#8221; title=&#8221;Bolistas 2018 na Escola de Ver\u00e3o&#8221;][\/vc_column][vc_column][vc_column_text]O Brasil tem encaminhado alunos desde 1983 e o processo seletivo alcan\u00e7a alunos em todas as universidade brasileiras \u2013 de Norte ao Sul, de Leste a Oeste.<\/p>\n<p>Os candidatos selecionados, dos mais de 2.000 avaliados, recebem <strong>bolsa integral<\/strong> (viagem, estadia e taxas de atividades) financiada pelo Grupo dos Amigos do Instituto Weizmann do Brasil. Duas vagas para o programa s\u00e3o preenchidas nas Feiras de Ci\u00eancias do Brasil, que re\u00fanem centenas de estudantes que mostram seus trabalhos cient\u00edficos. Ser\u00e3o premiados com uma bolsa para a Escola de Ver\u00e3o do Weizmann um aluno das Feiras de Ci\u00eancia \u2013 Mostratec (Novo Hamburgo, Rio Grande do Sul) e um aluno da FEBRACE (Escola Polit\u00e9cnica da USP).<\/p>\n<p>Duas vagas s\u00e3o preenchidas atrav\u00e9s da sele\u00e7\u00e3o geral (formul\u00e1rio no site + entrevista aos pr\u00e9-selecionados). Assim, alunos que t\u00eam interesse em se tornarem cientistas, desde muito jovens ter\u00e3o a fant\u00e1stica oportunidade de inciar uma rede de contatos \u00fateis para toda a vida, mostrando ao mundo a qualidade da forma\u00e7\u00e3o brasileira e voltando para o Brasil com um enriquecimento cient\u00edfico e de vida extremamente valioso.[\/vc_column_text][\/vc_column][\/vc_row][vc_row][vc_column][vc_tta_tabs active_section=&#8221;1&#8243; css=&#8221;.vc_custom_1498580039735{padding-right: 40px !important;padding-left: 41px !important;}&#8221;][vc_tta_section title=&#8221;Oportunidade de viver ci\u00eancia&#8221; tab_id=&#8221;1467849928497-0d8896b1-b9df&#8221;][vc_column_text]<a name=\"galeriafotos\"><\/a><img loading=\"lazy\" class=\"wp-image-3163 alignleft\" src=\"http:\/\/amigosdoweizmann.org.br\/site\/wp-content\/uploads\/2013\/08\/lab.jpg\" alt=\"lab\" width=\"400\" height=\"200\" srcset=\"https:\/\/amigosdoweizmann.org.br\/stage\/wp-content\/uploads\/2013\/08\/lab.jpg 800w, https:\/\/amigosdoweizmann.org.br\/stage\/wp-content\/uploads\/2013\/08\/lab-768x384.jpg 768w\" sizes=\"(max-width: 400px) 100vw, 400px\" \/><\/p>\n<p>Estudantes do programa t\u00eam \u00e0 sua disposi\u00e7\u00e3o laborat\u00f3rios nas \u00e1reas de bioqu\u00edmica, biologia, qu\u00edmica, matem\u00e1tica, ci\u00eancia da computa\u00e7\u00e3o e f\u00edsica. Al\u00e9m disso, t\u00eam a oportunidade de participar de semin\u00e1rios de pesquisa dados por pesquisadores experientes, e a oportunidade de apresentar semin\u00e1rios em assuntos de seu interesse.[\/vc_column_text][\/vc_tta_section][vc_tta_section title=&#8221;&#8230;de conhecer o deserto&#8221; tab_id=&#8221;1467849928652-3e0151b2-2922&#8243;][vc_column_text]<img loading=\"lazy\" class=\"wp-image-3164 alignleft\" src=\"http:\/\/amigosdoweizmann.org.br\/site\/wp-content\/uploads\/2013\/08\/Deserto.jpg\" alt=\"Deserto\" width=\"400\" height=\"200\" srcset=\"https:\/\/amigosdoweizmann.org.br\/stage\/wp-content\/uploads\/2013\/08\/Deserto.jpg 800w, https:\/\/amigosdoweizmann.org.br\/stage\/wp-content\/uploads\/2013\/08\/Deserto-768x384.jpg 768w\" sizes=\"(max-width: 400px) 100vw, 400px\" \/><\/p>\n<p>Ap\u00f3s tr\u00eas semanas de trabalho laboratorial, o grupo se desloca para trabalho de campo pr\u00f3ximo ao Mar Morto, onde realiza no local estudos da biologia, geografia, hist\u00f3ria e arqueologia.[\/vc_column_text][\/vc_tta_section][vc_tta_section title=&#8221;Israel&#8221; tab_id=&#8221;1467849931995-707b7b88-d09b&#8221;][vc_column_text]<img loading=\"lazy\" class=\"wp-image-3165 alignleft\" src=\"http:\/\/amigosdoweizmann.org.br\/site\/wp-content\/uploads\/2013\/08\/jerusalem.jpg\" alt=\"jerusalem\" width=\"400\" height=\"200\" srcset=\"https:\/\/amigosdoweizmann.org.br\/stage\/wp-content\/uploads\/2013\/08\/jerusalem.jpg 800w, https:\/\/amigosdoweizmann.org.br\/stage\/wp-content\/uploads\/2013\/08\/jerusalem-768x384.jpg 768w\" sizes=\"(max-width: 400px) 100vw, 400px\" \/><\/p>\n<p>Durante o per\u00edodo de est\u00e1gio h\u00e1 oportunidade de visitas a outras regi\u00f5es do pa\u00eds, atividades noturnas e de recrea\u00e7\u00e3o.[\/vc_column_text][\/vc_tta_section][vc_tta_section title=&#8221;Veja bolsistas brasileiros&#8221; tab_id=&#8221;1495568333885-b9f5ac88-36c4&#8243;][vc_column_text]<\/p>\n<p style=\"text-align: center;\"><a href=\"http:\/\/amigosdoweizmann.org.br\/stage\/quem-ja-fez\/\">Clique aqui e conhe\u00e7a os bolsistas.<\/a><\/p>\n<p>[\/vc_column_text][\/vc_tta_section][vc_tta_section title=&#8221; Assista! &#8221; tab_id=&#8221;1467850394237-38643666-9b66&#8243;][vc_video link=&#8221;https:\/\/www.youtube.com\/watch?v=zUpyxOA4jX8&amp;t=12s&#8221; el_width=&#8221;50&#8243; align=&#8221;center&#8221;][\/vc_tta_section][\/vc_tta_tabs][\/vc_column][\/vc_row][vc_row][vc_column][vc_gallery type=&#8221;image_grid&#8221; images=&#8221;5058,3168,3171,3172,4601,4602&#8243; img_size=&#8221;thumb&#8221; title=&#8221;Veja algumas fotos da Escola de Ver\u00e3o&#8221;][\/vc_column][\/vc_row]<\/p>\n","protected":false},"excerpt":{"rendered":"<p>[vc_row][vc_column width=&#8221;2\/3&#8243;][vc_column_text] &nbsp; Oportunidade \u00fanica para participar diretamente de pesquisa cient\u00edfica de ponta, conhecer Israel, se relacionar com jovens de v\u00e1rios pa\u00edses e com renomados cientistas. [\/vc_column_text][vc_column_text]A Escola de Ver\u00e3o do Instituto Weizmann (Dr. Bessie F. Lawrence International Summer Science Institute) \u00e9 um programa anual do Weizmann Institute of Science em Rehovot, Israel. Participam deste programa cerca de 80 estudantes rec\u00e9m formados no segundo grau, provenientes de diversas partes do mundo. Os participantes t\u00eam a oportunidade de adquirir experi\u00eancia direta em pesquisa de ponta trabalhando em laborat\u00f3rios e desenvolvendo projetos de investiga\u00e7\u00e3o ao lado de profissionais. Tr\u00eas semanas s\u00e3o dedicadas \u00e0 pesquisa cient\u00edfica de laborat\u00f3rio. Durante esse per\u00edodo, ocorrem palestras, semin\u00e1rios departamentais e visitas a algumas das instala\u00e7\u00f5es de \u00faltima gera\u00e7\u00e3o no campus. Os participantes passaram a \u00faltima semana do programa no deserto da Jud\u00e9ia e no Negev com guias experientes da Sde Boker Field School. Na escola de campo, grupos estudantis estudam sobreviv\u00eancia no deserto, bem como a vida selvagem, ecologia, arqueologia e hist\u00f3ria da \u00e1rea circundante. Isto \u00e9 feito principalmente atrav\u00e9s da experi\u00eancia de primeira m\u00e3o, incluindo caminhadas extensas na natureza, experi\u00eancias de campo, observa\u00e7\u00e3o da vida selvagem e demonstra\u00e7\u00f5es.[\/vc_column_text][\/vc_column][vc_column width=&#8221;1\/3&#8243;][vc_single_image image=&#8221;5102&#8243; img_size=&#8221;medium&#8221;][vc_column_text] Veja a galeria de fotos [\/vc_column_text][vc_video link=&#8221;https:\/\/www.youtube.com\/watch?v=zUpyxOA4jX8&amp;t=12s&#8221; title=&#8221;Bolistas 2018 na Escola de Ver\u00e3o&#8221;][\/vc_column][vc_column][vc_column_text]O Brasil tem encaminhado alunos desde 1983 e o processo seletivo alcan\u00e7a alunos em todas as universidade brasileiras \u2013 de Norte ao Sul, de Leste a Oeste. Os candidatos selecionados, dos mais de 2.000 avaliados, recebem bolsa integral (viagem, estadia e taxas de atividades) financiada pelo Grupo dos Amigos do Instituto Weizmann do Brasil. Duas vagas para o programa s\u00e3o preenchidas nas Feiras de Ci\u00eancias do Brasil, que re\u00fanem centenas de estudantes que mostram seus trabalhos cient\u00edficos. Ser\u00e3o premiados com uma bolsa para a Escola de Ver\u00e3o do Weizmann um aluno das Feiras de Ci\u00eancia \u2013 Mostratec (Novo Hamburgo, Rio Grande do Sul) e um aluno da FEBRACE (Escola Polit\u00e9cnica da USP). Duas vagas s\u00e3o preenchidas atrav\u00e9s da sele\u00e7\u00e3o geral (formul\u00e1rio no site + entrevista aos pr\u00e9-selecionados). Assim, alunos que t\u00eam interesse em se tornarem cientistas, desde muito jovens ter\u00e3o a fant\u00e1stica oportunidade [&hellip;]<\/p>\n","protected":false},"author":2,"featured_media":0,"parent":0,"menu_order":0,"comment_status":"closed","ping_status":"closed","template":"","meta":{"_monsterinsights_skip_tracking":false,"_monsterinsights_sitenote_active":false,"_monsterinsights_sitenote_note":"","_monsterinsights_sitenote_category":0},"aioseo_notices":[],"_links":{"self":[{"href":"https:\/\/amigosdoweizmann.org.br\/stage\/wp-json\/wp\/v2\/pages\/5597"}],"collection":[{"href":"https:\/\/amigosdoweizmann.org.br\/stage\/wp-json\/wp\/v2\/pages"}],"about":[{"href":"https:\/\/amigosdoweizmann.org.br\/stage\/wp-json\/wp\/v2\/types\/page"}],"author":[{"embeddable":true,"href":"https:\/\/amigosdoweizmann.org.br\/stage\/wp-json\/wp\/v2\/users\/2"}],"replies":[{"embeddable":true,"href":"https:\/\/amigosdoweizmann.org.br\/stage\/wp-json\/wp\/v2\/comments?post=5597"}],"version-history":[{"count":11,"href":"https:\/\/amigosdoweizmann.org.br\/stage\/wp-json\/wp\/v2\/pages\/5597\/revisions"}],"predecessor-version":[{"id":10339,"href":"https:\/\/amigosdoweizmann.org.br\/stage\/wp-json\/wp\/v2\/pages\/5597\/revisions\/10339"}],"wp:attachment":[{"href":"https:\/\/amigosdoweizmann.org.br\/stage\/wp-json\/wp\/v2\/media?parent=5597"}],"curies":[{"name":"wp","href":"https:\/\/api.w.org\/{rel}","templated":true}]}}