{"id":59,"date":"2013-08-07T13:08:00","date_gmt":"2013-08-07T13:08:00","guid":{"rendered":"http:\/\/doctor.madza-wordpress-premium-themes.com\/?page_id=59"},"modified":"2020-08-06T13:19:14","modified_gmt":"2020-08-06T13:19:14","slug":"escola-de-verao","status":"publish","type":"page","link":"https:\/\/amigosdoweizmann.org.br\/stage\/escola-de-verao\/","title":{"rendered":"Escola de Ver\u00e3o"},"content":{"rendered":"<p>[vc_row][vc_column width=&#8221;2\/3&#8243;][vc_column_text]<\/p>\n<h2 style=\"text-align: center;\"><strong>Oportunidade \u00fanica para participar diretamente de pesquisa cient\u00edfica de ponta, conhecer Israel, se relacionar com jovens de v\u00e1rios pa\u00edses e com renomados cientistas.<\/strong><\/h2>\n<p>[\/vc_column_text][vc_column_text]A Escola de Ver\u00e3o do Instituto Weizmann de Ci\u00eancias (<a href=\"http:\/\/davidson.weizmann.ac.il\/en\/issi\" target=\"_blank\" rel=\"noopener noreferrer\">Dr. Bessie F. Lawrence International Summer Science Institute<\/a>) \u00e9 um programa anual do Weizmann Institute of Science em Rehovot, Israel. Participam deste programa cerca de 80 estudantes rec\u00e9m-formados no segundo grau, provenientes de diversas partes do mundo.<\/p>\n<p>Os participantes t\u00eam a oportunidade de adquirir experi\u00eancia direta em pesquisa de ponta trabalhando em laborat\u00f3rios e desenvolvendo projetos de investiga\u00e7\u00e3o ao lado de profissionais.<\/p>\n<p>Tr\u00eas semanas s\u00e3o dedicadas \u00e0 pesquisa cient\u00edfica de laborat\u00f3rio. Durante esse per\u00edodo ocorrem palestras, semin\u00e1rios departamentais e visitas a algumas das instala\u00e7\u00f5es de \u00faltima gera\u00e7\u00e3o no campus. Os participantes passaram a \u00faltima semana do programa no deserto da Jud\u00e9ia e no Neguev com guias experientes.<\/p>\n<p>Na escola de campo, grupos estudantis estudam sobreviv\u00eancia no deserto, bem como a vida selvagem, ecologia, arqueologia e hist\u00f3ria da \u00e1rea circundante.<\/p>\n<p>Fazem parte do programa caminhadas extensas na natureza, em trilhas rochosas<br \/>\n(de diferentes alturas), nos c\u00f3rregos e no deserto.<br \/>\nEmbora a Escola de Ver\u00e3o do Weizmann seja um programa cient\u00edfico<br \/>\ninternacional, as intera\u00e7\u00f5es e atividades sociais s\u00e3o parte integrante do programa.<br \/>\nAssim, os candidatos aprovados compartilhar\u00e3o quartos (4 camas\/quarto),<br \/>\ntrabalhar\u00e3o em um projeto cient\u00edfico em equipes de 2 a 3 estudantes e se unir\u00e3o<br \/>\npara v\u00e1rias atividades culturais, art\u00edsticas e sociais.[\/vc_column_text][\/vc_column][vc_column width=&#8221;1\/3&#8243;][vc_single_image image=&#8221;6601&#8243; img_size=&#8221;medium&#8221;][vc_column_text]<\/p>\n<p style=\"text-align: center;\"><a href=\"http:\/\/amigosdoweizmann.org.br\/stage\/escola-de-verao\/#galeriafotos\"><strong>Veja a galeria de fotos<\/strong><\/a><\/p>\n<p>[\/vc_column_text][vc_video link=&#8221;https:\/\/youtu.be\/KeIfMBJK5h0&#8243;][vc_column_text]<\/p>\n<p style=\"text-align: center;\"><strong>Bolsistas 2019 na Escola de Ver\u00e3o<\/strong><\/p>\n<p>[\/vc_column_text][vc_cta h2=&#8221;&#8221;]<span style=\"color: #00ccff;\"><em><a style=\"color: #00ccff;\" href=\"http:\/\/amigosdoweizmann.org.br\/stage\/escola-de-verao-2020\/\" target=\"_blank\" rel=\"noopener noreferrer\">Conhe\u00e7a os 5\u00a0selecionados\u00a0para a Escola de Ver\u00e3o do Weizmann 2020<\/a><\/em><\/span>[\/vc_cta][\/vc_column][vc_column][vc_column_text]O Brasil tem encaminhado alunos desde 1983 e o processo seletivo alcan\u00e7a alunos em todas as universidade brasileiras \u2013 de Norte ao Sul, de Leste a Oeste. Os candidatos selecionados, dos mais de 2.000 avaliados, recebem bolsa integral (viagem, estadia e taxas de atividades) financiada pelo Grupo dos Amigos do Weizmann do Brasil.<\/p>\n<p><!-- <strong>Em 2020 o Brasil tem 4 vagas para o programa: 1 vaga ser\u00e1 preenchida por um(a) estudante na FEBRACE\u00a0(18\u00aa Feira Brasileira de Ci\u00eancias e Engenharia)\u00a0e 3 vagas s\u00e3o preenchidas atrav\u00e9s da sele\u00e7\u00e3o geral indicada nesse site (formul\u00e1rio + reda\u00e7\u00e3o + entrevista aos pr\u00e9-selecionados).<\/strong> Assim, alunos que t\u00eam interesse em se tornarem cientistas, desde muito jovens ter\u00e3o a fant\u00e1stica oportunidade de iniciar uma rede de contatos \u00fateis para toda a vida, mostrando ao mundo a qualidade da forma\u00e7\u00e3o brasileira e voltando para o Brasil com um enriquecimento cient\u00edfico e de vida extremamente valioso. -->[\/vc_column_text][\/vc_column][\/vc_row][vc_row][vc_column][vc_tta_tabs active_section=&#8221;1&#8243; css=&#8221;.vc_custom_1498580039735{padding-right: 40px !important;padding-left: 41px !important;}&#8221;][vc_tta_section title=&#8221;Oportunidade de viver ci\u00eancia&#8221; tab_id=&#8221;1467849928497-0d8896b1-b9df&#8221;][vc_column_text]<a name=\"galeriafotos\"><\/a><img loading=\"lazy\" decoding=\"async\" class=\"wp-image-3163 alignleft\" src=\"http:\/\/amigosdoweizmann.org.br\/site\/wp-content\/uploads\/2013\/08\/lab.jpg\" alt=\"lab\" width=\"400\" height=\"200\" srcset=\"https:\/\/amigosdoweizmann.org.br\/stage\/wp-content\/uploads\/2013\/08\/lab.jpg 800w, https:\/\/amigosdoweizmann.org.br\/stage\/wp-content\/uploads\/2013\/08\/lab-768x384.jpg 768w\" sizes=\"auto, (max-width: 400px) 100vw, 400px\" \/><\/p>\n<p>Estudantes do programa t\u00eam \u00e0 sua disposi\u00e7\u00e3o laborat\u00f3rios nas \u00e1reas de bioqu\u00edmica, biologia, qu\u00edmica, matem\u00e1tica, ci\u00eancia da computa\u00e7\u00e3o e f\u00edsica. \u00a0Al\u00e9m disso, t\u00eam a oportunidade de participar de semin\u00e1rios de pesquisa dados por pesquisadores experientes, e a oportunidade de apresentar semin\u00e1rios em assuntos de seu interesse. O programa, inclui a participa\u00e7\u00e3o dos alunos em oficinas de debates e de cria\u00e7\u00e3o de v\u00eddeos curtos, com mensagens cient\u00edficas e que depois poder\u00e3o ser postados nas redes sociais.[\/vc_column_text][\/vc_tta_section][vc_tta_section title=&#8221;&#8230;de conhecer o deserto&#8221; tab_id=&#8221;1467849928652-3e0151b2-2922&#8243;][vc_column_text]<img loading=\"lazy\" decoding=\"async\" class=\"wp-image-3164 alignleft\" src=\"http:\/\/amigosdoweizmann.org.br\/site\/wp-content\/uploads\/2013\/08\/Deserto.jpg\" alt=\"Deserto\" width=\"400\" height=\"200\" srcset=\"https:\/\/amigosdoweizmann.org.br\/stage\/wp-content\/uploads\/2013\/08\/Deserto.jpg 800w, https:\/\/amigosdoweizmann.org.br\/stage\/wp-content\/uploads\/2013\/08\/Deserto-768x384.jpg 768w\" sizes=\"auto, (max-width: 400px) 100vw, 400px\" \/><\/p>\n<p>Ap\u00f3s tr\u00eas semanas de trabalho laboratorial, o grupo se desloca para trabalho de campo pr\u00f3ximo ao Mar Morto, onde realiza no local estudos da biologia, geografia, hist\u00f3ria e arqueologia.[\/vc_column_text][\/vc_tta_section][vc_tta_section title=&#8221;Israel&#8221; tab_id=&#8221;1467849931995-707b7b88-d09b&#8221;][vc_column_text]<img loading=\"lazy\" decoding=\"async\" class=\"wp-image-3165 alignleft\" src=\"http:\/\/amigosdoweizmann.org.br\/site\/wp-content\/uploads\/2013\/08\/jerusalem.jpg\" alt=\"jerusalem\" width=\"400\" height=\"200\" srcset=\"https:\/\/amigosdoweizmann.org.br\/stage\/wp-content\/uploads\/2013\/08\/jerusalem.jpg 800w, https:\/\/amigosdoweizmann.org.br\/stage\/wp-content\/uploads\/2013\/08\/jerusalem-768x384.jpg 768w\" sizes=\"auto, (max-width: 400px) 100vw, 400px\" \/><\/p>\n<p>Durante o per\u00edodo de est\u00e1gio h\u00e1 oportunidade de visitas a outras regi\u00f5es do pa\u00eds, \u00a0atividades noturnas e de recrea\u00e7\u00e3o.[\/vc_column_text][\/vc_tta_section][vc_tta_section title=&#8221;Bolsistas brasileiros&#8221; tab_id=&#8221;1495568333885-b9f5ac88-36c4&#8243;][vc_column_text]<\/p>\n<ul>\n<li style=\"text-align: left;\"><a href=\"http:\/\/amigosdoweizmann.org.br\/stage\/escola-de-verao-2020\/\">Bolsistas 2020 <\/a><\/li>\n<li style=\"text-align: left;\"><a href=\"http:\/\/amigosdoweizmann.org.br\/stage\/quem-ja-fez\/\">Quem j\u00e1 fez <\/a><\/li>\n<\/ul>\n<p>[\/vc_column_text][\/vc_tta_section][vc_tta_section title=&#8221; Assista! &#8221; tab_id=&#8221;1467850394237-38643666-9b66&#8243;][vc_video link=&#8221;https:\/\/youtu.be\/CDZTEFa36FM&#8221; el_width=&#8221;50&#8243; align=&#8221;center&#8221; title=&#8221;Bolsistas 2018 na Escola de Ver\u00e3o&#8221;][\/vc_tta_section][\/vc_tta_tabs][\/vc_column][\/vc_row][vc_row][vc_column][vc_gallery type=&#8221;image_grid&#8221; images=&#8221;7836,6313,6311,7829,7830,7831,7832,7833,7834,7835,7837,7838,7839,7840,7841,7842,7843,6316,5058,3168,3171,3172,4601,4602,6315,7845,7846,7847&#8243; img_size=&#8221;thumb&#8221; title=&#8221;Veja algumas fotos da Escola de Ver\u00e3o&#8221;][\/vc_column][\/vc_row]<\/p>\n","protected":false},"excerpt":{"rendered":"<p>[vc_row][vc_column width=&#8221;2\/3&#8243;][vc_column_text] Oportunidade \u00fanica para participar diretamente de pesquisa cient\u00edfica de ponta, conhecer Israel, se relacionar com jovens de v\u00e1rios pa\u00edses e com renomados cientistas. [\/vc_column_text][vc_column_text]A Escola de Ver\u00e3o do Instituto Weizmann de Ci\u00eancias (Dr. Bessie F. Lawrence International Summer Science Institute) \u00e9 um programa anual do Weizmann Institute of Science em Rehovot, Israel. Participam deste programa cerca de 80 estudantes rec\u00e9m-formados no segundo grau, provenientes de diversas partes do mundo. Os participantes t\u00eam a oportunidade de adquirir experi\u00eancia direta em pesquisa de ponta trabalhando em laborat\u00f3rios e desenvolvendo projetos de investiga\u00e7\u00e3o ao lado de profissionais. Tr\u00eas semanas s\u00e3o dedicadas \u00e0 pesquisa cient\u00edfica de laborat\u00f3rio. Durante esse per\u00edodo ocorrem palestras, semin\u00e1rios departamentais e visitas a algumas das instala\u00e7\u00f5es de \u00faltima gera\u00e7\u00e3o no campus. Os participantes passaram a \u00faltima semana do programa no deserto da Jud\u00e9ia e no Neguev com guias experientes. Na escola de campo, grupos estudantis estudam sobreviv\u00eancia no deserto, bem como a vida selvagem, ecologia, arqueologia e hist\u00f3ria da \u00e1rea circundante. Fazem parte do programa caminhadas extensas na natureza, em trilhas rochosas (de diferentes alturas), nos c\u00f3rregos e no deserto. Embora a Escola de Ver\u00e3o do Weizmann seja um programa cient\u00edfico internacional, as intera\u00e7\u00f5es e atividades sociais s\u00e3o parte integrante do programa. Assim, os candidatos aprovados compartilhar\u00e3o quartos (4 camas\/quarto), trabalhar\u00e3o em um projeto cient\u00edfico em equipes de 2 a 3 estudantes e se unir\u00e3o para v\u00e1rias atividades culturais, art\u00edsticas e sociais.[\/vc_column_text][\/vc_column][vc_column width=&#8221;1\/3&#8243;][vc_single_image image=&#8221;6601&#8243; img_size=&#8221;medium&#8221;][vc_column_text] Veja a galeria de fotos [\/vc_column_text][vc_video link=&#8221;https:\/\/youtu.be\/KeIfMBJK5h0&#8243;][vc_column_text] Bolsistas 2019 na Escola de Ver\u00e3o [\/vc_column_text][vc_cta h2=&#8221;&#8221;]Conhe\u00e7a os 5\u00a0selecionados\u00a0para a Escola de Ver\u00e3o do Weizmann 2020[\/vc_cta][\/vc_column][vc_column][vc_column_text]O Brasil tem encaminhado alunos desde 1983 e o processo seletivo alcan\u00e7a alunos em todas as universidade brasileiras \u2013 de Norte ao Sul, de Leste a Oeste. Os candidatos selecionados, dos mais de 2.000 avaliados, recebem bolsa integral (viagem, estadia e taxas de atividades) financiada pelo Grupo dos Amigos do Weizmann do Brasil. [\/vc_column_text][\/vc_column][\/vc_row][vc_row][vc_column][vc_tta_tabs active_section=&#8221;1&#8243; css=&#8221;.vc_custom_1498580039735{padding-right: 40px !important;padding-left: 41px !important;}&#8221;][vc_tta_section title=&#8221;Oportunidade de viver ci\u00eancia&#8221; tab_id=&#8221;1467849928497-0d8896b1-b9df&#8221;][vc_column_text] Estudantes do programa t\u00eam \u00e0 sua disposi\u00e7\u00e3o laborat\u00f3rios nas \u00e1reas de bioqu\u00edmica, biologia, qu\u00edmica, matem\u00e1tica, ci\u00eancia da computa\u00e7\u00e3o e f\u00edsica. \u00a0Al\u00e9m disso, t\u00eam a oportunidade [&hellip;]<\/p>\n","protected":false},"author":2,"featured_media":0,"parent":0,"menu_order":0,"comment_status":"open","ping_status":"open","template":"","meta":{"_monsterinsights_skip_tracking":false,"_monsterinsights_sitenote_active":false,"_monsterinsights_sitenote_note":"","_monsterinsights_sitenote_category":0,"footnotes":""},"class_list":["post-59","page","type-page","status-publish","hentry"],"aioseo_notices":[],"_links":{"self":[{"href":"https:\/\/amigosdoweizmann.org.br\/stage\/wp-json\/wp\/v2\/pages\/59","targetHints":{"allow":["GET"]}}],"collection":[{"href":"https:\/\/amigosdoweizmann.org.br\/stage\/wp-json\/wp\/v2\/pages"}],"about":[{"href":"https:\/\/amigosdoweizmann.org.br\/stage\/wp-json\/wp\/v2\/types\/page"}],"author":[{"embeddable":true,"href":"https:\/\/amigosdoweizmann.org.br\/stage\/wp-json\/wp\/v2\/users\/2"}],"replies":[{"embeddable":true,"href":"https:\/\/amigosdoweizmann.org.br\/stage\/wp-json\/wp\/v2\/comments?post=59"}],"version-history":[{"count":69,"href":"https:\/\/amigosdoweizmann.org.br\/stage\/wp-json\/wp\/v2\/pages\/59\/revisions"}],"predecessor-version":[{"id":8531,"href":"https:\/\/amigosdoweizmann.org.br\/stage\/wp-json\/wp\/v2\/pages\/59\/revisions\/8531"}],"wp:attachment":[{"href":"https:\/\/amigosdoweizmann.org.br\/stage\/wp-json\/wp\/v2\/media?parent=59"}],"curies":[{"name":"wp","href":"https:\/\/api.w.org\/{rel}","templated":true}]}}