{"id":7390,"date":"2019-07-15T20:13:48","date_gmt":"2019-07-15T20:13:48","guid":{"rendered":"http:\/\/amigosdoweizmann.org.br\/stage\/?page_id=7390"},"modified":"2019-11-01T13:27:04","modified_gmt":"2019-11-01T13:27:04","slug":"podcast","status":"publish","type":"page","link":"https:\/\/amigosdoweizmann.org.br\/stage\/podcast\/","title":{"rendered":"Podcast"},"content":{"rendered":"<p>[vc_row][vc_column][vc_column_text]<\/p>\n<h3><strong>Siga Weizmann Voices! Novo podcast do Instituto Weizmann de Ci\u00eancias<\/strong><\/h3>\n<p>Bate papo com cientistas, estudantes, alumni, e Amigos do Weizmann dispon\u00edvel em<br \/>\nSoundcloud, Stitcher e Spotify (Ingl\u00eas).<\/p>\n<p>Podcast dispon\u00edveis:[\/vc_column_text][\/vc_column][\/vc_row][vc_row][vc_column width=&#8221;1\/2&#8243;][vc_column_text]<strong>Educa\u00e7\u00e3o cient\u00edfica para todos, by Weizmann<\/strong><br \/>\nO Davidson Institute, bra\u00e7o de Educa\u00e7\u00e3o Cient\u00edfica do Instituto Weizmann de Ci\u00eancias (WIS), tem um papel vital na cria\u00e7\u00e3o de programas de alfabetiza\u00e7\u00e3o cient\u00edfica em Israel. Ou\u00e7a neste epis\u00f3dio do WeizmannVoices, o podcast do WIS, uma conversa com sua diretora geral a Dra. Liat Ben-David. Ela mostra uma vis\u00e3o do trabalho do Instituto Davidson que pode ser considerado um modelo global.[\/vc_column_text][\/vc_column][vc_column width=&#8221;1\/2&#8243;][vc_column_text]<iframe loading=\"lazy\" src=\"https:\/\/w.soundcloud.com\/player\/?url=https%3A\/\/api.soundcloud.com\/tracks\/693611392&amp;color=%23ff5500&amp;auto_play=false&amp;hide_related=false&amp;show_comments=true&amp;show_user=true&amp;show_reposts=false&amp;show_teaser=true\" width=\"100%\" height=\"166\" frameborder=\"no\" scrolling=\"no\"><\/iframe>[\/vc_column_text][\/vc_column][\/vc_row][vc_row][vc_column][vc_separator][\/vc_column][\/vc_row][vc_row][vc_column width=&#8221;1\/2&#8243;][vc_column_text]<iframe loading=\"lazy\" src=\"https:\/\/w.soundcloud.com\/player\/?url=https%3A\/\/api.soundcloud.com\/tracks\/650864249&amp;color=%23ff5500&amp;auto_play=false&amp;hide_related=false&amp;show_comments=true&amp;show_user=true&amp;show_reposts=false&amp;show_teaser=true&amp;visual=true\" width=\"100%\" height=\"300\" frameborder=\"no\" scrolling=\"no\"><\/iframe>[\/vc_column_text][\/vc_column][vc_column width=&#8221;1\/2&#8243;][vc_column_text]<strong>Breaking boundaries<\/strong><br \/>\nDr. Ori Avinoam talks to WeizmannVoices about the boundaries of cells, the cell membrane. This Weizmann scientist is pushing the boundaries of knowledge about how membranes do their job of protecting cells and serving as the gatekeepers of what comes in and what goes out.[\/vc_column_text][\/vc_column][\/vc_row][vc_row][vc_column][vc_separator][\/vc_column][\/vc_row][vc_row][vc_column width=&#8221;1\/2&#8243;][vc_column_text]<strong>Sting operation: Dr. Neta Regev-Rudski talks to WeizmannVoices on finding a cure for<\/strong><strong> malaria<\/strong><br \/>\nHow do malaria parasites trick the immune system? Dr. Neta Regev-Rudzki talks to WeizmannVoices about her research on malaria and how understanding the communication systems of malaria parasites may be an important step to a cure.[\/vc_column_text][\/vc_column][vc_column width=&#8221;1\/2&#8243;][vc_column_text]<iframe loading=\"lazy\" src=\"https:\/\/w.soundcloud.com\/player\/?url=https%3A\/\/api.soundcloud.com\/tracks\/649060217&amp;color=%23ff5500&amp;auto_play=false&amp;hide_related=false&amp;show_comments=true&amp;show_user=true&amp;show_reposts=false&amp;show_teaser=true\" width=\"100%\" height=\"166\" frameborder=\"no\" scrolling=\"no\"><\/iframe>[\/vc_column_text][\/vc_column][\/vc_row][vc_row][vc_column][vc_separator][\/vc_column][\/vc_row][vc_row][vc_column width=&#8221;1\/2&#8243;][vc_column_text]<iframe loading=\"lazy\" src=\"https:\/\/w.soundcloud.com\/player\/?url=https%3A\/\/api.soundcloud.com\/tracks\/638406852&amp;color=%23ff5500&amp;auto_play=false&amp;hide_related=false&amp;show_comments=true&amp;show_user=true&amp;show_reposts=false&amp;show_teaser=true&amp;visual=true\" width=\"100%\" height=\"300\" frameborder=\"no\" scrolling=\"no\"><\/iframe>[\/vc_column_text][\/vc_column][vc_column width=&#8221;1\/2&#8243;][vc_column_text]<strong>Superplants and superfoods: A conversation with Prof. Asaph Aharoni<\/strong><br \/>\nDid you know that for plants to stay alive and thrive, they generate chemicals that keep competing plants at bay&#8211;chemicals that could serve as natural pesticides? Prof. Asaph Aharoni explores this and other intriguing challenges in plant and food science, so that crops and the foods we eat may be healthier, sturdier, and more plentiful.[\/vc_column_text][\/vc_column][\/vc_row]<\/p>\n","protected":false},"excerpt":{"rendered":"<p>[vc_row][vc_column][vc_column_text] Siga Weizmann Voices! Novo podcast do Instituto Weizmann de Ci\u00eancias Bate papo com cientistas, estudantes, alumni, e Amigos do Weizmann dispon\u00edvel em Soundcloud, Stitcher e Spotify (Ingl\u00eas). Podcast dispon\u00edveis:[\/vc_column_text][\/vc_column][\/vc_row][vc_row][vc_column width=&#8221;1\/2&#8243;][vc_column_text]Educa\u00e7\u00e3o cient\u00edfica para todos, by Weizmann O Davidson Institute, bra\u00e7o de Educa\u00e7\u00e3o Cient\u00edfica do Instituto Weizmann de Ci\u00eancias (WIS), tem um papel vital na cria\u00e7\u00e3o de programas de alfabetiza\u00e7\u00e3o cient\u00edfica em Israel. Ou\u00e7a neste epis\u00f3dio do WeizmannVoices, o podcast do WIS, uma conversa com sua diretora geral a Dra. Liat Ben-David. Ela mostra uma vis\u00e3o do trabalho do Instituto Davidson que pode ser considerado um modelo global.[\/vc_column_text][\/vc_column][vc_column width=&#8221;1\/2&#8243;][vc_column_text][\/vc_column_text][\/vc_column][\/vc_row][vc_row][vc_column][vc_separator][\/vc_column][\/vc_row][vc_row][vc_column width=&#8221;1\/2&#8243;][vc_column_text][\/vc_column_text][\/vc_column][vc_column width=&#8221;1\/2&#8243;][vc_column_text]Breaking boundaries Dr. Ori Avinoam talks to WeizmannVoices about the boundaries of cells, the cell membrane. This Weizmann scientist is pushing the boundaries of knowledge about how membranes do their job of protecting cells and serving as the gatekeepers of what comes in and what goes out.[\/vc_column_text][\/vc_column][\/vc_row][vc_row][vc_column][vc_separator][\/vc_column][\/vc_row][vc_row][vc_column width=&#8221;1\/2&#8243;][vc_column_text]Sting operation: Dr. Neta Regev-Rudski talks to WeizmannVoices on finding a cure for malaria How do malaria parasites trick the immune system? Dr. Neta Regev-Rudzki talks to WeizmannVoices about her research on malaria and how understanding the communication systems of malaria parasites may be an important step to a cure.[\/vc_column_text][\/vc_column][vc_column width=&#8221;1\/2&#8243;][vc_column_text][\/vc_column_text][\/vc_column][\/vc_row][vc_row][vc_column][vc_separator][\/vc_column][\/vc_row][vc_row][vc_column width=&#8221;1\/2&#8243;][vc_column_text][\/vc_column_text][\/vc_column][vc_column width=&#8221;1\/2&#8243;][vc_column_text]Superplants and superfoods: A conversation with Prof. Asaph Aharoni Did you know that for plants to stay alive and thrive, they generate chemicals that keep competing plants at bay&#8211;chemicals that could serve as natural pesticides? Prof. Asaph Aharoni explores this and other intriguing challenges in plant and food science, so that crops and the foods we eat may be healthier, sturdier, and more plentiful.[\/vc_column_text][\/vc_column][\/vc_row]<\/p>\n","protected":false},"author":2,"featured_media":0,"parent":0,"menu_order":0,"comment_status":"closed","ping_status":"closed","template":"","meta":{"_monsterinsights_skip_tracking":false,"_monsterinsights_sitenote_active":false,"_monsterinsights_sitenote_note":"","_monsterinsights_sitenote_category":0},"aioseo_notices":[],"_links":{"self":[{"href":"https:\/\/amigosdoweizmann.org.br\/stage\/wp-json\/wp\/v2\/pages\/7390"}],"collection":[{"href":"https:\/\/amigosdoweizmann.org.br\/stage\/wp-json\/wp\/v2\/pages"}],"about":[{"href":"https:\/\/amigosdoweizmann.org.br\/stage\/wp-json\/wp\/v2\/types\/page"}],"author":[{"embeddable":true,"href":"https:\/\/amigosdoweizmann.org.br\/stage\/wp-json\/wp\/v2\/users\/2"}],"replies":[{"embeddable":true,"href":"https:\/\/amigosdoweizmann.org.br\/stage\/wp-json\/wp\/v2\/comments?post=7390"}],"version-history":[{"count":10,"href":"https:\/\/amigosdoweizmann.org.br\/stage\/wp-json\/wp\/v2\/pages\/7390\/revisions"}],"predecessor-version":[{"id":7632,"href":"https:\/\/amigosdoweizmann.org.br\/stage\/wp-json\/wp\/v2\/pages\/7390\/revisions\/7632"}],"wp:attachment":[{"href":"https:\/\/amigosdoweizmann.org.br\/stage\/wp-json\/wp\/v2\/media?parent=7390"}],"curies":[{"name":"wp","href":"https:\/\/api.w.org\/{rel}","templated":true}]}}