{"id":8988,"date":"2021-06-23T16:37:35","date_gmt":"2021-06-23T16:37:35","guid":{"rendered":"http:\/\/amigosdoweizmann.org.br\/stage\/?page_id=8988"},"modified":"2021-06-23T17:47:51","modified_gmt":"2021-06-23T17:47:51","slug":"videos-weizmann-na-midia","status":"publish","type":"page","link":"https:\/\/amigosdoweizmann.org.br\/stage\/videos-weizmann-na-midia\/","title":{"rendered":"V\u00eddeos Weizmann na M\u00eddia"},"content":{"rendered":"<p>[vc_row el_id=&#8221;midia&#8221;][vc_column][vc_text_separator title=&#8221;Weizmann na M\u00eddia&#8221;][\/vc_column][\/vc_row][vc_row full_width=&#8221;stretch_row&#8221; video_bg=&#8221;yes&#8221; video_bg_parallax=&#8221;content-moving&#8221; css=&#8221;.vc_custom_1495203478862{margin-bottom: 0px !important;border-bottom-width: 0px !important;padding-top: 150px !important;padding-bottom: 0px !important;}&#8221;][vc_column][vc_video link=&#8221;https:\/\/youtu.be\/b2ZE9srxCj0&#8243;][vc_column_text]<span id=\"eow-title\" class=\"watch-title\" dir=\"ltr\" title=\"O sucesso do Instituto Weizmann, segundo a midia\">Amigos do Weizmann no Rio<\/span>[\/vc_column_text][\/vc_column][\/vc_row][vc_row][vc_column width=&#8221;1\/4&#8243;][vc_video link=&#8221;https:\/\/youtu.be\/ULSWf_RjNMc&#8221;][vc_column_text]<span id=\"eow-title\" class=\"watch-title\" dir=\"ltr\" title=\"Nova Stella - Experi\u00eancia como bolsista no Instituto Weizmann\/Israel - 16\u00aa Temporada - PGM 08\"><span id=\"eow-title\" class=\"watch-title\" dir=\"ltr\" title=\"O sucesso do Instituto Weizmann, segundo a midia\">Depoimento do Ivan Ferreira para a Febrace na qual ressalta o est\u00e1gio no Weizmann<\/span><\/span>[\/vc_column_text][\/vc_column][vc_column width=&#8221;1\/4&#8243;][vc_video link=&#8221;https:\/\/youtu.be\/IZCuOndeoGU?list=PLb2vHyFJF4hOt9uzhQDnrQeeEnGd2ZnEw&#8221;][vc_column_text]<\/p>\n<p class=\"watch-title-container\"><span id=\"eow-title\" class=\"watch-title\" dir=\"ltr\" title=\"Nova Stella - Parceria Instituto Weizmann e Universidades Brasileiras - 16\u00aa Temporada - PGM 09\">Nova Stella &#8211; Parceria Instituto Weizmann e Universidades Brasileiras &#8211; 16\u00aa Temporada &#8211; PGM 09<\/span><\/p>\n<p>[\/vc_column_text][\/vc_column][vc_column width=&#8221;1\/4&#8243;][vc_video link=&#8221;https:\/\/youtu.be\/rb-TP_uZfEA?list=PLb2vHyFJF4hOt9uzhQDnrQeeEnGd2ZnEw&#8221;][vc_column_text]<span id=\"eow-title\" class=\"watch-title\" dir=\"ltr\" title=\"Nova Stella - Experi\u00eancia como bolsista no Instituto Weizmann\/Israel - 16\u00aa Temporada - PGM 08\">Nova Stella \u2013 Experi\u00eancia como bolsista no Instituto Weizmann\/Israel \u2013 16\u00aa Temporada \u2013 PGM 08<\/span>[\/vc_column_text][\/vc_column][vc_column width=&#8221;1\/4&#8243;][vc_video link=&#8221;https:\/\/youtu.be\/aiXD6qiATN0?list=PLb2vHyFJF4hOt9uzhQDnrQeeEnGd2ZnEw&#8221;][vc_column_text]Nova Stella &#8211; ABRIC: Associa\u00e7\u00e3o Brasileira de Incentivo \u00e0 Ci\u00eancia &#8211; 16\u00aa Temporada &#8211; PGM 10[\/vc_column_text][\/vc_column][\/vc_row][vc_row][vc_column width=&#8221;1\/4&#8243;][vc_video link=&#8221;https:\/\/www.youtube.com\/watch?v=XYWRyDC-yn0&#8243;][vc_column_text]<a name=\"brasil\"><\/a><span id=\"eow-title\" class=\"watch-title\" dir=\"ltr\" title=\"O sucesso do Instituto Weizmann, segundo a midia\"><span id=\"eow-title\" class=\"watch-title\" dir=\"ltr\" title=\"Simp\u00f3sio sobre neuroci\u00eancia\">Simp\u00f3sio sobre neuroci\u00eancia<\/span><\/span>[\/vc_column_text][\/vc_column][vc_column width=&#8221;1\/4&#8243;][\/vc_column][vc_column width=&#8221;1\/4&#8243;][vc_column_text]<a name=\"brasil\"><\/a><span id=\"eow-title\" class=\"watch-title\" dir=\"ltr\" title=\"O sucesso do Instituto Weizmann, segundo a midia\"><span id=\"eow-title\" class=\"watch-title\" dir=\"ltr\" title=\"&quot;Highlights\"><\/span>[\/vc_column_text][\/vc_column][vc_column width=&#8221;1\/4&#8243;][\/vc_column][\/vc_row]<\/span><\/p>\n","protected":false},"excerpt":{"rendered":"<p>[vc_row el_id=&#8221;midia&#8221;][vc_column][vc_text_separator title=&#8221;Weizmann na M\u00eddia&#8221;][\/vc_column][\/vc_row][vc_row full_width=&#8221;stretch_row&#8221; video_bg=&#8221;yes&#8221; video_bg_parallax=&#8221;content-moving&#8221; css=&#8221;.vc_custom_1495203478862{margin-bottom: 0px !important;border-bottom-width: 0px !important;padding-top: 150px !important;padding-bottom: 0px !important;}&#8221;][vc_column][vc_video link=&#8221;https:\/\/youtu.be\/b2ZE9srxCj0&#8243;][vc_column_text]Amigos do Weizmann no Rio[\/vc_column_text][\/vc_column][\/vc_row][vc_row][vc_column width=&#8221;1\/4&#8243;][vc_video link=&#8221;https:\/\/youtu.be\/ULSWf_RjNMc&#8221;][vc_column_text]Depoimento do Ivan Ferreira para a Febrace na qual ressalta o est\u00e1gio no Weizmann[\/vc_column_text][\/vc_column][vc_column width=&#8221;1\/4&#8243;][vc_video link=&#8221;https:\/\/youtu.be\/IZCuOndeoGU?list=PLb2vHyFJF4hOt9uzhQDnrQeeEnGd2ZnEw&#8221;][vc_column_text] Nova Stella &#8211; Parceria Instituto Weizmann e Universidades Brasileiras &#8211; 16\u00aa Temporada &#8211; PGM 09 [\/vc_column_text][\/vc_column][vc_column width=&#8221;1\/4&#8243;][vc_video link=&#8221;https:\/\/youtu.be\/rb-TP_uZfEA?list=PLb2vHyFJF4hOt9uzhQDnrQeeEnGd2ZnEw&#8221;][vc_column_text]Nova Stella \u2013 Experi\u00eancia como bolsista no Instituto Weizmann\/Israel \u2013 16\u00aa Temporada \u2013 PGM 08[\/vc_column_text][\/vc_column][vc_column width=&#8221;1\/4&#8243;][vc_video link=&#8221;https:\/\/youtu.be\/aiXD6qiATN0?list=PLb2vHyFJF4hOt9uzhQDnrQeeEnGd2ZnEw&#8221;][vc_column_text]Nova Stella &#8211; ABRIC: Associa\u00e7\u00e3o Brasileira de Incentivo \u00e0 Ci\u00eancia &#8211; 16\u00aa Temporada &#8211; PGM 10[\/vc_column_text][\/vc_column][\/vc_row][vc_row][vc_column width=&#8221;1\/4&#8243;][vc_video link=&#8221;https:\/\/www.youtube.com\/watch?v=XYWRyDC-yn0&#8243;][vc_column_text]Simp\u00f3sio sobre neuroci\u00eancia[\/vc_column_text][\/vc_column][vc_column width=&#8221;1\/4&#8243;][\/vc_column][vc_column width=&#8221;1\/4&#8243;][vc_column_text][\/vc_column_text][\/vc_column][vc_column width=&#8221;1\/4&#8243;][\/vc_column][\/vc_row]<\/p>\n","protected":false},"author":2,"featured_media":0,"parent":0,"menu_order":0,"comment_status":"closed","ping_status":"closed","template":"","meta":{"_monsterinsights_skip_tracking":false,"_monsterinsights_sitenote_active":false,"_monsterinsights_sitenote_note":"","_monsterinsights_sitenote_category":0},"aioseo_notices":[],"_links":{"self":[{"href":"https:\/\/amigosdoweizmann.org.br\/stage\/wp-json\/wp\/v2\/pages\/8988"}],"collection":[{"href":"https:\/\/amigosdoweizmann.org.br\/stage\/wp-json\/wp\/v2\/pages"}],"about":[{"href":"https:\/\/amigosdoweizmann.org.br\/stage\/wp-json\/wp\/v2\/types\/page"}],"author":[{"embeddable":true,"href":"https:\/\/amigosdoweizmann.org.br\/stage\/wp-json\/wp\/v2\/users\/2"}],"replies":[{"embeddable":true,"href":"https:\/\/amigosdoweizmann.org.br\/stage\/wp-json\/wp\/v2\/comments?post=8988"}],"version-history":[{"count":2,"href":"https:\/\/amigosdoweizmann.org.br\/stage\/wp-json\/wp\/v2\/pages\/8988\/revisions"}],"predecessor-version":[{"id":8992,"href":"https:\/\/amigosdoweizmann.org.br\/stage\/wp-json\/wp\/v2\/pages\/8988\/revisions\/8992"}],"wp:attachment":[{"href":"https:\/\/amigosdoweizmann.org.br\/stage\/wp-json\/wp\/v2\/media?parent=8988"}],"curies":[{"name":"wp","href":"https:\/\/api.w.org\/{rel}","templated":true}]}}