{"id":8990,"date":"2021-06-23T17:43:15","date_gmt":"2021-06-23T17:43:15","guid":{"rendered":"http:\/\/amigosdoweizmann.org.br\/stage\/?page_id=8990"},"modified":"2021-06-23T18:04:39","modified_gmt":"2021-06-23T18:04:39","slug":"videos-weizmann-brasil","status":"publish","type":"page","link":"https:\/\/amigosdoweizmann.org.br\/stage\/videos-weizmann-brasil\/","title":{"rendered":"V\u00eddeos Weizmann Brasil"},"content":{"rendered":"<p>[vc_row el_id=&#8221;brasil&#8221;][vc_column][vc_text_separator title=&#8221;Weizmann Brasil&#8221;][\/vc_column][\/vc_row][vc_row full_width=&#8221;stretch_row&#8221; video_bg=&#8221;yes&#8221; video_bg_parallax=&#8221;content-moving&#8221; css=&#8221;.vc_custom_1495203478862{margin-bottom: 0px !important;border-bottom-width: 0px !important;padding-top: 150px !important;padding-bottom: 0px !important;}&#8221;][vc_column][vc_video link=&#8221;https:\/\/www.youtube.com\/watch?v=0TPwgoy9Gho&#8221;][vc_column_text]Palestra completa do Prof. Avigdor Scherz 25.3.19 \u2013 CIP S\u00e3o Paulo[\/vc_column_text][\/vc_column][\/vc_row][vc_row][vc_column width=&#8221;1\/4&#8243;][vc_video link=&#8221;https:\/\/www.youtube.com\/watch?v=7amyR8Ap1rk&#8221;][vc_column_text]<a name=\"direto\"><\/a>Weizmann Talks &#8211; Escola de Ver\u00e3o 2019 &#8211; Apresenta\u00e7\u00e3o de Mario Fleck[\/vc_column_text][\/vc_column][vc_column width=&#8221;1\/4&#8243;][vc_video link=&#8221;https:\/\/www.youtube.com\/watch?v=1oQwtpt2u5w&#8221;][vc_column_text]Weizmann Talks &#8211; Escola de Ver\u00e3o 2019 &#8211; Apresenta\u00e7\u00e3o da Profa. Regina P. Markus[\/vc_column_text][\/vc_column][vc_column width=&#8221;1\/4&#8243;][vc_video link=&#8221;https:\/\/www.youtube.com\/watch?v=ZOZhKHbGyBU&#8221;][vc_column_text]Weizmann Talks &#8211; Escola de Ver\u00e3o 2019 &#8211; Abertura[\/vc_column_text][\/vc_column][vc_column width=&#8221;1\/4&#8243;][vc_video link=&#8221;https:\/\/www.youtube.com\/watch?v=ydXL9PLYc3k&#8221;][vc_column_text]Weizmann Talks &#8211; Escola de Ver\u00e3o 2019 &#8211; Leonardo Azzi Martins[\/vc_column_text][\/vc_column][\/vc_row][vc_row][vc_column width=&#8221;1\/4&#8243;][vc_video link=&#8221;https:\/\/www.youtube.com\/watch?v=xXxMd3pV_7M&#8221;][vc_column_text]Weizmann Talks &#8211; Escola de Ver\u00e3o 2019 &#8211; Rafel Carlos Alves de Lima[\/vc_column_text][\/vc_column][vc_column width=&#8221;1\/4&#8243;][vc_video link=&#8221;https:\/\/www.youtube.com\/watch?v=R90UCIP8TGA&#8221;][vc_column_text]Weizmann Talks &#8211; Escola de Ver\u00e3o 2019 &#8211; Natalia Von Staa Mansur[\/vc_column_text][\/vc_column][vc_column width=&#8221;1\/4&#8243;][vc_video link=&#8221;https:\/\/www.youtube.com\/watch?v=C6vKGH54gF0&#8243;][vc_column_text]Weizmann Talks &#8211; Escola de Ver\u00e3o 2019 &#8211; Patricia Honorato Moreira[\/vc_column_text][\/vc_column][vc_column width=&#8221;1\/4&#8243;][vc_video link=&#8221;https:\/\/www.youtube.com\/watch?v=ijIO9AR4B-k&#8221;][vc_column_text]Weizmann Talks &#8211; Escola de Ver\u00e3o 2019 &#8211; Fechamento[\/vc_column_text][\/vc_column][\/vc_row][vc_row][vc_column width=&#8221;1\/4&#8243;][vc_video link=&#8221;https:\/\/www.youtube.com\/watch?v=BQ_uem8B4Rw&#8221;][vc_column_text]Weizmann Talks &#8211; Escola de Ver\u00e3o 2019 &#8211; Constanza Maria Mariano[\/vc_column_text][\/vc_column][vc_column width=&#8221;1\/4&#8243;][vc_video link=&#8221;https:\/\/youtu.be\/0TPwgoy9Gho &#8220;][vc_column_text]Palestra completa do Prof. Avigdor Scherz 25.3.19 &#8211; CIP S\u00e3o Paulo[\/vc_column_text][\/vc_column][vc_column width=&#8221;1\/4&#8243;][vc_video link=&#8221;https:\/\/www.youtube.com\/watch?v=ejrjwqB1jHc&#8221;][vc_column_text]<a name=\"direto\"><\/a>Dia Internacional da Mulher &#8211; Luiza Coutinho[\/vc_column_text][\/vc_column][vc_column width=&#8221;1\/4&#8243;][vc_video link=&#8221;https:\/\/www.youtube.com\/watch?v=4pozZWvjibM&#8221;][vc_column_text]<a name=\"direto\"><\/a>Dia Internacional da Mulher &#8211; Ana Clara Cassanti[\/vc_column_text][\/vc_column][\/vc_row][vc_row][vc_column width=&#8221;1\/4&#8243;][vc_video link=&#8221;https:\/\/www.youtube.com\/watch?v=nDhpAUReTJM&#8221;][vc_column_text]<a name=\"direto\"><\/a>Dia Internacional da Mulher &#8211; Camila Baez[\/vc_column_text][\/vc_column][vc_column width=&#8221;1\/4&#8243;][vc_video link=&#8221;https:\/\/www.youtube.com\/watch?v=1sGZJu40lVA&#8221;][vc_column_text]<a name=\"direto\"><\/a>Dia Internacional da Mulher &#8211; Carolina Eva Padilha[\/vc_column_text][\/vc_column][vc_column width=&#8221;1\/4&#8243;][vc_video link=&#8221;https:\/\/www.youtube.com\/watch?v=xMZdDizTUYQ&#8221;][vc_column_text]<a name=\"direto\"><\/a>Dia Internacional da Mulher &#8211; Tally Mergener[\/vc_column_text][\/vc_column][vc_column width=&#8221;1\/4&#8243;][vc_video link=&#8221;https:\/\/www.youtube.com\/watch?v=DKdJlHuJeiU&#8221;][vc_column_text]Weizmann Talks &#8211; Escola de ver\u00e3o 2018 &#8211; Mario Fleck[\/vc_column_text][\/vc_column][\/vc_row][vc_row][vc_column width=&#8221;1\/4&#8243;][vc_video link=&#8221;https:\/\/www.youtube.com\/watch?v=GBJBs9cv1Cc&#8221;][vc_column_text]Weizmann Talks &#8211; Escola de Ver\u00e3o 2018 &#8211; Luiza Elias Coutinho[\/vc_column_text][\/vc_column][vc_column width=&#8221;1\/4&#8243;][vc_video link=&#8221;https:\/\/www.youtube.com\/watch?v=C3x6byitoKU&#8221;][vc_column_text]Weizmann Talks &#8211; Escola de Ver\u00e3o 2018 &#8211; Carolina Eva Padilha<br \/>\n[\/vc_column_text][\/vc_column][vc_column width=&#8221;1\/4&#8243;][vc_video link=&#8221;https:\/\/www.youtube.com\/watch?v=61eX8cwUEe4&#8243;][vc_column_text]Weizmann Talks &#8211; Escola de Ver\u00e3o 2018 &#8211; Caroline Lu\u00edsa Quiles[\/vc_column_text][\/vc_column][vc_column width=&#8221;1\/4&#8243;][vc_video link=&#8221;https:\/\/www.youtube.com\/watch?v=wsv00utjVMo&amp;t=88s &#8220;][vc_column_text]Weizmann Talks &#8211; Escola de Ver\u00e3o 2018 &#8211; Maria Vit\u00f3ria Valoto[\/vc_column_text][\/vc_column][\/vc_row][vc_row][vc_column width=&#8221;1\/4&#8243;][vc_video link=&#8221;https:\/\/www.youtube.com\/watch?v=ABaaVcZou2c&#8221;][vc_column_text]Weizmann Talks &#8211; Escola de Ver\u00e3o 2018 &#8211; Gean de Oliveira da Silva [\/vc_column_text][\/vc_column][vc_column width=&#8221;1\/4&#8243;][vc_video link=&#8221;https:\/\/youtu.be\/CugranaQ3h8&#8243;][vc_column_text]Rafael Stern Mission to Latin America 2018[\/vc_column_text][\/vc_column][vc_column width=&#8221;1\/4&#8243;][vc_video link=&#8221;https:\/\/www.youtube.com\/watch?v=vsuu1rkIoAY&#8221;][vc_column_text]Bolsas para Escola de Ver\u00e3o[\/vc_column_text][\/vc_column][vc_column width=&#8221;1\/4&#8243;][vc_video link=&#8221;https:\/\/youtu.be\/uUFFBojbSD8&#8243;][vc_column_text]<\/p>\n<p class=\"watch-title-container\"><span id=\"eow-title\" class=\"watch-title\" dir=\"ltr\" title=\"michal schwartz no Brasil\">Michal Schwartz no Brasil <\/span><\/p>\n<p>[\/vc_column_text][\/vc_column][\/vc_row][vc_row][vc_column width=&#8221;1\/4&#8243;][vc_video link=&#8221;https:\/\/youtu.be\/xNlB7v5yceg&#8221;][vc_column_text]<\/p>\n<p class=\"watch-title-container\"><span id=\"eow-title\" class=\"watch-title\" dir=\"ltr\" title=\"Nova Stella - Parceria Instituto Weizmann e Universidades Brasileiras - 16\u00aa Temporada - PGM 09\"><span id=\"eow-title\" class=\"watch-title\" dir=\"ltr\" title=\"michal schwartz no Brasil\">Michal Schwartz no Brasil <\/span><\/span><\/p>\n<p>[\/vc_column_text][\/vc_column][vc_column width=&#8221;1\/4&#8243;][vc_video link=&#8221;https:\/\/youtu.be\/LQt9Eafs4lU&#8221;][vc_column_text]<\/p>\n<p class=\"watch-title-container\"><span id=\"eow-title\" class=\"watch-title\" dir=\"ltr\" title=\"WeizmannTalks 01 AnaClara\">WeizmannTalks 01 &#8211; AnaClara <\/span><\/p>\n<p>[\/vc_column_text][\/vc_column][vc_column width=&#8221;1\/4&#8243;][vc_video link=&#8221;https:\/\/youtu.be\/Wvlt7Ae9-Yw&#8221;][vc_column_text]WeizmannTalks 02 &#8211; David [\/vc_column_text][\/vc_column][vc_column width=&#8221;1\/4&#8243;][vc_video link=&#8221;https:\/\/youtu.be\/XDNVpp5j7Ac&#8221;][vc_column_text]WeizmannTalks 03 &#8211; Eric[\/vc_column_text][\/vc_column][\/vc_row][vc_row][vc_column width=&#8221;1\/4&#8243;][vc_video link=&#8221;https:\/\/youtu.be\/_DAJbrkMxus&#8221;][vc_column_text]WeizmannTalks 04 &#8211; Gabriel[\/vc_column_text][\/vc_column][vc_column width=&#8221;1\/4&#8243;][vc_video link=&#8221;https:\/\/youtu.be\/kHSW_MaUgBY&#8221;][vc_column_text]<\/p>\n<p class=\"watch-title-container\"><span id=\"eow-title\" class=\"watch-title\" dir=\"ltr\" title=\"WeizmannTalks 01 AnaClara\">WeizmannTalks 05 &#8211; Vitoria<br \/>\n<\/span><\/p>\n<p>[\/vc_column_text][\/vc_column][vc_column width=&#8221;1\/4&#8243;][vc_video link=&#8221;https:\/\/youtu.be\/MECHc2nrkLQ&#8221;][vc_column_text]<a name=\"direto\"><\/a>WeizmannTalks 06 &#8211; Rafael[\/vc_column_text][\/vc_column][vc_column width=&#8221;1\/4&#8243;][\/vc_column][\/vc_row]<\/p>\n","protected":false},"excerpt":{"rendered":"<p>[vc_row el_id=&#8221;brasil&#8221;][vc_column][vc_text_separator title=&#8221;Weizmann Brasil&#8221;][\/vc_column][\/vc_row][vc_row full_width=&#8221;stretch_row&#8221; video_bg=&#8221;yes&#8221; video_bg_parallax=&#8221;content-moving&#8221; css=&#8221;.vc_custom_1495203478862{margin-bottom: 0px !important;border-bottom-width: 0px !important;padding-top: 150px !important;padding-bottom: 0px !important;}&#8221;][vc_column][vc_video link=&#8221;https:\/\/www.youtube.com\/watch?v=0TPwgoy9Gho&#8221;][vc_column_text]Palestra completa do Prof. Avigdor Scherz 25.3.19 \u2013 CIP S\u00e3o Paulo[\/vc_column_text][\/vc_column][\/vc_row][vc_row][vc_column width=&#8221;1\/4&#8243;][vc_video link=&#8221;https:\/\/www.youtube.com\/watch?v=7amyR8Ap1rk&#8221;][vc_column_text]Weizmann Talks &#8211; Escola de Ver\u00e3o 2019 &#8211; Apresenta\u00e7\u00e3o de Mario Fleck[\/vc_column_text][\/vc_column][vc_column width=&#8221;1\/4&#8243;][vc_video link=&#8221;https:\/\/www.youtube.com\/watch?v=1oQwtpt2u5w&#8221;][vc_column_text]Weizmann Talks &#8211; Escola de Ver\u00e3o 2019 &#8211; Apresenta\u00e7\u00e3o da Profa. Regina P. Markus[\/vc_column_text][\/vc_column][vc_column width=&#8221;1\/4&#8243;][vc_video link=&#8221;https:\/\/www.youtube.com\/watch?v=ZOZhKHbGyBU&#8221;][vc_column_text]Weizmann Talks &#8211; Escola de Ver\u00e3o 2019 &#8211; Abertura[\/vc_column_text][\/vc_column][vc_column width=&#8221;1\/4&#8243;][vc_video link=&#8221;https:\/\/www.youtube.com\/watch?v=ydXL9PLYc3k&#8221;][vc_column_text]Weizmann Talks &#8211; Escola de Ver\u00e3o 2019 &#8211; Leonardo Azzi Martins[\/vc_column_text][\/vc_column][\/vc_row][vc_row][vc_column width=&#8221;1\/4&#8243;][vc_video link=&#8221;https:\/\/www.youtube.com\/watch?v=xXxMd3pV_7M&#8221;][vc_column_text]Weizmann Talks &#8211; Escola de Ver\u00e3o 2019 &#8211; Rafel Carlos Alves de Lima[\/vc_column_text][\/vc_column][vc_column width=&#8221;1\/4&#8243;][vc_video link=&#8221;https:\/\/www.youtube.com\/watch?v=R90UCIP8TGA&#8221;][vc_column_text]Weizmann Talks &#8211; Escola de Ver\u00e3o 2019 &#8211; Natalia Von Staa Mansur[\/vc_column_text][\/vc_column][vc_column width=&#8221;1\/4&#8243;][vc_video link=&#8221;https:\/\/www.youtube.com\/watch?v=C6vKGH54gF0&#8243;][vc_column_text]Weizmann Talks &#8211; Escola de Ver\u00e3o 2019 &#8211; Patricia Honorato Moreira[\/vc_column_text][\/vc_column][vc_column width=&#8221;1\/4&#8243;][vc_video link=&#8221;https:\/\/www.youtube.com\/watch?v=ijIO9AR4B-k&#8221;][vc_column_text]Weizmann Talks &#8211; Escola de Ver\u00e3o 2019 &#8211; Fechamento[\/vc_column_text][\/vc_column][\/vc_row][vc_row][vc_column width=&#8221;1\/4&#8243;][vc_video link=&#8221;https:\/\/www.youtube.com\/watch?v=BQ_uem8B4Rw&#8221;][vc_column_text]Weizmann Talks &#8211; Escola de Ver\u00e3o 2019 &#8211; Constanza Maria Mariano[\/vc_column_text][\/vc_column][vc_column width=&#8221;1\/4&#8243;][vc_video link=&#8221;https:\/\/youtu.be\/0TPwgoy9Gho &#8220;][vc_column_text]Palestra completa do Prof. Avigdor Scherz 25.3.19 &#8211; CIP S\u00e3o Paulo[\/vc_column_text][\/vc_column][vc_column width=&#8221;1\/4&#8243;][vc_video link=&#8221;https:\/\/www.youtube.com\/watch?v=ejrjwqB1jHc&#8221;][vc_column_text]Dia Internacional da Mulher &#8211; Luiza Coutinho[\/vc_column_text][\/vc_column][vc_column width=&#8221;1\/4&#8243;][vc_video link=&#8221;https:\/\/www.youtube.com\/watch?v=4pozZWvjibM&#8221;][vc_column_text]Dia Internacional da Mulher &#8211; Ana Clara Cassanti[\/vc_column_text][\/vc_column][\/vc_row][vc_row][vc_column width=&#8221;1\/4&#8243;][vc_video link=&#8221;https:\/\/www.youtube.com\/watch?v=nDhpAUReTJM&#8221;][vc_column_text]Dia Internacional da Mulher &#8211; Camila Baez[\/vc_column_text][\/vc_column][vc_column width=&#8221;1\/4&#8243;][vc_video link=&#8221;https:\/\/www.youtube.com\/watch?v=1sGZJu40lVA&#8221;][vc_column_text]Dia Internacional da Mulher &#8211; Carolina Eva Padilha[\/vc_column_text][\/vc_column][vc_column width=&#8221;1\/4&#8243;][vc_video link=&#8221;https:\/\/www.youtube.com\/watch?v=xMZdDizTUYQ&#8221;][vc_column_text]Dia Internacional da Mulher &#8211; Tally Mergener[\/vc_column_text][\/vc_column][vc_column width=&#8221;1\/4&#8243;][vc_video link=&#8221;https:\/\/www.youtube.com\/watch?v=DKdJlHuJeiU&#8221;][vc_column_text]Weizmann Talks &#8211; Escola de ver\u00e3o 2018 &#8211; Mario Fleck[\/vc_column_text][\/vc_column][\/vc_row][vc_row][vc_column width=&#8221;1\/4&#8243;][vc_video link=&#8221;https:\/\/www.youtube.com\/watch?v=GBJBs9cv1Cc&#8221;][vc_column_text]Weizmann Talks &#8211; Escola de Ver\u00e3o 2018 &#8211; Luiza Elias Coutinho[\/vc_column_text][\/vc_column][vc_column width=&#8221;1\/4&#8243;][vc_video link=&#8221;https:\/\/www.youtube.com\/watch?v=C3x6byitoKU&#8221;][vc_column_text]Weizmann Talks &#8211; Escola de Ver\u00e3o 2018 &#8211; Carolina Eva Padilha [\/vc_column_text][\/vc_column][vc_column width=&#8221;1\/4&#8243;][vc_video link=&#8221;https:\/\/www.youtube.com\/watch?v=61eX8cwUEe4&#8243;][vc_column_text]Weizmann Talks &#8211; Escola de Ver\u00e3o 2018 &#8211; Caroline Lu\u00edsa Quiles[\/vc_column_text][\/vc_column][vc_column width=&#8221;1\/4&#8243;][vc_video link=&#8221;https:\/\/www.youtube.com\/watch?v=wsv00utjVMo&amp;t=88s &#8220;][vc_column_text]Weizmann Talks &#8211; Escola de Ver\u00e3o 2018 &#8211; Maria Vit\u00f3ria Valoto[\/vc_column_text][\/vc_column][\/vc_row][vc_row][vc_column width=&#8221;1\/4&#8243;][vc_video link=&#8221;https:\/\/www.youtube.com\/watch?v=ABaaVcZou2c&#8221;][vc_column_text]Weizmann Talks &#8211; Escola de Ver\u00e3o 2018 &#8211; Gean de Oliveira da Silva [\/vc_column_text][\/vc_column][vc_column width=&#8221;1\/4&#8243;][vc_video link=&#8221;https:\/\/youtu.be\/CugranaQ3h8&#8243;][vc_column_text]Rafael Stern Mission to Latin America 2018[\/vc_column_text][\/vc_column][vc_column width=&#8221;1\/4&#8243;][vc_video link=&#8221;https:\/\/www.youtube.com\/watch?v=vsuu1rkIoAY&#8221;][vc_column_text]Bolsas para Escola de Ver\u00e3o[\/vc_column_text][\/vc_column][vc_column width=&#8221;1\/4&#8243;][vc_video link=&#8221;https:\/\/youtu.be\/uUFFBojbSD8&#8243;][vc_column_text] Michal Schwartz no Brasil [\/vc_column_text][\/vc_column][\/vc_row][vc_row][vc_column width=&#8221;1\/4&#8243;][vc_video link=&#8221;https:\/\/youtu.be\/xNlB7v5yceg&#8221;][vc_column_text] Michal Schwartz no Brasil [\/vc_column_text][\/vc_column][vc_column width=&#8221;1\/4&#8243;][vc_video link=&#8221;https:\/\/youtu.be\/LQt9Eafs4lU&#8221;][vc_column_text] WeizmannTalks 01 &#8211; AnaClara [\/vc_column_text][\/vc_column][vc_column width=&#8221;1\/4&#8243;][vc_video link=&#8221;https:\/\/youtu.be\/Wvlt7Ae9-Yw&#8221;][vc_column_text]WeizmannTalks 02 &#8211; David [\/vc_column_text][\/vc_column][vc_column width=&#8221;1\/4&#8243;][vc_video link=&#8221;https:\/\/youtu.be\/XDNVpp5j7Ac&#8221;][vc_column_text]WeizmannTalks 03 &#8211; Eric[\/vc_column_text][\/vc_column][\/vc_row][vc_row][vc_column width=&#8221;1\/4&#8243;][vc_video link=&#8221;https:\/\/youtu.be\/_DAJbrkMxus&#8221;][vc_column_text]WeizmannTalks 04 &#8211; Gabriel[\/vc_column_text][\/vc_column][vc_column width=&#8221;1\/4&#8243;][vc_video link=&#8221;https:\/\/youtu.be\/kHSW_MaUgBY&#8221;][vc_column_text] WeizmannTalks 05 &#8211; Vitoria [\/vc_column_text][\/vc_column][vc_column width=&#8221;1\/4&#8243;][vc_video link=&#8221;https:\/\/youtu.be\/MECHc2nrkLQ&#8221;][vc_column_text]WeizmannTalks 06 &#8211; Rafael[\/vc_column_text][\/vc_column][vc_column width=&#8221;1\/4&#8243;][\/vc_column][\/vc_row]<\/p>\n","protected":false},"author":2,"featured_media":0,"parent":0,"menu_order":0,"comment_status":"closed","ping_status":"closed","template":"","meta":{"_monsterinsights_skip_tracking":false,"_monsterinsights_sitenote_active":false,"_monsterinsights_sitenote_note":"","_monsterinsights_sitenote_category":0},"aioseo_notices":[],"_links":{"self":[{"href":"https:\/\/amigosdoweizmann.org.br\/stage\/wp-json\/wp\/v2\/pages\/8990"}],"collection":[{"href":"https:\/\/amigosdoweizmann.org.br\/stage\/wp-json\/wp\/v2\/pages"}],"about":[{"href":"https:\/\/amigosdoweizmann.org.br\/stage\/wp-json\/wp\/v2\/types\/page"}],"author":[{"embeddable":true,"href":"https:\/\/amigosdoweizmann.org.br\/stage\/wp-json\/wp\/v2\/users\/2"}],"replies":[{"embeddable":true,"href":"https:\/\/amigosdoweizmann.org.br\/stage\/wp-json\/wp\/v2\/comments?post=8990"}],"version-history":[{"count":4,"href":"https:\/\/amigosdoweizmann.org.br\/stage\/wp-json\/wp\/v2\/pages\/8990\/revisions"}],"predecessor-version":[{"id":8998,"href":"https:\/\/amigosdoweizmann.org.br\/stage\/wp-json\/wp\/v2\/pages\/8990\/revisions\/8998"}],"wp:attachment":[{"href":"https:\/\/amigosdoweizmann.org.br\/stage\/wp-json\/wp\/v2\/media?parent=8990"}],"curies":[{"name":"wp","href":"https:\/\/api.w.org\/{rel}","templated":true}]}}