{"id":9244,"date":"2022-05-13T13:31:09","date_gmt":"2022-05-13T13:31:09","guid":{"rendered":"http:\/\/amigosdoweizmann.org.br\/stage\/?page_id=9244"},"modified":"2024-10-30T23:28:24","modified_gmt":"2024-10-30T23:28:24","slug":"weizmann-idor-pioneer-science-fellowship-program","status":"publish","type":"page","link":"https:\/\/amigosdoweizmann.org.br\/stage\/weizmann-idor-pioneer-science-fellowship-program\/","title":{"rendered":"Weizmann-IDOR Pioneer Science Fellowship Program"},"content":{"rendered":"\r\n<div class=\"vce-row-container\" data-vce-boxed-width=\"true\">\r\n<div id=\"el-68fd25f2\" class=\"vce-row vce-row--col-gap-30 vce-row-equal-height vce-row-content--top\" data-vce-do-apply=\"all el-68fd25f2\">\r\n<div class=\"vce-row-content\" data-vce-element-content=\"true\">\r\n\r\n\r\n<div id=\"el-ef0cb309\" class=\"vce-col vce-col--md-auto vce-col--xs-1 vce-col--xs-last vce-col--xs-first vce-col--sm-last vce-col--sm-first vce-col--md-last vce-col--lg-last vce-col--xl-last vce-col--md-first vce-col--lg-first vce-col--xl-first\">\r\n<div class=\"vce-col-inner\" data-vce-do-apply=\"border margin background el-ef0cb309\">\r\n<div class=\"vce-col-content\" data-vce-element-content=\"true\" data-vce-do-apply=\"padding el-ef0cb309\">\r\n\r\n\r\n<div class=\"vce-text-block\">\r\n<div id=\"el-603220fa\" class=\"vce-text-block-wrapper vce\" data-vce-do-apply=\"all el-603220fa\">\r\n\r\n[vc_row][vc_column][vc_column_text]\r\n<h2 style=\"text-align: left;\"><strong><img loading=\"lazy\" class=\"alignnone size-full wp-image-4217\" src=\"http:\/\/amigosdoweizmann.org.br\/stage\/wp-content\/uploads\/2017\/04\/miniflag-israel.jpg\" alt=\"\" width=\"27\" height=\"15\" srcset=\"https:\/\/amigosdoweizmann.org.br\/stage\/wp-content\/uploads\/2017\/04\/miniflag-israel.jpg 27w, https:\/\/amigosdoweizmann.org.br\/stage\/wp-content\/uploads\/2017\/04\/miniflag-israel-768x426.jpg 768w\" sizes=\"(max-width: 27px) 100vw, 27px\" \/><img loading=\"lazy\" class=\"alignnone size-full wp-image-4216\" src=\"http:\/\/amigosdoweizmann.org.br\/stage\/wp-content\/uploads\/2017\/04\/miniflag-brasil.jpg\" alt=\"\" width=\"27\" height=\"15\" srcset=\"https:\/\/amigosdoweizmann.org.br\/stage\/wp-content\/uploads\/2017\/04\/miniflag-brasil.jpg 27w, https:\/\/amigosdoweizmann.org.br\/stage\/wp-content\/uploads\/2017\/04\/miniflag-brasil-768x426.jpg 768w\" sizes=\"(max-width: 27px) 100vw, 27px\" \/> Weizmann-IDOR Pioneer Science Fellowship Program<\/strong><\/h2>\r\n[\/vc_column_text][\/vc_column][\/vc_row][vc_row full_width=\"stretch_row_content\"][vc_column][vc_column_text]\r\n<p class=\"p1\">O <strong><em><a href=\"https:\/\/www.weizmann.ac.il\/feinberg\/fellowship-aid\/postdoc-fellowship-opportunities\" target=\"_blank\" rel=\"noopener\">Programa Weizmann-IDOR Pioneer Science Fellowships<\/a><\/em><\/strong> foi criado pela iniciativa Ci\u00eancia Pioneira (cienciapioneira.org) e pelo Instituto D'Or de Pesquisa e Educa\u00e7\u00e3o (idor.org) - institui\u00e7\u00e3o sem fins lucrativos focada em ci\u00eancia, educa\u00e7\u00e3o e inova\u00e7\u00e3o em sa\u00fade - com o objetivo de apoiar bolsistas talentosos brasileiros em seu treinamento de p\u00f3s-doutorado no Instituto Weizmann de Ci\u00eancia.<\/p>\r\n<p class=\"p1\">Este programa oferece bolsas de at\u00e9 tr\u00eas anos para bolsistas de p\u00f3s-doutorado interessados em desenvolver programas de pesquisa no Weizmann Institute of Science (WIS). A aceita\u00e7\u00e3o no programa depende da aprova\u00e7\u00e3o pela Feinberg Graduate School (do Instituto Weizmann), aceita\u00e7\u00e3o por um laborat\u00f3rio de pesquisa anfitri\u00e3o no Instituto Weizmann e realiza\u00e7\u00f5es acad\u00eamicas.<\/p>\r\n<strong>Requisitos<\/strong>\r\n<ul class=\"ul1\">\r\n \t<li class=\"li1\">Cidadania ou resid\u00eancia brasileira.<\/li>\r\n \t<li class=\"li1\">Excel\u00eancia acad\u00eamica comprovada.<\/li>\r\n \t<li class=\"li1\"><span class=\"s2\">Titula\u00e7\u00e3o: PhD ou MD, emitida por institui\u00e7\u00e3o de ensino superior credenciada (obtida no m\u00e1ximo 04 anos antes da data da candidatura a esta bolsa); como alternativa ser\u00e1 aceita uma declara\u00e7\u00e3o da institui\u00e7\u00e3o em quest\u00e3o confirmando que o candidato preenche os crit\u00e9rios da titula\u00e7\u00e3o em n\u00edvel de doutorado<\/span><\/li>\r\n \t<li class=\"li1\"><span class=\"s2\">P\u00f3s-doutorandos brasileiros que j\u00e1 estejam trabalhando no Instituto Weizmann tamb\u00e9m podem se candidatar <\/span><\/li>\r\n \t<li class=\"li1\">Descri\u00e7\u00e3o de uma p\u00e1gina de como o candidato imagina participar e\/ou apoiar o desenvolvimento de pesquisa cient\u00edfica de fronteira no Brasil ap\u00f3s a conclus\u00e3o do treinamento no Instituto Weizmann.<\/li>\r\n<\/ul>\r\n<p class=\"p1\">Plano de pesquisa nas Ci\u00eancias da Vida e da Sa\u00fade, ou nas interfaces entre Matem\u00e1tica, Ci\u00eancia da Computa\u00e7\u00e3o, F\u00edsica, Qu\u00edmica, Bioqu\u00edmica e Biologia com as Ci\u00eancias da Vida e da Sa\u00fade. Exemplos de \u00e1reas de interesse incluem, de forma n\u00e3o exclusiva: imunologia, imuno-oncologia, oncobiologia, medicina de transplantes, doen\u00e7as infecciosas, doen\u00e7a inflamat\u00f3ria intestinal, dist\u00farbios hep\u00e1ticos, terapia celular e g\u00eanica, transtornos neuropsiqui\u00e1tricos e\/ou neurodegenerativos, neuroplasticidade e neuroci\u00eancia cognitiva, ci\u00eancia de dados e cuidados de sa\u00fade.<\/p>\r\n<p class=\"p1\">Propostas em outros temas nas \u00e1reas de Ci\u00eancias da Vida e da Sa\u00fade tamb\u00e9m s\u00e3o bem-vindas.<\/p>\r\n<strong>Prazo<\/strong>\r\n<p class=\"p1\">O prazo para inscri\u00e7\u00f5es vai at\u00e9 12 de dezembro de <b>2023<\/b>.<\/p>\r\n<p class=\"p1\"><strong><span style=\"font-style: normal;\">Como se inscrever<\/span><\/strong><\/p>\r\n<p class=\"p1\">Para se candidatar a esta bolsa, os candidatos devem buscar aceita\u00e7\u00e3o com um cientista do Instituto Weizmann em cujo laborat\u00f3rio gostariam de realizar pesquisas e, em paralelo, submeter uma inscri\u00e7\u00e3o formal para: <em><a href=\"mailto:calls.fgs@weizmann.ac.il\"><span class=\"s1\">calls.fgs@weizmann.ac.il<\/span><\/a><\/em> especificando que a candidatura \u00e9 para a Weizmann-IDOR Pioneer Science Fellowship.<\/p>\r\n<p class=\"p2\">Para d\u00favidas acad\u00eamicas\/cient\u00edficas, entre em contato Prof. S\u00e9rgio T. Ferreira na iniciativa Ci\u00eancia Pioneira: <em><a href=\"mailto:contato@cienciapioneira.org\"><span class=\"s1\">contato@cienciapioneira.org<\/span><\/a><\/em>.<\/p>\r\nPara quaisquer outras d\u00favidas ou esclarecimentos<span class=\"s3\">, entre em contato com os Amigos do Weizmann do Brasil: <em><a href=\"mailto:weizmann.br@gmail.com\">weizmann.br@gmail.com<\/a>\u00a0<\/em><\/span>\r\n\r\n[\/vc_column_text][\/vc_column][\/vc_row][vc_row][vc_column][\/vc_column][\/vc_row]\r\n\r\n<\/div>\r\n<\/div>\r\n\r\n<div class=\"vce-button--style-basic-container vce-button--style-basic-container--align-center\"><span id=\"el-c674848d\" class=\"vce-button--style-basic-wrapper vce\" data-vce-do-apply=\"margin el-c674848d\"><a class=\"vce-button vce-button--style-basic vce-button--style-basic--border-square vce-button--style-basic--size-medium vce-button--style-basic--color-557cbf--b-255-255-255\" title=\"\" href=\"http:\/\/amigosdoweizmann.org.br\/stage\/conheca-os-fellows\/\" data-vce-do-apply=\"padding border background el-c674848d\"> Conhe\u00e7a os Fellows. <\/a><\/span><\/div>\r\n\r\n\r\n<\/div>\r\n<\/div>\r\n<\/div>\r\n\r\n\r\n<\/div>\r\n<\/div>\r\n<\/div>\r\n\r\n<div class=\"vce-row-container\" data-vce-boxed-width=\"true\">\r\n<div id=\"el-f1decd7e\" class=\"vce-row vce-row--col-gap-30 vce-row-equal-height vce-row-content--top\" data-vce-do-apply=\"all el-f1decd7e\">\r\n<div class=\"vce-row-content\" data-vce-element-content=\"true\">\r\n\r\n\r\n<div id=\"el-5917097a\" class=\"vce-col vce-col--md-auto vce-col--xs-1 vce-col--xs-last vce-col--xs-first vce-col--sm-last vce-col--sm-first vce-col--md-last vce-col--lg-last vce-col--xl-last vce-col--md-first vce-col--lg-first vce-col--xl-first\">\r\n<div class=\"vce-col-inner\" data-vce-do-apply=\"border margin background el-5917097a\">\r\n<div class=\"vce-col-content\" data-vce-element-content=\"true\" data-vce-do-apply=\"padding el-5917097a\">\r\n\r\n\r\n<div class=\"vce-single-image-container vce-single-image--align-center\">\r\n<div id=\"el-a2c08e57\" class=\"vce vce-single-image-wrapper\" data-vce-do-apply=\"all el-a2c08e57\">\r\n<figure>\r\n<div class=\"vce-single-image-figure-inner\" style=\"width: 600px;\"><a class=\"vce-single-image-inner vce-single-image--absolute\" style=\"padding-bottom: 250.833%; width: 100%;\" title=\"\" href=\"https:\/\/cienciapioneira.org\/programa-weizmann-idor-pioneer-science-fellowship\/\" target=\"_blank\" rel=\"noopener\"><img class=\"vce-single-image\" title=\"PROGRAMA WEIZMANN-IDOR PIONEER SCIENCE FELLOWSHIP-2023\" src=\"http:\/\/amigosdoweizmann.org.br\/stage\/wp-content\/uploads\/2017\/04\/PROGRAMA-WEIZMANN-IDOR-PIONEER-SCIENCE-FELLOWSHIP-2023.png\" alt=\"\" data-img-src=\"http:\/\/amigosdoweizmann.org.br\/stage\/wp-content\/uploads\/2017\/04\/PROGRAMA-WEIZMANN-IDOR-PIONEER-SCIENCE-FELLOWSHIP-2023.png\" data-attachment-id=\"10246\" \/><\/a><\/div>\r\n<figcaption hidden=\"\"><\/figcaption><\/figure>\r\n<\/div>\r\n<\/div>\r\n\r\n\r\n<\/div>\r\n<\/div>\r\n<\/div>\r\n\r\n\r\n<\/div>\r\n<\/div>\r\n<\/div>\r\n\n","protected":false},"excerpt":{"rendered":"<p>[vc_row][vc_column][vc_column_text] Weizmann-IDOR Pioneer Science Fellowship Program [\/vc_column_text][\/vc_column][\/vc_row][vc_row full_width=&#8221;stretch_row_content&#8221;][vc_column][vc_column_text] O Programa Weizmann-IDOR Pioneer Science Fellowships foi criado pela iniciativa Ci\u00eancia Pioneira (cienciapioneira.org) e pelo Instituto D&#8217;Or de Pesquisa e Educa\u00e7\u00e3o (idor.org) &#8211; institui\u00e7\u00e3o sem fins lucrativos focada em ci\u00eancia, educa\u00e7\u00e3o e inova\u00e7\u00e3o em sa\u00fade &#8211; com o objetivo de apoiar bolsistas talentosos brasileiros em seu treinamento de p\u00f3s-doutorado no Instituto Weizmann de Ci\u00eancia. Este programa oferece bolsas de at\u00e9 tr\u00eas anos para bolsistas de p\u00f3s-doutorado interessados em desenvolver programas de pesquisa no Weizmann Institute of Science (WIS). A aceita\u00e7\u00e3o no programa depende da aprova\u00e7\u00e3o pela Feinberg Graduate School (do Instituto Weizmann), aceita\u00e7\u00e3o por um laborat\u00f3rio de pesquisa anfitri\u00e3o no Instituto Weizmann e realiza\u00e7\u00f5es acad\u00eamicas. Requisitos Cidadania ou resid\u00eancia brasileira. Excel\u00eancia acad\u00eamica comprovada. Titula\u00e7\u00e3o: PhD ou MD, emitida por institui\u00e7\u00e3o de ensino superior credenciada (obtida no m\u00e1ximo 04 anos antes da data da candidatura a esta bolsa); como alternativa ser\u00e1 aceita uma declara\u00e7\u00e3o da institui\u00e7\u00e3o em quest\u00e3o confirmando que o candidato preenche os crit\u00e9rios da titula\u00e7\u00e3o em n\u00edvel de doutorado P\u00f3s-doutorandos brasileiros que j\u00e1 estejam trabalhando no Instituto Weizmann tamb\u00e9m podem se candidatar Descri\u00e7\u00e3o de uma p\u00e1gina de como o candidato imagina participar e\/ou apoiar o desenvolvimento de pesquisa cient\u00edfica de fronteira no Brasil ap\u00f3s a conclus\u00e3o do treinamento no Instituto Weizmann. Plano de pesquisa nas Ci\u00eancias da Vida e da Sa\u00fade, ou nas interfaces entre Matem\u00e1tica, Ci\u00eancia da Computa\u00e7\u00e3o, F\u00edsica, Qu\u00edmica, Bioqu\u00edmica e Biologia com as Ci\u00eancias da Vida e da Sa\u00fade. Exemplos de \u00e1reas de interesse incluem, de forma n\u00e3o exclusiva: imunologia, imuno-oncologia, oncobiologia, medicina de transplantes, doen\u00e7as infecciosas, doen\u00e7a inflamat\u00f3ria intestinal, dist\u00farbios hep\u00e1ticos, terapia celular e g\u00eanica, transtornos neuropsiqui\u00e1tricos e\/ou neurodegenerativos, neuroplasticidade e neuroci\u00eancia cognitiva, ci\u00eancia de dados e cuidados de sa\u00fade. Propostas em outros temas nas \u00e1reas de Ci\u00eancias da Vida e da Sa\u00fade tamb\u00e9m s\u00e3o bem-vindas. Prazo O prazo para inscri\u00e7\u00f5es vai at\u00e9 12 de dezembro de 2023. Como se inscrever Para se candidatar a esta bolsa, os candidatos devem buscar aceita\u00e7\u00e3o com um cientista do Instituto Weizmann em cujo laborat\u00f3rio gostariam de realizar pesquisas e, em paralelo, submeter uma inscri\u00e7\u00e3o formal para: calls.fgs@weizmann.ac.il especificando que a [&hellip;]<\/p>\n","protected":false},"author":2,"featured_media":9246,"parent":0,"menu_order":0,"comment_status":"closed","ping_status":"closed","template":"","meta":{"_monsterinsights_skip_tracking":false,"_monsterinsights_sitenote_active":false,"_monsterinsights_sitenote_note":"","_monsterinsights_sitenote_category":0},"aioseo_notices":[],"_links":{"self":[{"href":"https:\/\/amigosdoweizmann.org.br\/stage\/wp-json\/wp\/v2\/pages\/9244"}],"collection":[{"href":"https:\/\/amigosdoweizmann.org.br\/stage\/wp-json\/wp\/v2\/pages"}],"about":[{"href":"https:\/\/amigosdoweizmann.org.br\/stage\/wp-json\/wp\/v2\/types\/page"}],"author":[{"embeddable":true,"href":"https:\/\/amigosdoweizmann.org.br\/stage\/wp-json\/wp\/v2\/users\/2"}],"replies":[{"embeddable":true,"href":"https:\/\/amigosdoweizmann.org.br\/stage\/wp-json\/wp\/v2\/comments?post=9244"}],"version-history":[{"count":14,"href":"https:\/\/amigosdoweizmann.org.br\/stage\/wp-json\/wp\/v2\/pages\/9244\/revisions"}],"predecessor-version":[{"id":10549,"href":"https:\/\/amigosdoweizmann.org.br\/stage\/wp-json\/wp\/v2\/pages\/9244\/revisions\/10549"}],"wp:featuredmedia":[{"embeddable":true,"href":"https:\/\/amigosdoweizmann.org.br\/stage\/wp-json\/wp\/v2\/media\/9246"}],"wp:attachment":[{"href":"https:\/\/amigosdoweizmann.org.br\/stage\/wp-json\/wp\/v2\/media?parent=9244"}],"curies":[{"name":"wp","href":"https:\/\/api.w.org\/{rel}","templated":true}]}}