{"id":9819,"date":"2023-03-22T00:24:57","date_gmt":"2023-03-22T00:24:57","guid":{"rendered":"http:\/\/amigosdoweizmann.org.br\/stage\/?page_id=9819"},"modified":"2023-03-22T00:34:14","modified_gmt":"2023-03-22T00:34:14","slug":"brasileiros-no-weizmann","status":"publish","type":"page","link":"https:\/\/amigosdoweizmann.org.br\/stage\/brasileiros-no-weizmann\/","title":{"rendered":"Brasileiros no Weizmann"},"content":{"rendered":"<div class=\"vce-row-container\" data-vce-boxed-width=\"true\"><div class=\"vce-row vce-row--col-gap-30 vce-row-equal-height vce-row-content--top\" id=\"el-d215a3b1\" data-vce-do-apply=\"all el-d215a3b1\"><div class=\"vce-row-content\" data-vce-element-content=\"true\"><div class=\"vce-col vce-col--md-18p vce-col--xs-1 vce-col--xs-last vce-col--xs-first vce-col--sm-last vce-col--sm-first vce-col--md-first vce-col--lg-first vce-col--xl-first\" id=\"el-bc46d7b5\"><div class=\"vce-col-inner\" data-vce-do-apply=\"border margin background  el-bc46d7b5\"><div class=\"vce-col-content\" data-vce-element-content=\"true\" data-vce-do-apply=\"padding el-bc46d7b5\"><div><\/div><\/div><\/div><\/div><div class=\"vce-col vce-col--md-62p vce-col--xs-1 vce-col--xs-last vce-col--xs-first vce-col--sm-last vce-col--sm-first\" id=\"el-91c6c454\"><div class=\"vce-col-inner\" data-vce-do-apply=\"border margin background  el-91c6c454\"><div class=\"vce-col-content\" data-vce-element-content=\"true\" data-vce-do-apply=\"padding el-91c6c454\"><div class=\"vce-single-image-container vce-single-image--align-center\"><div class=\"vce vce-single-image-wrapper\" id=\"el-d0058af2\" data-vce-do-apply=\"all el-d0058af2\"><figure><div class=\"vce-single-image-figure-inner\" style=\"width: 350px;\"><div class=\"vce-single-image-inner vce-single-image--absolute vce-single-image--border-round\" style=\"width: 100%; padding-bottom: 100%;\"><img loading=\"lazy\" class=\"vce-single-image\"  width=\"350\" height=\"350\" srcset=\"https:\/\/amigosdoweizmann.org.br\/stage\/wp-content\/uploads\/2023\/03\/paulo-cezar-320x252.png 320w, https:\/\/amigosdoweizmann.org.br\/stage\/wp-content\/uploads\/2023\/03\/paulo-cezar-480x378.png 480w, https:\/\/amigosdoweizmann.org.br\/stage\/wp-content\/uploads\/2023\/03\/paulo-cezar-800x630.png 800w, https:\/\/amigosdoweizmann.org.br\/stage\/wp-content\/uploads\/2023\/03\/paulo-cezar-350x350.png 350w, https:\/\/amigosdoweizmann.org.br\/stage\/wp-content\/uploads\/2023\/03\/paulo-cezar-700x700.png 2x\" src=\"https:\/\/amigosdoweizmann.org.br\/stage\/wp-content\/uploads\/2023\/03\/paulo-cezar-350x350.png\" data-img-src=\"https:\/\/amigosdoweizmann.org.br\/stage\/wp-content\/uploads\/2023\/03\/paulo-cezar.png\" data-attachment-id=\"9826\"  alt=\"\" title=\"paulo-cezar\" \/><\/div><\/div><figcaption hidden=\"\"><\/figcaption><\/figure><\/div><\/div><\/div><\/div><\/div><div class=\"vce-col vce-col--md-20p vce-col--xs-1 vce-col--xs-last vce-col--xs-first vce-col--sm-last vce-col--sm-first vce-col--md-last vce-col--lg-last vce-col--xl-last\" id=\"el-9e7e3789\"><div class=\"vce-col-inner\" data-vce-do-apply=\"border margin background  el-9e7e3789\"><div class=\"vce-col-content\" data-vce-element-content=\"true\" data-vce-do-apply=\"padding el-9e7e3789\"><div><\/div><\/div><\/div><\/div><\/div><\/div><\/div><div class=\"vce-row-container\" data-vce-boxed-width=\"true\"><div class=\"vce-row vce-row--col-gap-30 vce-row-equal-height vce-row-content--top\" id=\"el-cadaa0b4\" data-vce-do-apply=\"all el-cadaa0b4\"><div class=\"vce-row-content\" data-vce-element-content=\"true\"><div class=\"vce-col vce-col--md-18p vce-col--xs-1 vce-col--xs-last vce-col--xs-first vce-col--sm-last vce-col--sm-first vce-col--md-first vce-col--lg-first vce-col--xl-first\" id=\"el-2cf564af\"><div class=\"vce-col-inner\" data-vce-do-apply=\"border margin background  el-2cf564af\"><div class=\"vce-col-content\" data-vce-element-content=\"true\" data-vce-do-apply=\"padding el-2cf564af\"><div><\/div><\/div><\/div><\/div><div class=\"vce-col vce-col--md-62p vce-col--xs-1 vce-col--xs-last vce-col--xs-first vce-col--sm-last vce-col--sm-first\" id=\"el-75c495ea\"><div class=\"vce-col-inner\" data-vce-do-apply=\"border margin background  el-75c495ea\"><div class=\"vce-col-content\" data-vce-element-content=\"true\" data-vce-do-apply=\"padding el-75c495ea\"><div class=\"vce-text-block\"><div class=\"vce-text-block-wrapper vce\" id=\"el-03717cee\" data-vce-do-apply=\"all el-03717cee\"><h2 style=\"text-align: center;\">Paulo Cezar Rocha dos Santos<\/h2><h1 style=\"text-align: center;\"><strong><em>A ci\u00eancia do movimento<\/em><\/strong><\/h1><p>Pesquisador de p\u00f3s-doutorado em neuroci\u00eancia e comportamento motor no envelhecimento saud\u00e1vel e patol\u00f3gico, onde busca entender mecanismos neurais envolvidos no controle de movimento.<\/p><p>O Dr. Paulo Cezar Rocha dos Santos est\u00e1 no Instituto Weizmann de Ci\u00eancias (WIS) desde junho de 2021 e estima ficar at\u00e9 dezembro de 2024. \u201cEscolhi o WIS muito por influ\u00eancia de minha esposa\u201d - reconhece. Ana Clara participou anos atr\u00e1s como bolsista da Escola de ver\u00e3o e quando Paulo Cezar estava no final do doutorado o incentivou a aplicar a uma bolsa. \u201cEntrei em contato com a professora Tamar Flash que achou a minha ideia interessante e me ofertou um contrato mesmo sem eu ter conseguido a bolsa.\u201d<\/p><p>Posteriormente, o Paulo Cezar foi contemplado com uma bolsa integral como parte do programa Weizmann-IDOR Pioneer Science Fellowship e teve o contrato dele estendido por mais dois anos.<\/p><p>O pesquisador brasileiro busca contribuir para o entendimento de como a doen\u00e7a de Parkinson afeta a capacidade do c\u00e9rebro em controlar os m\u00fasculos e, consequentemente, os movimentos. O foco da pesquisa \u00e9 o andar.<\/p><p>O projeto prop\u00f5e, em um segundo momento, desenvolver estrat\u00e9gias de terapias por meio de exerc\u00edcio f\u00edsico em realidade virtual para pacientes com doen\u00e7a de Parkinson. O caminho \u00e9 a melhora da atividade cortical e coordena\u00e7\u00e3o muscular pela comunica\u00e7\u00e3o enc\u00e9falo-m\u00fasculo durante o andar.<\/p><p>\u201cO melhor de estar no Instituto Weizmann de Ci\u00eancia \u00e9 estar no ambiente prop\u00edcio para apreender, desenvolver, e discutir ci\u00eancia de qualidade e, consequentemente, para crescimento pessoal e profissional.\u201d<\/p><\/div><\/div><\/div><\/div><\/div><div class=\"vce-col vce-col--md-20p vce-col--xs-1 vce-col--xs-last vce-col--xs-first vce-col--sm-last vce-col--sm-first vce-col--md-last vce-col--lg-last vce-col--xl-last\" id=\"el-4da02c9c\"><div class=\"vce-col-inner\" data-vce-do-apply=\"border margin background  el-4da02c9c\"><div class=\"vce-col-content\" data-vce-element-content=\"true\" data-vce-do-apply=\"padding el-4da02c9c\"><div><\/div><\/div><\/div><\/div><\/div><\/div><\/div><div class=\"vce-row-container\" data-vce-boxed-width=\"true\"><div class=\"vce-row vce-row--col-gap-30 vce-row-equal-height vce-row-content--top\" id=\"el-fad65856\" data-vce-do-apply=\"all el-fad65856\"><div class=\"vce-row-content\" data-vce-element-content=\"true\"><div class=\"vce-col vce-col--md-17p vce-col--xs-1 vce-col--xs-last vce-col--xs-first vce-col--sm-last vce-col--sm-first vce-col--md-first vce-col--lg-first vce-col--xl-first\" id=\"el-d96de199\"><div class=\"vce-col-inner\" data-vce-do-apply=\"border margin background  el-d96de199\"><div class=\"vce-col-content\" data-vce-element-content=\"true\" data-vce-do-apply=\"padding el-d96de199\"><div><\/div><\/div><\/div><\/div><div class=\"vce-col vce-col--md-66p vce-col--xs-1 vce-col--xs-last vce-col--xs-first vce-col--sm-last vce-col--sm-first\" id=\"el-021a1042\"><div class=\"vce-col-inner\" data-vce-do-apply=\"border margin background  el-021a1042\"><div class=\"vce-col-content\" data-vce-element-content=\"true\" data-vce-do-apply=\"padding el-021a1042\"><div class=\"vce-text-block\"><div class=\"vce-text-block-wrapper vce\" id=\"el-a0e41c02\" data-vce-do-apply=\"all el-a0e41c02\"><p><a href=\"https:\/\/amigosdoweizmann.org.br\/stage\/wp-content\/uploads\/2023\/03\/males-group_318-60783.jpeg\"><img loading=\"lazy\" class=\"wp-image-9822 alignleft\" src=\"https:\/\/amigosdoweizmann.org.br\/stage\/wp-content\/uploads\/2023\/03\/males-group_318-60783.jpeg\" alt=\"\" width=\"107\" height=\"107\" srcset=\"https:\/\/amigosdoweizmann.org.br\/stage\/wp-content\/uploads\/2023\/03\/males-group_318-60783.jpeg 338w, https:\/\/amigosdoweizmann.org.br\/stage\/wp-content\/uploads\/2023\/03\/males-group_318-60783-300x300.jpeg 300w, https:\/\/amigosdoweizmann.org.br\/stage\/wp-content\/uploads\/2023\/03\/males-group_318-60783-1024x1024.jpeg 1024w, https:\/\/amigosdoweizmann.org.br\/stage\/wp-content\/uploads\/2023\/03\/males-group_318-60783-150x150.jpeg 150w, https:\/\/amigosdoweizmann.org.br\/stage\/wp-content\/uploads\/2023\/03\/males-group_318-60783-768x768.jpeg 768w, https:\/\/amigosdoweizmann.org.br\/stage\/wp-content\/uploads\/2023\/03\/males-group_318-60783-1536x1536.jpeg 1536w, https:\/\/amigosdoweizmann.org.br\/stage\/wp-content\/uploads\/2023\/03\/males-group_318-60783-2048x2048.jpeg 2048w, https:\/\/amigosdoweizmann.org.br\/stage\/wp-content\/uploads\/2023\/03\/males-group_318-60783-100x100.jpeg 100w, https:\/\/amigosdoweizmann.org.br\/stage\/wp-content\/uploads\/2023\/03\/males-group_318-60783-320x320.jpeg 320w, https:\/\/amigosdoweizmann.org.br\/stage\/wp-content\/uploads\/2023\/03\/males-group_318-60783-480x480.jpeg 480w, https:\/\/amigosdoweizmann.org.br\/stage\/wp-content\/uploads\/2023\/03\/males-group_318-60783-800x800.jpeg 800w, https:\/\/amigosdoweizmann.org.br\/stage\/wp-content\/uploads\/2023\/03\/males-group_318-60783-999x999.jpeg 999w\" sizes=\"(max-width: 107px) 100vw, 107px\" \/><\/a>Os colegas do Paulo Cezar s\u00e3o principalmente os estudantes brasileiros do<br>Instituto Weizmann de Ci\u00eancia e outros da Universidade Hebraica de Jerusal\u00e9m, um grupo de aproximadamente 15 pessoas que se encontram diariamente, seja para um almo\u00e7o ou para<br>um caf\u00e9.<\/p><\/div><\/div><div class=\"vce-text-block\"><div class=\"vce-text-block-wrapper vce\" id=\"el-70c414e4\" data-vce-do-apply=\"all el-70c414e4\"><p><a href=\"https:\/\/amigosdoweizmann.org.br\/stage\/wp-content\/uploads\/2023\/03\/graduation-hat-solid-black_318-374.jpeg\"><img loading=\"lazy\" class=\" wp-image-9821 alignleft\" src=\"https:\/\/amigosdoweizmann.org.br\/stage\/wp-content\/uploads\/2023\/03\/graduation-hat-solid-black_318-374.jpeg\" alt=\"\" width=\"101\" height=\"62\" srcset=\"https:\/\/amigosdoweizmann.org.br\/stage\/wp-content\/uploads\/2023\/03\/graduation-hat-solid-black_318-374.jpeg 338w, https:\/\/amigosdoweizmann.org.br\/stage\/wp-content\/uploads\/2023\/03\/graduation-hat-solid-black_318-374-768x472.jpeg 768w, https:\/\/amigosdoweizmann.org.br\/stage\/wp-content\/uploads\/2023\/03\/graduation-hat-solid-black_318-374-320x196.jpeg 320w, https:\/\/amigosdoweizmann.org.br\/stage\/wp-content\/uploads\/2023\/03\/graduation-hat-solid-black_318-374-480x295.jpeg 480w, https:\/\/amigosdoweizmann.org.br\/stage\/wp-content\/uploads\/2023\/03\/graduation-hat-solid-black_318-374-800x492.jpeg 800w\" sizes=\"(max-width: 101px) 100vw, 101px\" \/><\/a>Bacharel em Educa\u00e7\u00e3o F\u00edsica (Universidade Estadual Paulista \u2013 UNESP \/ Rio Claro), mestre em ci\u00eancia do Movimento (UNESP \/ Rio Claro), doutorado em Ci\u00eancia do Movimento com foco em comportamento motor e neuroci\u00eancia com dupla titula\u00e7\u00e3o (UNESP e Universidade de Groningen, Groningen, Pa\u00edses Baixos).<\/p><\/div><\/div><div class=\"vce-text-block\"><div class=\"vce-text-block-wrapper vce\" id=\"el-201a39cd\" data-vce-do-apply=\"all el-201a39cd\"><p><img loading=\"lazy\" class=\"wp-image-9820 alignleft\" src=\"https:\/\/amigosdoweizmann.org.br\/stage\/wp-content\/uploads\/2023\/03\/brain-2_318-23401.jpeg\" alt=\"\" width=\"102\" height=\"102\" srcset=\"https:\/\/amigosdoweizmann.org.br\/stage\/wp-content\/uploads\/2023\/03\/brain-2_318-23401.jpeg 338w, https:\/\/amigosdoweizmann.org.br\/stage\/wp-content\/uploads\/2023\/03\/brain-2_318-23401-300x300.jpeg 300w, https:\/\/amigosdoweizmann.org.br\/stage\/wp-content\/uploads\/2023\/03\/brain-2_318-23401-1024x1024.jpeg 1024w, https:\/\/amigosdoweizmann.org.br\/stage\/wp-content\/uploads\/2023\/03\/brain-2_318-23401-150x150.jpeg 150w, https:\/\/amigosdoweizmann.org.br\/stage\/wp-content\/uploads\/2023\/03\/brain-2_318-23401-768x768.jpeg 768w, https:\/\/amigosdoweizmann.org.br\/stage\/wp-content\/uploads\/2023\/03\/brain-2_318-23401-1536x1536.jpeg 1536w, https:\/\/amigosdoweizmann.org.br\/stage\/wp-content\/uploads\/2023\/03\/brain-2_318-23401-2048x2048.jpeg 2048w, https:\/\/amigosdoweizmann.org.br\/stage\/wp-content\/uploads\/2023\/03\/brain-2_318-23401-100x100.jpeg 100w, https:\/\/amigosdoweizmann.org.br\/stage\/wp-content\/uploads\/2023\/03\/brain-2_318-23401-320x320.jpeg 320w, https:\/\/amigosdoweizmann.org.br\/stage\/wp-content\/uploads\/2023\/03\/brain-2_318-23401-480x480.jpeg 480w, https:\/\/amigosdoweizmann.org.br\/stage\/wp-content\/uploads\/2023\/03\/brain-2_318-23401-800x800.jpeg 800w, https:\/\/amigosdoweizmann.org.br\/stage\/wp-content\/uploads\/2023\/03\/brain-2_318-23401-999x999.jpeg 999w\" sizes=\"(max-width: 102px) 100vw, 102px\" \/>Hoje desenvolve um projeto de pesquisa em Neuroci\u00eancia, no laborat\u00f3rio de<br>\u201cControle motor em humanos e sistemas rob\u00f3ticos\u201d do Departamento de Ci\u00eancia da<br>Computa\u00e7\u00e3o e Matem\u00e1tica Aplicada do Instituto Weizmann de Ci\u00eancias sob a dire\u00e7\u00e3o de<br>Profa. Tamar Flash, em parceria com o Centro de Tecnologias Avan\u00e7adas em Reabilita\u00e7\u00e3o do<br>\u201cSheba Medical Center\u201d.<\/p><\/div><\/div><\/div><\/div><\/div><div class=\"vce-col vce-col--md-17p vce-col--xs-1 vce-col--xs-last vce-col--xs-first vce-col--sm-last vce-col--sm-first vce-col--md-last vce-col--lg-last vce-col--xl-last\" id=\"el-23262c39\"><div class=\"vce-col-inner\" data-vce-do-apply=\"border margin background  el-23262c39\"><div class=\"vce-col-content\" data-vce-element-content=\"true\" data-vce-do-apply=\"padding el-23262c39\"><div><\/div><\/div><\/div><\/div><\/div><\/div><\/div><div class=\"vce-row-container\" data-vce-boxed-width=\"true\"><div class=\"vce-row vce-row--col-gap-30 vce-row-equal-height vce-row-content--top\" id=\"el-99c13ed1\" data-vce-do-apply=\"all el-99c13ed1\"><div class=\"vce-row-content\" data-vce-element-content=\"true\"><div class=\"vce-col vce-col--md-auto vce-col--xs-1 vce-col--xs-last vce-col--xs-first vce-col--sm-last vce-col--sm-first vce-col--md-last vce-col--lg-last vce-col--xl-last vce-col--md-first vce-col--lg-first vce-col--xl-first\" id=\"el-a4217ad0\"><div class=\"vce-col-inner\" data-vce-do-apply=\"border margin background  el-a4217ad0\"><div class=\"vce-col-content\" data-vce-element-content=\"true\" data-vce-do-apply=\"padding el-a4217ad0\"><div><\/div><\/div><\/div><\/div><\/div><\/div><\/div>","protected":false},"excerpt":{"rendered":"<p>Paulo Cezar Rocha dos SantosA ci\u00eancia do movimentoPesquisador de p\u00f3s-doutorado em neuroci\u00eancia e comportamento motor no envelhecimento saud\u00e1vel e patol\u00f3gico, onde busca entender mecanismos neurais envolvidos no controle de movimento.O Dr. Paulo Cezar Rocha dos Santos est\u00e1 no Instituto Weizmann de Ci\u00eancias (WIS) desde junho de 2021 e estima ficar at\u00e9 dezembro de 2024. \u201cEscolhi o WIS muito por influ\u00eancia de minha esposa\u201d &#8211; reconhece. Ana Clara participou anos atr\u00e1s como bolsista da Escola de ver\u00e3o e quando Paulo Cezar estava no final do doutorado o incentivou a aplicar a uma bolsa. \u201cEntrei em contato com a professora Tamar Flash que achou a minha ideia interessante e me ofertou um contrato mesmo sem eu ter conseguido a bolsa.\u201dPosteriormente, o Paulo Cezar foi contemplado com uma bolsa integral como parte do programa Weizmann-IDOR Pioneer Science Fellowship e teve o contrato dele estendido por mais dois anos.O pesquisador brasileiro busca contribuir para o entendimento de como a doen\u00e7a de Parkinson afeta a capacidade do c\u00e9rebro em controlar os m\u00fasculos e, consequentemente, os movimentos. O foco da pesquisa \u00e9 o andar.O projeto prop\u00f5e, em um segundo momento, desenvolver estrat\u00e9gias de terapias por meio de exerc\u00edcio f\u00edsico em realidade virtual para pacientes com doen\u00e7a de Parkinson. O caminho \u00e9 a melhora da atividade cortical e coordena\u00e7\u00e3o muscular pela comunica\u00e7\u00e3o enc\u00e9falo-m\u00fasculo durante o andar.\u201cO melhor de estar no Instituto Weizmann de Ci\u00eancia \u00e9 estar no ambiente prop\u00edcio para apreender, desenvolver, e discutir ci\u00eancia de qualidade e, consequentemente, para crescimento pessoal e profissional.\u201dOs colegas do Paulo Cezar s\u00e3o principalmente os estudantes brasileiros doInstituto Weizmann de Ci\u00eancia e outros da Universidade Hebraica de Jerusal\u00e9m, um grupo de aproximadamente 15 pessoas que se encontram diariamente, seja para um almo\u00e7o ou paraum caf\u00e9.Bacharel em Educa\u00e7\u00e3o F\u00edsica (Universidade Estadual Paulista \u2013 UNESP \/ Rio Claro), mestre em ci\u00eancia do Movimento (UNESP \/ Rio Claro), doutorado em Ci\u00eancia do Movimento com foco em comportamento motor e neuroci\u00eancia com dupla titula\u00e7\u00e3o (UNESP e Universidade de Groningen, Groningen, Pa\u00edses Baixos).Hoje desenvolve um projeto de pesquisa em Neuroci\u00eancia, no laborat\u00f3rio de\u201cControle motor em humanos e sistemas rob\u00f3ticos\u201d do Departamento de Ci\u00eancia daComputa\u00e7\u00e3o e Matem\u00e1tica [&hellip;]<\/p>\n","protected":false},"author":2,"featured_media":0,"parent":0,"menu_order":0,"comment_status":"closed","ping_status":"closed","template":"","meta":{"_monsterinsights_skip_tracking":false,"_monsterinsights_sitenote_active":false,"_monsterinsights_sitenote_note":"","_monsterinsights_sitenote_category":0},"aioseo_notices":[],"_links":{"self":[{"href":"https:\/\/amigosdoweizmann.org.br\/stage\/wp-json\/wp\/v2\/pages\/9819"}],"collection":[{"href":"https:\/\/amigosdoweizmann.org.br\/stage\/wp-json\/wp\/v2\/pages"}],"about":[{"href":"https:\/\/amigosdoweizmann.org.br\/stage\/wp-json\/wp\/v2\/types\/page"}],"author":[{"embeddable":true,"href":"https:\/\/amigosdoweizmann.org.br\/stage\/wp-json\/wp\/v2\/users\/2"}],"replies":[{"embeddable":true,"href":"https:\/\/amigosdoweizmann.org.br\/stage\/wp-json\/wp\/v2\/comments?post=9819"}],"version-history":[{"count":8,"href":"https:\/\/amigosdoweizmann.org.br\/stage\/wp-json\/wp\/v2\/pages\/9819\/revisions"}],"predecessor-version":[{"id":9831,"href":"https:\/\/amigosdoweizmann.org.br\/stage\/wp-json\/wp\/v2\/pages\/9819\/revisions\/9831"}],"wp:attachment":[{"href":"https:\/\/amigosdoweizmann.org.br\/stage\/wp-json\/wp\/v2\/media?parent=9819"}],"curies":[{"name":"wp","href":"https:\/\/api.w.org\/{rel}","templated":true}]}}