{"id":9904,"date":"2023-04-27T23:19:55","date_gmt":"2023-04-27T23:19:55","guid":{"rendered":"http:\/\/amigosdoweizmann.org.br\/stage\/?page_id=9904"},"modified":"2023-04-28T01:13:20","modified_gmt":"2023-04-28T01:13:20","slug":"conheca-os-fellows","status":"publish","type":"page","link":"https:\/\/amigosdoweizmann.org.br\/stage\/conheca-os-fellows\/","title":{"rendered":"Conhe\u00e7a os Fellows"},"content":{"rendered":"<div class=\"vce-row-container\" data-vce-boxed-width=\"true\"><div class=\"vce-row vce-row--col-gap-30 vce-row-equal-height vce-row-content--top\" id=\"el-132af75e\" data-vce-do-apply=\"all el-132af75e\"><div class=\"vce-row-content\" data-vce-element-content=\"true\"><div class=\"vce-col vce-col--md-18p vce-col--xs-1 vce-col--xs-last vce-col--xs-first vce-col--sm-last vce-col--sm-first vce-col--md-first vce-col--lg-first vce-col--xl-first\" id=\"el-dee9ac5e\"><div class=\"vce-col-inner\" data-vce-do-apply=\"border margin background  el-dee9ac5e\"><div class=\"vce-col-content\" data-vce-element-content=\"true\" data-vce-do-apply=\"padding el-dee9ac5e\"><div><\/div><\/div><\/div><\/div><div class=\"vce-col vce-col--md-64p vce-col--xs-1 vce-col--xs-last vce-col--xs-first vce-col--sm-last vce-col--sm-first\" id=\"el-1c5f53fc\"><div class=\"vce-col-inner\" data-vce-do-apply=\"border margin background  el-1c5f53fc\"><div class=\"vce-col-content\" data-vce-element-content=\"true\" data-vce-do-apply=\"padding el-1c5f53fc\"><div class=\"vce-text-block\"><div class=\"vce-text-block-wrapper vce\" id=\"el-4528fef9\" data-vce-do-apply=\"all el-4528fef9\"><p style=\"font-weight: 400;\">O&nbsp;<strong>Weizmann-IDOR Pioneer Science Fellowship Program,&nbsp;<\/strong>realizado no Instituto Weizmann de Ci\u00eancias (WIS) com o apoio da Iniciativa Ci\u00eancia Pioneira e o Instituto D\u2019Or de Pesquisa e Ensino (IDOR) \u2013 institui\u00e7\u00e3o sem fins lucrativos de ci\u00eancias, educa\u00e7\u00e3o e inova\u00e7\u00e3o na \u00e1rea da sa\u00fade \u2013 visa apoiar o ingresso de talentos brasileiros no programa de p\u00f3s-doutorado do Instituto Weizmann de Ci\u00eancias.<\/p><p style=\"font-weight: 400;\">O desenvolvimento de habilidades cient\u00edficas, t\u00e9cnicas e complementares promovido por esta bolsa de estudos e pesquisa alavancar\u00e1 o potencial de futuros pesquisadores independentes e de suas perspectivas de carreira. O excelente programa de mentoria e o ambiente multidisciplinar do Instituto Weizmann s\u00e3o componentes-chave do Programa, al\u00e9m do enfoque em motivar os candidatos a retornar ao Brasil no final de seus estudos e continuar a desenvolver aqui suas pesquisas.<\/p><p style=\"font-weight: 400;\">A cada ano 3 bolsas integrais para o programa de p\u00f3s-doutorado ser\u00e3o concedidas.<\/p><p style=\"font-weight: 400;\">Conhe\u00e7a os&nbsp;<em>fellows&nbsp;<\/em>de 2022:<\/p><\/div><\/div><div class=\"vce-text-block\"><div class=\"vce-text-block-wrapper vce\" id=\"el-5bb7ea07\" data-vce-do-apply=\"all el-5bb7ea07\"><p style=\"font-weight: 400;\"><strong><a href=\"https:\/\/amigosdoweizmann.org.br\/stage\/wp-content\/uploads\/2023\/04\/Felipe-Patak-Lemos-fellow.jpeg\"><img loading=\"lazy\" decoding=\"async\" class=\"wp-image-9909 alignleft\" src=\"https:\/\/amigosdoweizmann.org.br\/stage\/wp-content\/uploads\/2023\/04\/Felipe-Patak-Lemos-fellow.jpeg\" alt=\"\" width=\"300\" height=\"295\" srcset=\"https:\/\/amigosdoweizmann.org.br\/stage\/wp-content\/uploads\/2023\/04\/Felipe-Patak-Lemos-fellow.jpeg 753w, https:\/\/amigosdoweizmann.org.br\/stage\/wp-content\/uploads\/2023\/04\/Felipe-Patak-Lemos-fellow-768x753.jpeg 768w, https:\/\/amigosdoweizmann.org.br\/stage\/wp-content\/uploads\/2023\/04\/Felipe-Patak-Lemos-fellow-320x314.jpeg 320w, https:\/\/amigosdoweizmann.org.br\/stage\/wp-content\/uploads\/2023\/04\/Felipe-Patak-Lemos-fellow-480x471.jpeg 480w, https:\/\/amigosdoweizmann.org.br\/stage\/wp-content\/uploads\/2023\/04\/Felipe-Patak-Lemos-fellow-800x785.jpeg 800w\" sizes=\"auto, (max-width: 300px) 100vw, 300px\" \/><\/a>Felipe Ptak Lemos<br><\/strong>Rio de Janeiro, Rio de Janeiro.&nbsp;<\/p><p style=\"font-weight: 400;\">In\u00edcio no Instituto Weizmann de Ci\u00eancias em outubro de 2022.<\/p><p style=\"font-weight: 400;\">Fez gradua\u00e7\u00e3o, p\u00f3s gradua\u00e7\u00e3o, mestrado e doutorado em F\u00edsica na&nbsp;<strong>PUC-Rio<\/strong><\/p><p style=\"font-weight: 400;\"><strong>Local de pesquisa<\/strong><\/p><p style=\"font-weight: 400;\">Laborat\u00f3rio do Prof. Prof. Jacob Klein, no Departamento de Materiais e Interfaces<\/p><p style=\"font-weight: 400;\">A equipe pesquisa sobre a osteoartrite (OA) \u2013 uma doen\u00e7a que afeta milh\u00f5es de pessoas pelo mundo, levando \u00e0 dificuldade de mobilidade e dor nas juntas. OA est\u00e1 associado ao atrito e desgaste do tecido cartilaginoso nas juntas do corpo. Sendo assim, a lubrifica\u00e7\u00e3o desses sistema se faz importante tanto para al\u00edvio dos sintomas como para o tratamento da doen\u00e7a. Sua equipe procura desenvolver e caracterizar mol\u00e9culas funcionais para serem usadas no tratamento da OA. Para tanto, buscam entender em n\u00edvel microsc\u00f3pico como essas mol\u00e9culas interagem entre si, e tamb\u00e9m com componentes presentes no tecido cartilaginoso nas juntas.&nbsp;<\/p><\/div><\/div><div class=\"vce-text-block\"><div class=\"vce-text-block-wrapper vce\" id=\"el-6bcc553c\" data-vce-do-apply=\"all el-6bcc553c\"><p style=\"font-weight: 400;\"><strong><a href=\"https:\/\/amigosdoweizmann.org.br\/stage\/wp-content\/uploads\/2023\/04\/Paulo-Cezar-Fellow.jpeg\"><img loading=\"lazy\" decoding=\"async\" class=\"wp-image-9910 alignleft\" src=\"https:\/\/amigosdoweizmann.org.br\/stage\/wp-content\/uploads\/2023\/04\/Paulo-Cezar-Fellow.jpeg\" alt=\"\" width=\"300\" height=\"450\" srcset=\"https:\/\/amigosdoweizmann.org.br\/stage\/wp-content\/uploads\/2023\/04\/Paulo-Cezar-Fellow.jpeg 799w, https:\/\/amigosdoweizmann.org.br\/stage\/wp-content\/uploads\/2023\/04\/Paulo-Cezar-Fellow-768x1153.jpeg 768w, https:\/\/amigosdoweizmann.org.br\/stage\/wp-content\/uploads\/2023\/04\/Paulo-Cezar-Fellow-320x480.jpeg 320w, https:\/\/amigosdoweizmann.org.br\/stage\/wp-content\/uploads\/2023\/04\/Paulo-Cezar-Fellow-480x720.jpeg 480w, https:\/\/amigosdoweizmann.org.br\/stage\/wp-content\/uploads\/2023\/04\/Paulo-Cezar-Fellow-800x1201.jpeg 800w\" sizes=\"auto, (max-width: 300px) 100vw, 300px\" \/><\/a>Paulo Cezar Rocha Dos Santos<br><\/strong>Osasco, S\u00e3o Paulo.&nbsp;<\/p><p style=\"font-weight: 400;\">In\u00edcio no Instituto Weizmann de Ci\u00eancias em janeiro de 2023<\/p><p style=\"font-weight: 400;\">Tem doutorado duplo em \"<strong><em>Human Movement Science<\/em><\/strong>\" pela \"<strong><em>University Medical Center Groningen\/ University of Groningen<\/em><\/strong>\" e na Universidade Estadual Paulista&nbsp;<strong>(UNESP)<\/strong>. Mestre em Ci\u00eancias da Motricidade e graduado em Bacharelado em Educa\u00e7\u00e3o F\u00edsica pela&nbsp;<strong>UNESP<\/strong>.<\/p><p style=\"font-weight: 400;\"><strong>Local de pesquisa<\/strong><\/p><p style=\"font-weight: 400;\">Laborat\u00f3rio de \u201cControle motor em humanos e sistemas rob\u00f3ticos\u201d do Departamento de Ci\u00eancia da Computa\u00e7\u00e3o e Matem\u00e1tica Aplicada sob a dire\u00e7\u00e3o de Profa. Tamar Flash, em parceria com o Centro de Tecnologias Avan\u00e7adas em Reabilita\u00e7\u00e3o do \u201c<em>Sheba Medical Center<\/em>\u201d.<\/p><p style=\"font-weight: 400;\">Pesquisador de p\u00f3s-doutorado em neuroci\u00eancia e comportamento motor no envelhecimento saud\u00e1vel e patol\u00f3gico, busca entender mecanismos neurais envolvidos no controle de movimento.<\/p><p style=\"font-weight: 400;\">O foco da pesquisa \u00e9 o andar, e busca contribuir para o entendimento de como a doen\u00e7a de Parkinson afeta a capacidade do c\u00e9rebro em controlar os movimentos e, em&nbsp;um segundo momento, desenvolver estrat\u00e9gias de terapias por meio de exerc\u00edcio f\u00edsico em realidade virtual.<\/p><\/div><\/div><div class=\"vce-text-block\"><div class=\"vce-text-block-wrapper vce\" id=\"el-a8fb4c1c\" data-vce-do-apply=\"all el-a8fb4c1c\"><p style=\"font-weight: 400;\"><strong><a href=\"https:\/\/amigosdoweizmann.org.br\/stage\/wp-content\/uploads\/2023\/04\/Eliana-fellow-rotated.jpeg\"><img loading=\"lazy\" decoding=\"async\" class=\"wp-image-9908 alignleft\" src=\"https:\/\/amigosdoweizmann.org.br\/stage\/wp-content\/uploads\/2023\/04\/Eliana-fellow-rotated.jpeg\" alt=\"\" width=\"300\" height=\"400\" srcset=\"https:\/\/amigosdoweizmann.org.br\/stage\/wp-content\/uploads\/2023\/04\/Eliana-fellow-rotated.jpeg 1728w, https:\/\/amigosdoweizmann.org.br\/stage\/wp-content\/uploads\/2023\/04\/Eliana-fellow-768x1024.jpeg 768w, https:\/\/amigosdoweizmann.org.br\/stage\/wp-content\/uploads\/2023\/04\/Eliana-fellow-320x426.jpeg 320w, https:\/\/amigosdoweizmann.org.br\/stage\/wp-content\/uploads\/2023\/04\/Eliana-fellow-480x640.jpeg 480w, https:\/\/amigosdoweizmann.org.br\/stage\/wp-content\/uploads\/2023\/04\/Eliana-fellow-800x1066.jpeg 800w\" sizes=\"auto, (max-width: 300px) 100vw, 300px\" \/><\/a>Eliana Ferreira Monteiro&nbsp;<br><\/strong>S\u00e3o Paulo, S\u00e3o Paulo.&nbsp;<\/p><p style=\"font-weight: 400;\">In\u00edcio no Instituto Weizmann de Ci\u00eancias em maio 2023<\/p><p style=\"font-weight: 400;\">Pesquisa em ci\u00eancias m\u00e9dicas na \u00e1rea de doen\u00e7as transmitidas por vetores, com especial \u00eanfase na mal\u00e1ria. Ao final da gradua\u00e7\u00e3o em Biologia, iniciou um curso de especializa\u00e7\u00e3o no Centro de Estudos de Mal\u00e1ria da extinta Superintend\u00eancia de Controle de Endemias&nbsp;<strong>(SUCEN<\/strong>) localizado no Instituto de Medicina Tropical da Universidade de S\u00e3o Paulo&nbsp;<strong>(IMT-USP)<\/strong>&nbsp;sob a orienta\u00e7\u00e3o da Dra. Karin Kirchgatter.<\/p><p style=\"font-weight: 400;\"><strong>Local de pesquisa<\/strong><\/p><p style=\"font-weight: 400;\">Laborat\u00f3rio da Profa. Neta Regev-Rudzki do departamento de Ci\u00eancias Biomoleculares.<\/p><p style=\"font-weight: 400;\">O grupo da Profa. Neta obteve a primeira evide\u0302ncia de que a quimiocina conhecida como CXCL10, que e\u0301 secretada por c\u00e9lulas de defesa do sistema imune do hospedeiro, promove significativamente o crescimento da popula\u00e7\u00e3o de parasitas da mal\u00e1ria e potencialmente pode desencadear o desenvolvimento de formas sexuadas do parasita (gametas), as quais infecta f\u00eameas de mosquitos do ge\u0302nero&nbsp;<em>Anopheles&nbsp;<\/em>durante a picada, e assim consegue escapar do sistema imune do hospedeiro. Agora, temos o objetivo de elucidar a intera\u00e7\u00e3o mediada por essa quimiocina CXCL10 entre o parasita&nbsp;<em>Plasmodium falciparum&nbsp;<\/em>e o hospedeiro humano.&nbsp;<\/p><\/div><\/div><\/div><\/div><\/div><div class=\"vce-col vce-col--md-18p vce-col--xs-1 vce-col--xs-last vce-col--xs-first vce-col--sm-last vce-col--sm-first vce-col--md-last vce-col--lg-last vce-col--xl-last\" id=\"el-a49ba2fa\"><div class=\"vce-col-inner\" data-vce-do-apply=\"border margin background  el-a49ba2fa\"><div class=\"vce-col-content\" data-vce-element-content=\"true\" data-vce-do-apply=\"padding el-a49ba2fa\"><div><\/div><\/div><\/div><\/div><\/div><\/div><\/div>","protected":false},"excerpt":{"rendered":"<p>O&nbsp;Weizmann-IDOR Pioneer Science Fellowship Program,&nbsp;realizado no Instituto Weizmann de Ci\u00eancias (WIS) com o apoio da Iniciativa Ci\u00eancia Pioneira e o Instituto D\u2019Or de Pesquisa e Ensino (IDOR) \u2013 institui\u00e7\u00e3o sem fins lucrativos de ci\u00eancias, educa\u00e7\u00e3o e inova\u00e7\u00e3o na \u00e1rea da sa\u00fade \u2013 visa apoiar o ingresso de talentos brasileiros no programa de p\u00f3s-doutorado do Instituto Weizmann de Ci\u00eancias.O desenvolvimento de habilidades cient\u00edficas, t\u00e9cnicas e complementares promovido por esta bolsa de estudos e pesquisa alavancar\u00e1 o potencial de futuros pesquisadores independentes e de suas perspectivas de carreira. O excelente programa de mentoria e o ambiente multidisciplinar do Instituto Weizmann s\u00e3o componentes-chave do Programa, al\u00e9m do enfoque em motivar os candidatos a retornar ao Brasil no final de seus estudos e continuar a desenvolver aqui suas pesquisas.A cada ano 3 bolsas integrais para o programa de p\u00f3s-doutorado ser\u00e3o concedidas.Conhe\u00e7a os&nbsp;fellows&nbsp;de 2022:Felipe Ptak LemosRio de Janeiro, Rio de Janeiro.&nbsp;In\u00edcio no Instituto Weizmann de Ci\u00eancias em outubro de 2022.Fez gradua\u00e7\u00e3o, p\u00f3s gradua\u00e7\u00e3o, mestrado e doutorado em F\u00edsica na&nbsp;PUC-RioLocal de pesquisaLaborat\u00f3rio do Prof. Prof. Jacob Klein, no Departamento de Materiais e InterfacesA equipe pesquisa sobre a osteoartrite (OA) \u2013 uma doen\u00e7a que afeta milh\u00f5es de pessoas pelo mundo, levando \u00e0 dificuldade de mobilidade e dor nas juntas. OA est\u00e1 associado ao atrito e desgaste do tecido cartilaginoso nas juntas do corpo. Sendo assim, a lubrifica\u00e7\u00e3o desses sistema se faz importante tanto para al\u00edvio dos sintomas como para o tratamento da doen\u00e7a. Sua equipe procura desenvolver e caracterizar mol\u00e9culas funcionais para serem usadas no tratamento da OA. Para tanto, buscam entender em n\u00edvel microsc\u00f3pico como essas mol\u00e9culas interagem entre si, e tamb\u00e9m com componentes presentes no tecido cartilaginoso nas juntas.&nbsp;Paulo Cezar Rocha Dos SantosOsasco, S\u00e3o Paulo.&nbsp;In\u00edcio no Instituto Weizmann de Ci\u00eancias em janeiro de 2023Tem doutorado duplo em &#8220;Human Movement Science&#8221; pela &#8220;University Medical Center Groningen\/ University of Groningen&#8221; e na Universidade Estadual Paulista&nbsp;(UNESP). Mestre em Ci\u00eancias da Motricidade e graduado em Bacharelado em Educa\u00e7\u00e3o F\u00edsica pela&nbsp;UNESP.Local de pesquisaLaborat\u00f3rio de \u201cControle motor em humanos e sistemas rob\u00f3ticos\u201d do Departamento de Ci\u00eancia da Computa\u00e7\u00e3o e Matem\u00e1tica Aplicada sob a dire\u00e7\u00e3o de Profa. Tamar Flash, em parceria com [&hellip;]<\/p>\n","protected":false},"author":2,"featured_media":0,"parent":0,"menu_order":0,"comment_status":"closed","ping_status":"closed","template":"","meta":{"_monsterinsights_skip_tracking":false,"_monsterinsights_sitenote_active":false,"_monsterinsights_sitenote_note":"","_monsterinsights_sitenote_category":0,"footnotes":""},"class_list":["post-9904","page","type-page","status-publish","hentry"],"aioseo_notices":[],"_links":{"self":[{"href":"https:\/\/amigosdoweizmann.org.br\/stage\/wp-json\/wp\/v2\/pages\/9904","targetHints":{"allow":["GET"]}}],"collection":[{"href":"https:\/\/amigosdoweizmann.org.br\/stage\/wp-json\/wp\/v2\/pages"}],"about":[{"href":"https:\/\/amigosdoweizmann.org.br\/stage\/wp-json\/wp\/v2\/types\/page"}],"author":[{"embeddable":true,"href":"https:\/\/amigosdoweizmann.org.br\/stage\/wp-json\/wp\/v2\/users\/2"}],"replies":[{"embeddable":true,"href":"https:\/\/amigosdoweizmann.org.br\/stage\/wp-json\/wp\/v2\/comments?post=9904"}],"version-history":[{"count":7,"href":"https:\/\/amigosdoweizmann.org.br\/stage\/wp-json\/wp\/v2\/pages\/9904\/revisions"}],"predecessor-version":[{"id":9914,"href":"https:\/\/amigosdoweizmann.org.br\/stage\/wp-json\/wp\/v2\/pages\/9904\/revisions\/9914"}],"wp:attachment":[{"href":"https:\/\/amigosdoweizmann.org.br\/stage\/wp-json\/wp\/v2\/media?parent=9904"}],"curies":[{"name":"wp","href":"https:\/\/api.w.org\/{rel}","templated":true}]}}